 

{"id":6465,"date":"2021-03-22T12:28:13","date_gmt":"2021-03-22T11:28:13","guid":{"rendered":"https:\/\/www.carrerivegauche.com\/testboutique\/?post_type=product&#038;p=6465"},"modified":"2021-05-12T12:29:12","modified_gmt":"2021-05-12T10:29:12","slug":"cadran-solaire-octogonal-2","status":"publish","type":"product","link":"https:\/\/www.carrerivegauche.com\/fr\/boutique-crg\/cadran-solaire-octogonal-2\/","title":{"rendered":"Cadran solaire octogonal"},"content":{"rendered":"<p>Fabricant\u00a0: Johann Melchior Hager 1642\/1713, actif \u00e0 Francfort et de la m\u00eame famille que Wolfgang Hager actif \u00e0 Wolffenb\u00fcttel \u00e0 la m\u00eame p\u00e9riode dont un exemplaire est d\u00e9crit et illustr\u00e9 pp 174\/175 dans \u201cCadrans Solaires \u2013 Dominique &amp; Eric Delalande \u2013 Paris 2013&Prime;<br \/>\nR\u00e9f\u00e9rence\u00a0: \u201cUhren und Wissenschaftliche Instumente der Familie Hager \u2013 G\u00fcnther Oestmann -Stadtisches Museum Braunschweig\u201d.<\/p>\n<hr \/>\n<p><em>Manufacturer: Johann Melchior Hager 1642\/1713, active in Frankfurt and of the same family as Wolfgang Hager active in Wolffenb\u00fcttel at the same period, a copy of which is described and illustrated on pp 174\/175 in \u201cCadrans Solaires &#8211; Dominique &amp; Eric Delalande &#8211; Paris 2013 \u00ab\u00a0<\/em><br \/>\n<em>Reference: \u201cUhren und Wissenschaftliche Instumente der Familie Hager &#8211; G\u00fcnther Oestmann -Stadtisches Museum Braunschweig\u201d.<\/em><\/p>\n","protected":false},"excerpt":{"rendered":"<p><strong>Cadran solaire octogonal sign\u00e9 \u00ab\u00a0Hager Francfort\u00a0\u00bb<\/strong> en laiton dor\u00e9 avec cette particularit\u00e9 de la famille Hager d\u2018une girouette sur le gnomon.<br \/>\nDans son bo\u00eetier d\u2019origine en cuir caramel laqu\u00e9 \u00e0 beaux d\u00e9cors g\u00e9om\u00e9triques.<br \/>\nDimensions\u00a0(\u00e9crin) : longueur de 7 cm x largeur de 6 cm.<br \/>\n<strong>Francfort c. 1690.<\/strong><\/p>\n<h3><strong>Prix sur demande<\/strong><\/h3>\n<p><strong><em>Octagonal sundial signed \u00ab\u00a0Hager Frankfurt\u00a0\u00bb<\/em><\/strong><em> in gilded brass with this feature of the Hager family of a weather vane on the gnomon.<\/em><br \/>\n<em>In its original caramel lacquered leather case with beautiful geometric decorations.<\/em><br \/>\n<em>Dimensions (case): length of 7 cm x width of 6 cm.<\/em><br \/>\n<strong><em>Frankfurt v. 1690.<\/em><\/strong><\/p>\n","protected":false},"featured_media":4278,"template":"","meta":[],"product_brand":[],"product_cat":[241],"product_tag":[],"class_list":{"0":"post-6465","1":"product","2":"type-product","3":"status-publish","4":"has-post-thumbnail","6":"product_cat-delalande","7":"description-off","9":"first","10":"instock","11":"shipping-taxable","12":"product-type-simple"},"aioseo_notices":[],"_links":{"self":[{"href":"https:\/\/www.carrerivegauche.com\/fr\/wp-json\/wp\/v2\/product\/6465","targetHints":{"allow":["GET"]}}],"collection":[{"href":"https:\/\/www.carrerivegauche.com\/fr\/wp-json\/wp\/v2\/product"}],"about":[{"href":"https:\/\/www.carrerivegauche.com\/fr\/wp-json\/wp\/v2\/types\/product"}],"wp:featuredmedia":[{"embeddable":true,"href":"https:\/\/www.carrerivegauche.com\/fr\/wp-json\/wp\/v2\/media\/4278"}],"wp:attachment":[{"href":"https:\/\/www.carrerivegauche.com\/fr\/wp-json\/wp\/v2\/media?parent=6465"}],"wp:term":[{"taxonomy":"product_brand","embeddable":true,"href":"https:\/\/www.carrerivegauche.com\/fr\/wp-json\/wp\/v2\/product_brand?post=6465"},{"taxonomy":"product_cat","embeddable":true,"href":"https:\/\/www.carrerivegauche.com\/fr\/wp-json\/wp\/v2\/product_cat?post=6465"},{"taxonomy":"product_tag","embeddable":true,"href":"https:\/\/www.carrerivegauche.com\/fr\/wp-json\/wp\/v2\/product_tag?post=6465"}],"curies":[{"name":"wp","href":"https:\/\/api.w.org\/{rel}","templated":true}]}}