 

{"id":6459,"date":"2021-05-04T13:22:12","date_gmt":"2021-05-04T11:22:12","guid":{"rendered":"https:\/\/www.carrerivegauche.com\/testboutique\/?post_type=product&#038;p=6459"},"modified":"2021-05-12T11:58:44","modified_gmt":"2021-05-12T09:58:44","slug":"elegante-canne-en-ivoire-2","status":"publish","type":"product","link":"https:\/\/www.carrerivegauche.com\/fr\/boutique-crg\/elegante-canne-en-ivoire-2\/","title":{"rendered":"\u00c9l\u00e9gante canne en ivoire"},"content":{"rendered":"<p>Nota: Dans le Nouveau Testament, seul le texte de Jean (IV, 1-30) raconte l&rsquo;\u00e9pisode de la rencontre de J\u00e9sus et de la Samaritaine. Selon la tradition du christianisme orthodoxe, cette femme est nomm\u00e9e \u00abPhotine la Samaritaine \u00bb. Comme, se reposant pr\u00e8s d&rsquo;un puits, J\u00e9sus lui demande \u00e0 boire, la Samaritaine s&rsquo;\u00e9tonne qu&rsquo;il ose, lui, un Juif, lui demander de l&rsquo;eau : les Juifs m\u00e9prisaient les Samaritains et ne leur adressaient pas la parole. J\u00e9sus lui r\u00e9pond que l&rsquo;eau qu&rsquo;elle puise n&rsquo;\u00e9tanche pas la soif, mais que l&rsquo;eau vive qu&rsquo;il donne devient jaillissante et que quiconque en boit n&rsquo;aura plus jamais soif.<\/p>\n<hr \/>\n<p><em>Note: In the New Testament, only the text of John (IV, 1-30) recounts the episode of the meeting of Jesus and the Samaritan woman. According to the tradition of Orthodox Christianity, this woman is called \u00ab\u00a0Photine the Samaritan\u00a0\u00bb. As, resting near a well, Jesus asks her for a drink, the Samaritan woman is astonished that he dares, he, a Jew, to ask her for water: the Jews despised the Samaritans and did not speak to them. Jesus replies that the water that she draws does not quench thirst, but that the living water that he gives becomes gushing and that whoever drinks from it will never be thirsty again.<\/em><em><br \/>\n<\/em><\/p>\n","protected":false},"excerpt":{"rendered":"<p><strong>\u00c9l\u00e9gante canne avec un superbe long pommeau en ivoire de 13 cm repr\u00e9sentant le th\u00e8me de\u00a0la\u00a0Samaritaine.<\/strong><br \/>\nBague en argent, f\u00fbt en bois et f\u00e9rule en corne noire.<br \/>\nDimension: longueur de 95.5 cm.<br \/>\n<strong>Datable du XIX\u00e8me si\u00e8cle.<\/strong><\/p>\n<h3><strong>Prix sur demande<\/strong><\/h3>\n<p><strong><em>Elegant cane with a superb 13 cm long ivory handle representing the theme of the \u201dSamaritan woman\u201d.<\/em><\/strong><br \/>\n<em>Silver ring, wooden shaft and black horn ferrule.<\/em><br \/>\n<em>Dimension: length of 95.5 cm.<br \/>\n<strong>Datable from the 19th century.<\/strong><\/em><\/p>\n","protected":false},"featured_media":4346,"template":"","meta":[],"product_brand":[],"product_cat":[241],"product_tag":[],"class_list":{"0":"post-6459","1":"product","2":"type-product","3":"status-publish","4":"has-post-thumbnail","6":"product_cat-delalande","7":"description-off","9":"first","10":"instock","11":"shipping-taxable","12":"product-type-simple"},"aioseo_notices":[],"_links":{"self":[{"href":"https:\/\/www.carrerivegauche.com\/fr\/wp-json\/wp\/v2\/product\/6459","targetHints":{"allow":["GET"]}}],"collection":[{"href":"https:\/\/www.carrerivegauche.com\/fr\/wp-json\/wp\/v2\/product"}],"about":[{"href":"https:\/\/www.carrerivegauche.com\/fr\/wp-json\/wp\/v2\/types\/product"}],"wp:featuredmedia":[{"embeddable":true,"href":"https:\/\/www.carrerivegauche.com\/fr\/wp-json\/wp\/v2\/media\/4346"}],"wp:attachment":[{"href":"https:\/\/www.carrerivegauche.com\/fr\/wp-json\/wp\/v2\/media?parent=6459"}],"wp:term":[{"taxonomy":"product_brand","embeddable":true,"href":"https:\/\/www.carrerivegauche.com\/fr\/wp-json\/wp\/v2\/product_brand?post=6459"},{"taxonomy":"product_cat","embeddable":true,"href":"https:\/\/www.carrerivegauche.com\/fr\/wp-json\/wp\/v2\/product_cat?post=6459"},{"taxonomy":"product_tag","embeddable":true,"href":"https:\/\/www.carrerivegauche.com\/fr\/wp-json\/wp\/v2\/product_tag?post=6459"}],"curies":[{"name":"wp","href":"https:\/\/api.w.org\/{rel}","templated":true}]}}