 

{"id":6406,"date":"2021-05-05T19:00:34","date_gmt":"2021-05-05T17:00:34","guid":{"rendered":"https:\/\/www.carrerivegauche.com\/testboutique\/?post_type=product&#038;p=6406"},"modified":"2021-05-20T08:44:02","modified_gmt":"2021-05-20T06:44:02","slug":"cafetiere-egoiste-en-vermeil-2","status":"publish","type":"product","link":"https:\/\/www.carrerivegauche.com\/fr\/boutique-crg\/cafetiere-egoiste-en-vermeil-2\/","title":{"rendered":"Cafeti\u00e8re \u00e9go\u00efste en vermeil"},"content":{"rendered":"<p>&nbsp;<\/p>\n<p>&nbsp;<\/p>\n","protected":false},"excerpt":{"rendered":"<p><strong>Cafeti\u00e8re \u00e9go\u00efste en vermeil d\u2019\u00e9poque Empire. Le chiffre et la couronne grav\u00e9es sur la panse sont d\u2019origine \u00e9trang\u00e8res.<\/strong><br \/>\n<strong>Paris, 1798-1809<\/strong><br \/>\nAttribu\u00e9e \u00e0 Pierre Paraud<br \/>\nHauteur: 17 cm<br \/>\nPoids: 335, 20 grammes<\/p>\n<h3><strong>2 000 \u20ac \/ 3 000 \u20ac<\/strong><\/h3>\n<p><strong><em>A french Empire silver gilt \u00ab egoiste \u00bb coffee pot.<\/em><\/strong><br \/>\n<strong><em>Paris, 1798-1809.<\/em><\/strong><br \/>\n<em>Attributed to Pierre Paraud<\/em><br \/>\n<em>(c.1775-Paris, 1811-1812)<\/em><br \/>\n<em>height: 17 cm<\/em><br \/>\n<em>Weight: 335, 20 g<\/em><\/p>\n<p><span style=\"font-family: Calibri;\">\u00a9courtesy Marie Biancarelli<\/span><\/p>\n","protected":false},"featured_media":5425,"template":"","meta":[],"product_brand":[],"product_cat":[235],"product_tag":[],"class_list":{"0":"post-6406","1":"product","2":"type-product","3":"status-publish","4":"has-post-thumbnail","6":"product_cat-biancarelli","7":"description-off","9":"first","10":"instock","11":"shipping-taxable","12":"product-type-simple"},"aioseo_notices":[],"_links":{"self":[{"href":"https:\/\/www.carrerivegauche.com\/fr\/wp-json\/wp\/v2\/product\/6406","targetHints":{"allow":["GET"]}}],"collection":[{"href":"https:\/\/www.carrerivegauche.com\/fr\/wp-json\/wp\/v2\/product"}],"about":[{"href":"https:\/\/www.carrerivegauche.com\/fr\/wp-json\/wp\/v2\/types\/product"}],"wp:featuredmedia":[{"embeddable":true,"href":"https:\/\/www.carrerivegauche.com\/fr\/wp-json\/wp\/v2\/media\/5425"}],"wp:attachment":[{"href":"https:\/\/www.carrerivegauche.com\/fr\/wp-json\/wp\/v2\/media?parent=6406"}],"wp:term":[{"taxonomy":"product_brand","embeddable":true,"href":"https:\/\/www.carrerivegauche.com\/fr\/wp-json\/wp\/v2\/product_brand?post=6406"},{"taxonomy":"product_cat","embeddable":true,"href":"https:\/\/www.carrerivegauche.com\/fr\/wp-json\/wp\/v2\/product_cat?post=6406"},{"taxonomy":"product_tag","embeddable":true,"href":"https:\/\/www.carrerivegauche.com\/fr\/wp-json\/wp\/v2\/product_tag?post=6406"}],"curies":[{"name":"wp","href":"https:\/\/api.w.org\/{rel}","templated":true}]}}