 

{"id":6002,"date":"2021-01-06T15:19:29","date_gmt":"2021-01-06T14:19:29","guid":{"rendered":"https:\/\/www.carrerivegauche.com\/testboutique\/?post_type=product&#038;p=6002"},"modified":"2021-05-12T09:58:13","modified_gmt":"2021-05-12T07:58:13","slug":"figurine-en-porcelaine-de-meissen-2","status":"publish","type":"product","link":"https:\/\/www.carrerivegauche.com\/fr\/boutique-crg\/figurine-en-porcelaine-de-meissen-2\/","title":{"rendered":"Figurine en porcelaine de Meissen"},"content":{"rendered":"<p>Cf. Martin Eberk, Cris de Paris, MEissener Porzellanfiguren des 18. Jahrhunderts, n\u00b012 p. 52 et 53. Catalogue d\u2019exposition, Leipzig 2001. Yvonne Adams, Meissen Figures 1730-1775 The Kaendler Years, Schiffer Publishing Ltd, USA 2001, page 44.<br \/>\n*D\u2019apr\u00e8s une gravure de Laroon, il \u00e9tait le parrain des voleurs \u00e0 Londres et habitait Whitefriars.<\/p>\n<hr \/>\n<p><em>Based on engravings by Pierce Tempest after Marcellus Laroon the Elder (London 1711).<\/em><br \/>\n<em>The Squire of Alsatia : Overlord or Godfather of a thieves and miscreants area of London, named after Alsace which had been a troublesome area of Europe. Alsatia was in the Whitefriars district of London, near Fleet Street, and had retained privileges derived from being a converted sanctuary until 1697. It was the haunt of debtors and lawbreakers. <\/em><br \/>\n<em>Comment: Yvonne Adams, Meissen Figures 1730-1775 The Kaendler Years, Schiffer Publishing Ltd, USA 2001, page 44.<\/em><\/p>\n","protected":false},"excerpt":{"rendered":"<p><strong>Figurine en porcelaine de Meissen (Allemagne, Saxe) \u00e0 d\u00e9cor polychrome repr\u00e9sentant un dandy le ch\u00e2telain d\u2019Alsatia* de la s\u00e9rie des \u00ab\u00a0Cris de Londres\u00a0\u00bb. Mod\u00e8le de J.J. Kandler et Peter Reinicke. <\/strong><br \/>\n<strong>Marque aux \u00e9p\u00e9es crois\u00e9es en bleu, chiffre 9 incis\u00e9 sous la base correspondant au num\u00e9ro du mod\u00e8le.<\/strong><\/p>\n<p>Vers 1754. XVIIIe si\u00e8cle.<br \/>\nHauteur\u00a0: 14,4 cm\u00a0; diam\u00e8tre\u00a0: 8,3 cm.<br \/>\nCanne et mains restaur\u00e9es.<\/p>\n<h3><\/h3>\n<p><em><strong>GERMANY, Meissen, Saxony.<\/strong><\/em><br \/>\n<em><strong>Meissen porcelain figure of The Squire of Alsatia, Street traders of London. Model by J.J. Kaendler and P. Reinicke circa 1754. Sword-mark in blue on the plinth, scratch-mark \u201c9\u201d under the plinth.<\/strong> Height: 14,4 cm or 5,6 po.<\/em><\/p>\n<p><em>Diameter: 8,3 cm or 3,2 po.<\/em><br \/>\n<em>Cane and hands restored.<\/em><\/p>\n","protected":false},"featured_media":3954,"template":"","meta":[],"product_brand":[],"product_cat":[239],"product_tag":[],"class_list":{"0":"post-6002","1":"product","2":"type-product","3":"status-publish","4":"has-post-thumbnail","6":"product_cat-bealu","7":"description-off","9":"first","10":"instock","11":"shipping-taxable","12":"purchasable","13":"product-type-simple"},"aioseo_notices":[],"_links":{"self":[{"href":"https:\/\/www.carrerivegauche.com\/fr\/wp-json\/wp\/v2\/product\/6002","targetHints":{"allow":["GET"]}}],"collection":[{"href":"https:\/\/www.carrerivegauche.com\/fr\/wp-json\/wp\/v2\/product"}],"about":[{"href":"https:\/\/www.carrerivegauche.com\/fr\/wp-json\/wp\/v2\/types\/product"}],"wp:featuredmedia":[{"embeddable":true,"href":"https:\/\/www.carrerivegauche.com\/fr\/wp-json\/wp\/v2\/media\/3954"}],"wp:attachment":[{"href":"https:\/\/www.carrerivegauche.com\/fr\/wp-json\/wp\/v2\/media?parent=6002"}],"wp:term":[{"taxonomy":"product_brand","embeddable":true,"href":"https:\/\/www.carrerivegauche.com\/fr\/wp-json\/wp\/v2\/product_brand?post=6002"},{"taxonomy":"product_cat","embeddable":true,"href":"https:\/\/www.carrerivegauche.com\/fr\/wp-json\/wp\/v2\/product_cat?post=6002"},{"taxonomy":"product_tag","embeddable":true,"href":"https:\/\/www.carrerivegauche.com\/fr\/wp-json\/wp\/v2\/product_tag?post=6002"}],"curies":[{"name":"wp","href":"https:\/\/api.w.org\/{rel}","templated":true}]}}