 

{"id":5995,"date":"2021-04-24T13:23:30","date_gmt":"2021-04-24T11:23:30","guid":{"rendered":"https:\/\/www.carrerivegauche.com\/testboutique\/?post_type=product&#038;p=5995"},"modified":"2021-05-12T09:48:44","modified_gmt":"2021-05-12T07:48:44","slug":"la-fete-de-la-federation","status":"publish","type":"product","link":"https:\/\/www.carrerivegauche.com\/fr\/boutique-crg\/la-fete-de-la-federation\/","title":{"rendered":"La f\u00eate de la F\u00e9d\u00e9ration"},"content":{"rendered":"<p><img loading=\"lazy\" decoding=\"async\" class=\"size-full wp-image-3788 alignnone\" src=\"https:\/\/www.carrerivegauche.com\/wp-content\/uploads\/2020\/08\/JM-B\u00e9alu-et-Fils-CRG-R\u00e9volution-juin-2020.jpg\" alt=\"\" width=\"800\" height=\"221\" srcset=\"https:\/\/www.carrerivegauche.com\/wp-content\/uploads\/2020\/08\/JM-B\u00e9alu-et-Fils-CRG-R\u00e9volution-juin-2020.jpg 800w, https:\/\/www.carrerivegauche.com\/wp-content\/uploads\/2020\/08\/JM-B\u00e9alu-et-Fils-CRG-R\u00e9volution-juin-2020-600x166.jpg 600w, https:\/\/www.carrerivegauche.com\/wp-content\/uploads\/2020\/08\/JM-B\u00e9alu-et-Fils-CRG-R\u00e9volution-juin-2020-300x83.jpg 300w, https:\/\/www.carrerivegauche.com\/wp-content\/uploads\/2020\/08\/JM-B\u00e9alu-et-Fils-CRG-R\u00e9volution-juin-2020-150x41.jpg 150w, https:\/\/www.carrerivegauche.com\/wp-content\/uploads\/2020\/08\/JM-B\u00e9alu-et-Fils-CRG-R\u00e9volution-juin-2020-768x212.jpg 768w\" sizes=\"auto, (max-width: 800px) 100vw, 800px\" \/><\/p>\n<p>&nbsp;<\/p>\n<p>Ensemble d\u2019assiettes en fa\u00efence de Nevers \u00e0 d\u00e9cor r\u00e9volutionnaire repr\u00e9sentant de gauche \u00e0 droite : la cocarde, la prise de la Bastille, les Droits de l\u2019Homme, un soldat de la Garde nationale, la F\u00eate de la F\u00e9d\u00e9ration et \u00ab Pran garde au chat \u00bb.<br \/>\nEntre 1789 et 1794.<br \/>\nDiam\u00e8tres\u00a0: 22,4 \u00e0 23,3 cm.<br \/>\nPrix de 1\u00a0350 \u00e0 5\u00a0500 euros.<\/p>\n<p>Nevers est un centre de production de fa\u00efence qui existe d\u00e8s 1603. La premi\u00e8re p\u00e9riode est caract\u00e9ris\u00e9e par le style italien, la deuxi\u00e8me par un style fran\u00e7ais et inspir\u00e9 de l\u2019Orient.<br \/>\nAu 18e si\u00e8cle, les manufactures ayant moins de commandes prestigieuses, se tournent vers une autre client\u00e8le\u00a0: le peuple avec la cr\u00e9ation de multiples d\u00e9cors\u00a0: patronymiques, arbres d\u2019amour, pont de Nevers et tous les d\u00e9cors de la vie quotidienne.<br \/>\nUn \u00e9v\u00e9nement important va \u00eatre repris en d\u00e9cor tel qu\u2019il s\u2019est produit c\u2019est le premier vol d\u2019une montgolfi\u00e8re en 1783. C\u2019est un succ\u00e8s. A partir de ce moment-l\u00e0, les fa\u00efences vont raconter l\u2019actualit\u00e9 et Nevers s\u2019empare du march\u00e9 et va devenir leader pour la p\u00e9riode r\u00e9volutionnaire.<br \/>\nDouze fabriques vont prosp\u00e9rer gr\u00e2ce aux \u00e9pisodes de la R\u00e9volution Fran\u00e7aise.<br \/>\nLes Nivernais n\u2019\u00e9tant pas plus r\u00e9volutionnaire que d\u2019autres ont saisi l\u2019opportunit\u00e9 commerciale et cela leur a bien r\u00e9ussi.<\/p>\n<p>Ces assiettes sont une source de documentation historique et non une simple illustration amusante.<\/p>\n","protected":false},"excerpt":{"rendered":"<p><strong>Assiette en fa\u00efence de Nevers \u00e0 d\u00e9cor r\u00e9volutionnaire repr\u00e9sentant de grandes tentes entour\u00e9es de deux gu\u00e9rites \u00e9rig\u00e9es au Champ de Mars \u00e0 Paris pour la f\u00eate de la F\u00e9d\u00e9ration du 14 juillet 1790 comm\u00e9morant les \u00e9v\u00e9nements de 1789.<\/strong><br \/>\nVers 1790-1792. XVIIIe si\u00e8cle. Diam\u00e8tre\u00a0: 23,3 cm.<\/p>\n<h3><\/h3>\n<p>Ce d\u00e9cor \u00e9voque les tribunes de la f\u00eate de la F\u00e9d\u00e9ration Nationale de Paris dress\u00e9es devant l&rsquo;\u00e9cole royale militaire situ\u00e9es au bout du Champ de Mars. Un pavillon est dress\u00e9 pour accueillir la famille royale. Tous vont pr\u00eater serment \u00e0 la constitution. C\u2019est l\u2019unit\u00e9 par la f\u00eate.<\/p>\n<p>Cf. C. Bonnet, Fa\u00efence r\u00e9volutionnaire, Collection Louis Heitschel page 135 n\u00b0230 et pl. IV.<br \/>\nSylvain Druet\/ Collection. M\u00e9nard, n\u00b0535 p.328 &#8211; Sainte Menehould, juin 2019<\/p>\n","protected":false},"featured_media":3810,"template":"","meta":[],"product_brand":[],"product_cat":[239],"product_tag":[],"class_list":{"0":"post-5995","1":"product","2":"type-product","3":"status-publish","4":"has-post-thumbnail","6":"product_cat-bealu","7":"description-off","9":"first","10":"instock","11":"shipping-taxable","12":"purchasable","13":"product-type-simple"},"aioseo_notices":[],"_links":{"self":[{"href":"https:\/\/www.carrerivegauche.com\/fr\/wp-json\/wp\/v2\/product\/5995","targetHints":{"allow":["GET"]}}],"collection":[{"href":"https:\/\/www.carrerivegauche.com\/fr\/wp-json\/wp\/v2\/product"}],"about":[{"href":"https:\/\/www.carrerivegauche.com\/fr\/wp-json\/wp\/v2\/types\/product"}],"wp:featuredmedia":[{"embeddable":true,"href":"https:\/\/www.carrerivegauche.com\/fr\/wp-json\/wp\/v2\/media\/3810"}],"wp:attachment":[{"href":"https:\/\/www.carrerivegauche.com\/fr\/wp-json\/wp\/v2\/media?parent=5995"}],"wp:term":[{"taxonomy":"product_brand","embeddable":true,"href":"https:\/\/www.carrerivegauche.com\/fr\/wp-json\/wp\/v2\/product_brand?post=5995"},{"taxonomy":"product_cat","embeddable":true,"href":"https:\/\/www.carrerivegauche.com\/fr\/wp-json\/wp\/v2\/product_cat?post=5995"},{"taxonomy":"product_tag","embeddable":true,"href":"https:\/\/www.carrerivegauche.com\/fr\/wp-json\/wp\/v2\/product_tag?post=5995"}],"curies":[{"name":"wp","href":"https:\/\/api.w.org\/{rel}","templated":true}]}}