 

{"id":5959,"date":"2021-03-10T13:24:03","date_gmt":"2021-03-10T12:24:03","guid":{"rendered":"https:\/\/www.carrerivegauche.com\/testboutique\/?post_type=product&#038;p=5959"},"modified":"2021-05-12T11:53:45","modified_gmt":"2021-05-12T09:53:45","slug":"paire-de-boites-a-epices-4","status":"publish","type":"product","link":"https:\/\/www.carrerivegauche.com\/fr\/boutique-crg\/paire-de-boites-a-epices-4\/","title":{"rendered":"Paire de bo\u00eetes \u00e0 \u00e9pices"},"content":{"rendered":"","protected":false},"excerpt":{"rendered":"<p><strong>Paire de bo\u00eetes \u00e0 \u00e9pices en porcelaine Famille verte.<\/strong><br \/>\nChine, \u00e9poque Kangxi (1662\/1722).<br \/>\nElles ont anciennement \u00e9t\u00e9 mont\u00e9es en argent.<br \/>\nDimensions\u00a0: 13,5 x 9,5 x 5 cm.<\/p>\n<p>\u00a9courtesy Galerie Bertrand de Lavergne<\/p>\n","protected":false},"featured_media":5138,"template":"","meta":[],"product_brand":[],"product_cat":[243],"product_tag":[],"class_list":{"0":"post-5959","1":"product","2":"type-product","3":"status-publish","4":"has-post-thumbnail","6":"product_cat-de-lavergne","7":"description-off","9":"first","10":"instock","11":"shipping-taxable","12":"purchasable","13":"product-type-simple"},"aioseo_notices":[],"_links":{"self":[{"href":"https:\/\/www.carrerivegauche.com\/fr\/wp-json\/wp\/v2\/product\/5959","targetHints":{"allow":["GET"]}}],"collection":[{"href":"https:\/\/www.carrerivegauche.com\/fr\/wp-json\/wp\/v2\/product"}],"about":[{"href":"https:\/\/www.carrerivegauche.com\/fr\/wp-json\/wp\/v2\/types\/product"}],"wp:featuredmedia":[{"embeddable":true,"href":"https:\/\/www.carrerivegauche.com\/fr\/wp-json\/wp\/v2\/media\/5138"}],"wp:attachment":[{"href":"https:\/\/www.carrerivegauche.com\/fr\/wp-json\/wp\/v2\/media?parent=5959"}],"wp:term":[{"taxonomy":"product_brand","embeddable":true,"href":"https:\/\/www.carrerivegauche.com\/fr\/wp-json\/wp\/v2\/product_brand?post=5959"},{"taxonomy":"product_cat","embeddable":true,"href":"https:\/\/www.carrerivegauche.com\/fr\/wp-json\/wp\/v2\/product_cat?post=5959"},{"taxonomy":"product_tag","embeddable":true,"href":"https:\/\/www.carrerivegauche.com\/fr\/wp-json\/wp\/v2\/product_tag?post=5959"}],"curies":[{"name":"wp","href":"https:\/\/api.w.org\/{rel}","templated":true}]}}