 

{"id":5958,"date":"2021-05-02T13:23:57","date_gmt":"2021-05-02T11:23:57","guid":{"rendered":"https:\/\/www.carrerivegauche.com\/testboutique\/?post_type=product&#038;p=5958"},"modified":"2021-05-12T11:48:58","modified_gmt":"2021-05-12T09:48:58","slug":"paire-dassiettes-en-porcelaine-3","status":"publish","type":"product","link":"https:\/\/www.carrerivegauche.com\/fr\/boutique-crg\/paire-dassiettes-en-porcelaine-3\/","title":{"rendered":"Paire d\u2019assiettes en porcelaine"},"content":{"rendered":"","protected":false},"excerpt":{"rendered":"<p><strong>Paire d&rsquo;assiettes octogonales en porcelaine de la \u00ab\u00a0famille rose\u00a0\u00bb<\/strong> \u00e0 d\u00e9cor de ph\u00e9nix tenant un insecte dans leur bec sur des branches de prunus en fleurs et pivoines et fleurs dans des r\u00e9serves sur le marli.<br \/>\nChine, \u00e9poque Yongzheng (1723-1735).<br \/>\nDiam\u00e8tre : 22,3 cm.<\/p>\n<p><em><strong>Pair of famille rose chinese porcelain<\/strong> octagonal plates decorated with phenix on prunus branches and peonies.<\/em><br \/>\n<em>Yongzheng period (1723-1735).<\/em><br \/>\n<em>Diameter: 22,3 cm.<\/em><\/p>\n<p><em>\u00a9courtesy Galerie Bertrand de Lavergne<\/em><\/p>\n","protected":false},"featured_media":5157,"template":"","meta":[],"product_brand":[],"product_cat":[243],"product_tag":[],"class_list":{"0":"post-5958","1":"product","2":"type-product","3":"status-publish","4":"has-post-thumbnail","6":"product_cat-de-lavergne","7":"description-off","9":"first","10":"instock","11":"shipping-taxable","12":"purchasable","13":"product-type-simple"},"aioseo_notices":[],"_links":{"self":[{"href":"https:\/\/www.carrerivegauche.com\/fr\/wp-json\/wp\/v2\/product\/5958","targetHints":{"allow":["GET"]}}],"collection":[{"href":"https:\/\/www.carrerivegauche.com\/fr\/wp-json\/wp\/v2\/product"}],"about":[{"href":"https:\/\/www.carrerivegauche.com\/fr\/wp-json\/wp\/v2\/types\/product"}],"wp:featuredmedia":[{"embeddable":true,"href":"https:\/\/www.carrerivegauche.com\/fr\/wp-json\/wp\/v2\/media\/5157"}],"wp:attachment":[{"href":"https:\/\/www.carrerivegauche.com\/fr\/wp-json\/wp\/v2\/media?parent=5958"}],"wp:term":[{"taxonomy":"product_brand","embeddable":true,"href":"https:\/\/www.carrerivegauche.com\/fr\/wp-json\/wp\/v2\/product_brand?post=5958"},{"taxonomy":"product_cat","embeddable":true,"href":"https:\/\/www.carrerivegauche.com\/fr\/wp-json\/wp\/v2\/product_cat?post=5958"},{"taxonomy":"product_tag","embeddable":true,"href":"https:\/\/www.carrerivegauche.com\/fr\/wp-json\/wp\/v2\/product_tag?post=5958"}],"curies":[{"name":"wp","href":"https:\/\/api.w.org\/{rel}","templated":true}]}}