 

{"id":5956,"date":"2021-04-30T13:23:45","date_gmt":"2021-04-30T11:23:45","guid":{"rendered":"https:\/\/www.carrerivegauche.com\/testboutique\/?post_type=product&#038;p=5956"},"modified":"2021-05-12T11:50:30","modified_gmt":"2021-05-12T09:50:30","slug":"tabatiere-de-forme-double-gourde-3","status":"publish","type":"product","link":"https:\/\/www.carrerivegauche.com\/fr\/boutique-crg\/tabatiere-de-forme-double-gourde-3\/","title":{"rendered":"Tabati\u00e8re de forme double gourde"},"content":{"rendered":"","protected":false},"excerpt":{"rendered":"<p><strong>Tabati\u00e8re de forme double gourde en agate digit\u00e9e.<\/strong><br \/>\nHauteur (sans le bouchon) : 5,5 cm.<br \/>\nChine, 19\u00e8me si\u00e8cle.<\/p>\n<p>\u00a9courtesy Galerie Bertrand de Lavergne<\/p>\n","protected":false},"featured_media":5170,"template":"","meta":[],"product_brand":[],"product_cat":[243],"product_tag":[],"class_list":{"0":"post-5956","1":"product","2":"type-product","3":"status-publish","4":"has-post-thumbnail","6":"product_cat-de-lavergne","7":"description-off","9":"first","10":"instock","11":"shipping-taxable","12":"purchasable","13":"product-type-simple"},"aioseo_notices":[],"_links":{"self":[{"href":"https:\/\/www.carrerivegauche.com\/fr\/wp-json\/wp\/v2\/product\/5956","targetHints":{"allow":["GET"]}}],"collection":[{"href":"https:\/\/www.carrerivegauche.com\/fr\/wp-json\/wp\/v2\/product"}],"about":[{"href":"https:\/\/www.carrerivegauche.com\/fr\/wp-json\/wp\/v2\/types\/product"}],"wp:featuredmedia":[{"embeddable":true,"href":"https:\/\/www.carrerivegauche.com\/fr\/wp-json\/wp\/v2\/media\/5170"}],"wp:attachment":[{"href":"https:\/\/www.carrerivegauche.com\/fr\/wp-json\/wp\/v2\/media?parent=5956"}],"wp:term":[{"taxonomy":"product_brand","embeddable":true,"href":"https:\/\/www.carrerivegauche.com\/fr\/wp-json\/wp\/v2\/product_brand?post=5956"},{"taxonomy":"product_cat","embeddable":true,"href":"https:\/\/www.carrerivegauche.com\/fr\/wp-json\/wp\/v2\/product_cat?post=5956"},{"taxonomy":"product_tag","embeddable":true,"href":"https:\/\/www.carrerivegauche.com\/fr\/wp-json\/wp\/v2\/product_tag?post=5956"}],"curies":[{"name":"wp","href":"https:\/\/api.w.org\/{rel}","templated":true}]}}