 

{"id":5890,"date":"2021-05-02T16:11:13","date_gmt":"2021-05-02T14:11:13","guid":{"rendered":"https:\/\/www.carrerivegauche.com\/testboutique\/?post_type=product&#038;p=5890"},"modified":"2021-05-12T12:11:40","modified_gmt":"2021-05-12T10:11:40","slug":"cabinet-du-val-de-loire-3","status":"publish","type":"product","link":"https:\/\/www.carrerivegauche.com\/fr\/boutique-crg\/cabinet-du-val-de-loire-3\/","title":{"rendered":"Cabinet du Val de Loire"},"content":{"rendered":"<p>Cabinet \u00e0 deux corps superpos\u00e9s en retrait, ouvrant \u00e0 quatre vantaux et quatre tiroirs. Il est couronn\u00e9 d\u2019un fronton chantourn\u00e9 qui s\u2019ach\u00e8ve en tige v\u00e9g\u00e9tale.<br \/>Ce cabinet est d\u00e9cor\u00e9 d\u2019incrustations de nacre et d\u2019ivoire \u00e0 motifs d\u2019arabesques, d\u2019animaux et d\u2019all\u00e9gories.<br \/>Les boutons des tiroirs sont orn\u00e9s de nacre. Les entr\u00e9es de serrures sont en ivoire.<\/p>\n<p>Le corps inf\u00e9rieur repose sur une plinthe moulur\u00e9e en large saillie et sur\u00e9lev\u00e9e par des pieds \u00e0 section carr\u00e9e. Il ouvre \u00e0 deux vantaux dont le d\u00e9cor en incrustation de nacre \u00e0 motif d\u2019arabesques se d\u00e9veloppent en sym\u00e9trie sans toutefois \u00eatre identique. Des tiges souples et feuillues se d\u00e9ploient sur toute la<br \/>surface et sont garnies de fruits, de chouettes et d\u2019oiseaux divers. Elles jaillissent d\u2019un mascaron sur lequel se tient une figure f\u00e9minine. Sur le vantail de gauche L\u00e9da est accompagn\u00e9e de Zeus qui a adopt\u00e9 la forme d\u2019un cygne. Sur le vantail de droite, un serpent \u00e9treint Cl\u00e9op\u00e2tre et lui mord le sein.<\/p>\n<p>Les fa\u00e7ades des deux tiroirs ainsi que les montants portent aussi un d\u00e9cor d\u2019arabesques en nacre incrust\u00e9, d\u00e9velopp\u00e9 en frises plus \u00e9troites. Nous y retrouvons non seulement les chouettes et les oiseaux mais aussi des chiens.<\/p>\n<p>Entre les deux tiroirs un putti ail\u00e9 joue avec un animal.<\/p>\n<p>Le corps sup\u00e9rieur, en retrait, repose sur deux tiroirs \u00e0 d\u00e9cor d\u2019arabesques et de chiens, encadr\u00e9s d\u2019oiseaux.<\/p>\n<p>Les deux vantaux sont flanqu\u00e9s de montants richement d\u00e9cor\u00e9s o\u00f9 les figures humaines se font beaucoup plus pr\u00e9sentes dont notamment une femme tenant un enfant dans ses bras, il s\u2019agit de l\u2019all\u00e9gorie de la Charit\u00e9. Sur le faux-dormant, V\u00e9nus tient dans ses mains l\u2019arc de son fils Cupidon. Chaque vantail pr\u00e9sente une composition d\u2019arabesques en trois m\u00e9daillons superpos\u00e9s. Le m\u00e9daillon central est occup\u00e9 par l\u2019all\u00e9gorie de la Prosp\u00e9rit\u00e9 tenant une corne d\u2019abondance. Sur le m\u00e9daillon inf\u00e9rieur du vantail gauche, est d\u00e9licatement incis\u00e9 dans la nacre, un portrait de femme \u00e0 la coiffure soign\u00e9e et sur le vantail droit un portrait d\u2019homme aux cheveux courts et \u00e0 la barbe fournie. Leurs armoiries respectives apparaissent sur le m\u00e9daillon sup\u00e9rieur.<\/p>\n<p>La surface \u00e9tir\u00e9e de l\u2019entablement est pr\u00e9texte \u00e0 une sc\u00e8ne anim\u00e9e de courses entre chiens, chats et oiseaux, rythm\u00e9e par trois repr\u00e9sentations de nymphes sous la forme de figures f\u00e9minines allong\u00e9es.<\/p>\n<p>Le fronton chantourn\u00e9 d\u00e9cor\u00e9 d\u2019arabesques v\u00e9g\u00e9tales et d\u2019animaux reprend la composition en trois m\u00e9daillons d\u00e9velopp\u00e9s horizontalement cette fois. Sont incis\u00e9s, des profils de guerriers casqu\u00e9s sur les plus petits m\u00e9daillons tandis qu\u2019au centre se tient le dieu Mars, une main sur la hanche l\u2019autre sur sa hampe. Une tige fleurie, d\u00e9coup\u00e9e et incrust\u00e9e de nacre, couronne le fronton.<\/p>\n<p>Des arabesques en incrustations de nacre d\u00e9corent \u00e9galement les c\u00f4t\u00e9s. Plus a\u00e9r\u00e9s et rigoureux dans leur aspect g\u00e9om\u00e9trique, ces motifs ornent aussi la tablette du corps inf\u00e9rieur. Un disque de nacre incis\u00e9 de cercles concentriques fait \u00e9cho aux boutons des tiroirs.<\/p>\n<p>Le syst\u00e8me d\u00e9coratif de ce cabinet r\u00e9v\u00e8le un ornementiste de grand talent qui a su m\u00ealer naturellement arabesques, r\u00e9pertoire animalier et r\u00e9f\u00e9rences<br \/>mythologiques. C\u2019est par l\u2019interm\u00e9diaire des artistes italiens appel\u00e9s \u00e0 la Cour de Fontainebleau par le Roi Fran\u00e7ois Ier (1494-1547) que le motif d\u2019arabesque<br \/>s\u2019affirme en France.<\/p>\n<p>Son r\u00e9pertoire d\u00e9coratif est particuli\u00e8rement adapt\u00e9 \u00e0 la vogue ornementale d\u00e9velopp\u00e9e par l\u2019Ecole de Fontainebleau. Il subit toutefois des mutations locales en abandonnant quelque peu son abstraction botanique \u2013 notons la pr\u00e9sence de glands sur les arabesques de notre cabinet \u2013 et en s\u2019associant avec des animaux et des figures humaines.<\/p>\n<p>Les courbes et les volutes du d\u00e9cor d\u2019arabesques et la silhouette chantourn\u00e9e du fronton sont particuli\u00e8rement efficaces et adoucissent avec gr\u00e2ce la rigueur architecturale de ce meuble typique de la seconde moiti\u00e9 du XVIe si\u00e8cle. La blondeur du noyer, la somptuosit\u00e9 du d\u00e9cor et le luxe des mat\u00e9riaux associent la r\u00e9alisation de ce cabinet \u00e0 la Vall\u00e9e de la Loire et t\u00e9moignent d\u2019une commande de haut-rang. En effet ce type de meuble \u00e9tait destin\u00e9 \u00e0 des commanditaires de prestige.<\/p>\n<p>Gr\u00e2ce aux armoiries de nacre figur\u00e9es sur le vantail droit (au lion a la fasce charg\u00e9e de trois coeur) nous pouvons d\u00e9signer le commanditaire comme appartenant aux Herissem, une famille noble des anciens Pays-Bas, aujourd\u2019hui en Belgique.<\/p>\n<p>Ce meuble \u00e9tait probablement un cabinet command\u00e9 \u00e0 l\u2019occasion d\u2019un mariage comme tend \u00e0 le prouver la pr\u00e9sence des portraits et des armoiries de deux familles mais aussi la th\u00e9matique du d\u00e9cor. La repr\u00e9sentation de L\u00e9da et le cygne, la sc\u00e8ne du suicide de Cl\u00e9op\u00e2tre insistent sur une certaine dimension sensuelle tandis que la repr\u00e9sentation de V\u00e9nus qui a subtilis\u00e9 les armes de son fils exprime davantage un amour chaste. L\u2019all\u00e9gorie de la Prosp\u00e9rit\u00e9 et de la Charit\u00e9 indiquent bien s\u00fbr les vertus \u00e0 cultiver de m\u00eame que les chiens, symbole de fid\u00e9lit\u00e9. Les nombreuses chouettes, attribut de la d\u00e9esse Minerve, incarnent la sagesse. La pr\u00e9sence r\u00e9p\u00e9t\u00e9e de figures militaires \u2013 Mars, guerriers \u2013 s\u2019oppose aux figures de l\u2019amour illustrant ainsi l\u2019\u00e9quilibre \u00e0 cultiver dans le couple.<\/p>\n<p>L\u2019\u00e9loignement g\u00e9ographique entre le centre de production et le commanditaire met en lumi\u00e8re le prestige dont pouvait jouir le mobilier du Val de Loire de m\u00eame que la puissance financi\u00e8re et le go\u00fbt affirm\u00e9 du couple Herissem. Le programme iconographique fait montre d\u2019une culture classique certaine et \u00e9claire les \u00e9changes artistiques singuliers qui caract\u00e9risent la Renaissance. Ce cabinet est aussi un exceptionnel t\u00e9moignage du savoirfaire des \u00e9b\u00e9nistes et des ornementistes de la fin du XVIe si\u00e8cle.<\/p>\n<hr>\n<p><em>Two-bodies dresser, the upper body showing a recess, and opening with four door-leaves and four drawers. The dresser is topped by a fretworked pediment with a vegetal finial. The dresser is adorned with mother-of-pearl and ivory inlays depicting arabesques, animals and allegories. The drawers\u2019 knobs are enriched with ivory and so are the keyholes.<\/em><\/p>\n<p><em>The lower body stands on a protruded moulded plinth over four square feet. It opens with two door-leaves bearing a symetrical but non identical mother-ofpearl arabesques. Supple foliated stems grow on the surface filled with fruits, owls and other birds. The stems spring from a mask on which stands a female figure. On the left door-leave is depicted Leda accompanied by Zeus as a swan. On the right hand side a snake embraces Cleopatra and bites her breast.<\/em><\/p>\n<p><em>The drawer\u2019s facades and the posts also show a mother-of-pearl inlaid decor elaborated on a narrower frame. We can distinguish owls and other birds as well as dogs.<\/em><\/p>\n<p><em>Between the two drawers a winged putto plays with an animal. The recessed upper body stands on two drawers adorned with an arabesques, dogs and birds mother-of-pearl decor.<\/em><\/p>\n<p><em>The two door-leaves are framed with richly adorned posts where human figures are more represented. Among them can be seen a woman holding a child in her arms, she is the allegory of Charity. On the central post Venus is shown with her son\u2019s weapon, Cupid\u2019s bow. Each door-leave presents a triple arabesque inset composition. The larger inset is centred by the allegory of Abundance holding a cornucopia. On the left door-leave lower inset the mother-of-pearl surface is engraved with a female profile portrait while a bearded man is pictured on the right hand side door-leave. Their coat-of-arms is shown on the upper insets.<\/em><\/p>\n<p><em>The elongated surface of the entablature is filled in with animated dogs, cats and birds as well as three nymphs lying.<\/em><\/p>\n<p><em>The fretworked pediment is also adorned with a triple arabesque inset accompanied by animals. Warriors profiles are engraved on the mother-ofpearl surface while in the centre is standing Mars, god of war, a hand on his hip and the other on his shaft. A cut out vegetal finial inlaid with mother-ofpearl motifs tops the pediment.<\/em><\/p>\n<p><em>Mother-of-pearl arabesque also enrich the lateral sides of the dresser. More airy and geometrical these motifs are also found on the lower-body table top. An engraved mother-of-pearl disk echoes the drawers\u2019 knobs.<\/em><\/p>\n<p><em>This dresser\u2019s decorative system expresses the skills of a particularly gifted ornamentalist who has effortelessly mixed arabesques, animals and mythological references.<\/em><\/p>\n<p><em>The arabesque motif asserts itself in France thanks to Italian artists called by king Fran\u00e7ois Ier (1494-1547) at Fontainebleau\u2019s court. Its decorative repertoire is perfectly adapted to Fontainebleau\u2019s craze for ornaments. Arabesque evolves by forsaking its botanical abstraction \u2013 acorns can be seen on our dresser \u2013 and by involving animals and human figures.<\/em><\/p>\n<p><em>The arabesques\u2019 curves and volutes and the pediment\u2019s fretworked silhouette are particularly efficient in softening the architectural rigour of the dresser, typical of the 2nd half of the 16th century. The blond walnut, the lavishness of the decor and the luxury of materials connect this dresser with the Loire valley and illustrates a high-rank order. Indeed this type of furniture was intended for the higher classes.<\/em><\/p>\n<p><em>Thanks to the coat-of-arms engraved on the right hand side door-leave (au lion a la fasce charg\u00e9e de trois coeur) the patron\u2019s family can be identified as the Herissem, a noble family coming from the former Netherlands, today in Belgium.<\/em><\/p>\n","protected":false},"excerpt":{"rendered":"<p><strong>IMPORTANT CABINET DU VAL DE LOIRE D\u2019\u00c9POQUE RENAISSANCE<\/strong><br \/><strong>ORIGINE : FRANCE, VALL\u00c9E DE LA LOIRE<\/strong><br \/><strong>P\u00c9RIODE : XVIe SI\u00c8CLE, 1570-1580<\/strong><br \/>Hauteur : 228 cm<br \/>Largeur : 128 cm<br \/>Profondeur : 55 cm<br \/>Bois de noyer<br \/>Tr\u00e8s bon \u00e9tat de conservation<br \/>Ancienne collection Gabrielle Chanel<\/p>\n<h3><\/h3>\n<p><strong><em>EXTRAORDINARY RENAISSANCE DRESSER <\/em><em>FROM THE VAL-DE-LOIRE<\/em><\/strong><br \/><strong><em>ORIGIN : FRANCE, LOIRE VALLEY<\/em><\/strong><br \/><strong><em>PERIOD : 16th CENTURY, 1570-1580<\/em><\/strong><br \/><em>Height : 228 cm<\/em><br \/><em>Length : 128 cm<\/em><br \/><em>Depth : 55 cm<\/em><br \/><em>Walnut<\/em><br \/><em>Very fine condition<\/em><br \/><em>Old collection Gabrielle Chanel<\/em><\/p>\n","protected":false},"featured_media":5336,"template":"","meta":[],"product_brand":[],"product_cat":[224],"product_tag":[],"class_list":{"0":"post-5890","1":"product","2":"type-product","3":"status-publish","4":"has-post-thumbnail","6":"product_cat-laroche","7":"description-off","9":"first","10":"instock","11":"shipping-taxable","12":"product-type-simple"},"aioseo_notices":[],"_links":{"self":[{"href":"https:\/\/www.carrerivegauche.com\/fr\/wp-json\/wp\/v2\/product\/5890","targetHints":{"allow":["GET"]}}],"collection":[{"href":"https:\/\/www.carrerivegauche.com\/fr\/wp-json\/wp\/v2\/product"}],"about":[{"href":"https:\/\/www.carrerivegauche.com\/fr\/wp-json\/wp\/v2\/types\/product"}],"wp:featuredmedia":[{"embeddable":true,"href":"https:\/\/www.carrerivegauche.com\/fr\/wp-json\/wp\/v2\/media\/5336"}],"wp:attachment":[{"href":"https:\/\/www.carrerivegauche.com\/fr\/wp-json\/wp\/v2\/media?parent=5890"}],"wp:term":[{"taxonomy":"product_brand","embeddable":true,"href":"https:\/\/www.carrerivegauche.com\/fr\/wp-json\/wp\/v2\/product_brand?post=5890"},{"taxonomy":"product_cat","embeddable":true,"href":"https:\/\/www.carrerivegauche.com\/fr\/wp-json\/wp\/v2\/product_cat?post=5890"},{"taxonomy":"product_tag","embeddable":true,"href":"https:\/\/www.carrerivegauche.com\/fr\/wp-json\/wp\/v2\/product_tag?post=5890"}],"curies":[{"name":"wp","href":"https:\/\/api.w.org\/{rel}","templated":true}]}}