 

{"id":5885,"date":"2021-03-25T15:09:35","date_gmt":"2021-03-25T14:09:35","guid":{"rendered":"https:\/\/www.carrerivegauche.com\/testboutique\/?post_type=product&#038;p=5885"},"modified":"2021-05-11T19:21:15","modified_gmt":"2021-05-11T17:21:15","slug":"osiris-eternel-2","status":"publish","type":"product","link":"https:\/\/www.carrerivegauche.com\/fr\/boutique-crg\/osiris-eternel-2\/","title":{"rendered":"Osiris \u00e9ternel"},"content":{"rendered":"<p>Artiste japonaise.<br \/>\nElle a s\u00e9journ\u00e9 \u00e0 Paris pendant 17 ans \u00e0 partir de 1977.<br \/>\nElle r\u00e9alise de la sculpture mais aussi de la peinture et de la mosa\u00efque, parfois int\u00e9gr\u00e9s \u00e0 l\u2019architecture.<br \/>\nL\u2019une des oeuvres les plus c\u00e9l\u00e8bres est \u00ab L\u2019oeil de Shinjuku \u00bb, oeuvre de 1970. Il s\u2019agit d\u2019une sculpture sur verre que l\u2019on peut admirer \u00e0 la sortie Ouest de la gare<br \/>\nShinjuku \u00e0 Tokyo. La partie centrale de l\u2019oeil de Shinjuku est en rotation derri\u00e8re la paroi de verre ondul\u00e9. L\u2019oeil observe les passants press\u00e9s.<br \/>\nSon travail se rapproche du surr\u00e9alisme.<\/p>\n<hr \/>\n<p>&nbsp;<\/p>\n<p><em>Japanese artist.<\/em><br \/>\n<em>She stayed in Paris for 17 years from 1977.<\/em><br \/>\n<em>She realizes the sculptures but also painting and mosaic, sometimes integrated into the <\/em><em>architecture. One of the most famous works is \u00a0\u00bb The Eye of Shinjuku \u00ab\u00a0, created in 1970.<\/em><br \/>\n<em>It\u2019s a glass sculpture that can be admired in the West Exit of Shinjuku Station in Tokyo.<\/em><br \/>\n<em>The central part of the eye Shinjuku is rotating behind corrugated glass wall. The eye <\/em><em>observes the hurried passers.<\/em><br \/>\n<em>His work is close to surrealism.<\/em><\/p>\n","protected":false},"excerpt":{"rendered":"<p><strong>YOSHIKO MIYASHITA<\/strong><br \/>\n<strong>OSIRIS ETERNEL<\/strong><br \/>\n<strong>Sculpture en marbre noir de Belgique<\/strong><br \/>\n<strong>Atelier Carlo Nicoli de Carrare<\/strong><br \/>\n<strong>Pi\u00e8ce Unique<\/strong><br \/>\nDate de cr\u00e9ation : 1985<br \/>\nHauteur : 175 cm<br \/>\nLargeur : 55 cm<br \/>\nProfondeur : 55 cm<br \/>\nExpositions : Ch\u00e2teau du Repas<\/p>\n<p><strong><em>ETERNAL OSIRIS<\/em><\/strong><br \/>\n<strong><em>Black marble of Belgium and bronze sculpture.<\/em><\/strong><br \/>\n<strong><em>Carlo Nicoli Workshop, Carrara.<\/em><\/strong><br \/>\n<strong><em>Unique Piece<\/em><\/strong><br \/>\n<em>Date of creation : 1985<\/em><br \/>\n<em>Height : 175 cm<\/em><br \/>\n<em>Width : 55 cm<\/em><br \/>\n<em>Depth : 55 cm<\/em><\/p>\n","protected":false},"featured_media":2786,"template":"","meta":[],"product_brand":[],"product_cat":[224],"product_tag":[],"class_list":{"0":"post-5885","1":"product","2":"type-product","3":"status-publish","4":"has-post-thumbnail","6":"product_cat-laroche","7":"description-off","9":"first","10":"instock","11":"shipping-taxable","12":"product-type-simple"},"aioseo_notices":[],"_links":{"self":[{"href":"https:\/\/www.carrerivegauche.com\/fr\/wp-json\/wp\/v2\/product\/5885","targetHints":{"allow":["GET"]}}],"collection":[{"href":"https:\/\/www.carrerivegauche.com\/fr\/wp-json\/wp\/v2\/product"}],"about":[{"href":"https:\/\/www.carrerivegauche.com\/fr\/wp-json\/wp\/v2\/types\/product"}],"wp:featuredmedia":[{"embeddable":true,"href":"https:\/\/www.carrerivegauche.com\/fr\/wp-json\/wp\/v2\/media\/2786"}],"wp:attachment":[{"href":"https:\/\/www.carrerivegauche.com\/fr\/wp-json\/wp\/v2\/media?parent=5885"}],"wp:term":[{"taxonomy":"product_brand","embeddable":true,"href":"https:\/\/www.carrerivegauche.com\/fr\/wp-json\/wp\/v2\/product_brand?post=5885"},{"taxonomy":"product_cat","embeddable":true,"href":"https:\/\/www.carrerivegauche.com\/fr\/wp-json\/wp\/v2\/product_cat?post=5885"},{"taxonomy":"product_tag","embeddable":true,"href":"https:\/\/www.carrerivegauche.com\/fr\/wp-json\/wp\/v2\/product_tag?post=5885"}],"curies":[{"name":"wp","href":"https:\/\/api.w.org\/{rel}","templated":true}]}}