 

{"id":32979,"date":"2025-12-10T18:34:47","date_gmt":"2025-12-10T17:34:47","guid":{"rendered":"https:\/\/www.carrerivegauche.com\/boutique-crg\/huiles-sur-toile-paysages-par-louis-leon-desjardins\/"},"modified":"2025-12-10T18:34:47","modified_gmt":"2025-12-10T17:34:47","slug":"huiles-sur-toile-paysages-par-louis-leon-desjardins","status":"publish","type":"product","link":"https:\/\/www.carrerivegauche.com\/fr\/boutique-crg\/huiles-sur-toile-paysages-par-louis-leon-desjardins\/","title":{"rendered":"Huiles sur toile, Paysages par Louis L\u00e9on Desjardins"},"content":{"rendered":"<p>La Galerie est heureuse de vous pr\u00e9senter<br \/>un ensemble de peintures<br \/>de Louis L\u00e9on DESJARDINS 1823-1914<\/p>\n<p>Peintre discret<br \/>mais profond\u00e9ment ancr\u00e9 dans son \u00e9poque,<br \/>Louis L\u00e9on Desjardins s\u2019est impos\u00e9<br \/>comme une figure sensible<br \/>du paysage fran\u00e7ais du XIXe si\u00e8cle.<\/p>\n<p>Sans jamais \u00eatre officiellement<br \/>rattach\u00e9 \u00e0 l\u2019\u00c9cole de Barbizon,<br \/>il en partage pourtant l\u2019esth\u00e9tique et la sensibilit\u00e9.<\/p>\n<p>\u00c0 travers ces pages, vous aurez l\u2019occasion d\u2019admirer<br \/>des sc\u00e8nes bucoliques et po\u00e9tiques,<br \/>saisies \u00e0 la lisi\u00e8re des for\u00eats,<br \/>au bord des rivi\u00e8res<br \/>ou dans le calme des fins de jour.<\/p>\n<p>vous pouvez consulter le lien du catalogue et nous contacter pour les peintures qui vous s\u00e9duisent<\/p>\n","protected":false},"excerpt":{"rendered":"[embed]https:\/\/www.canva.com\/design\/DAGk_8P1k2E\/oxlK3c16oKffjlAocDwArw\/view?utm_content=DAGk_8P1k2E&amp;utm_campaign=designshare&amp;utm_medium=link2&amp;utm_source=uniquelinks&amp;utlId=h1994370e64[\/embed]\n","protected":false},"featured_media":32961,"template":"","meta":[],"product_brand":[],"product_cat":[],"product_tag":[],"class_list":{"0":"post-32979","1":"product","2":"type-product","3":"status-publish","4":"has-post-thumbnail","6":"description-off","8":"first","9":"instock","10":"shipping-taxable","11":"product-type-simple"},"aioseo_notices":[],"_links":{"self":[{"href":"https:\/\/www.carrerivegauche.com\/fr\/wp-json\/wp\/v2\/product\/32979","targetHints":{"allow":["GET"]}}],"collection":[{"href":"https:\/\/www.carrerivegauche.com\/fr\/wp-json\/wp\/v2\/product"}],"about":[{"href":"https:\/\/www.carrerivegauche.com\/fr\/wp-json\/wp\/v2\/types\/product"}],"wp:featuredmedia":[{"embeddable":true,"href":"https:\/\/www.carrerivegauche.com\/fr\/wp-json\/wp\/v2\/media\/32961"}],"wp:attachment":[{"href":"https:\/\/www.carrerivegauche.com\/fr\/wp-json\/wp\/v2\/media?parent=32979"}],"wp:term":[{"taxonomy":"product_brand","embeddable":true,"href":"https:\/\/www.carrerivegauche.com\/fr\/wp-json\/wp\/v2\/product_brand?post=32979"},{"taxonomy":"product_cat","embeddable":true,"href":"https:\/\/www.carrerivegauche.com\/fr\/wp-json\/wp\/v2\/product_cat?post=32979"},{"taxonomy":"product_tag","embeddable":true,"href":"https:\/\/www.carrerivegauche.com\/fr\/wp-json\/wp\/v2\/product_tag?post=32979"}],"curies":[{"name":"wp","href":"https:\/\/api.w.org\/{rel}","templated":true}]}}