 

{"id":32959,"date":"2025-12-10T18:28:22","date_gmt":"2025-12-10T17:28:22","guid":{"rendered":"https:\/\/www.carrerivegauche.com\/boutique-crg\/une-huile-sur-toile-nu-endormi-par-augustin-carrera-1911\/"},"modified":"2025-12-10T18:28:22","modified_gmt":"2025-12-10T17:28:22","slug":"une-huile-sur-toile-nu-endormi-par-augustin-carrera-1911","status":"publish","type":"product","link":"https:\/\/www.carrerivegauche.com\/fr\/boutique-crg\/une-huile-sur-toile-nu-endormi-par-augustin-carrera-1911\/","title":{"rendered":"Une huile sur toile, Nu endormi par Augustin CARRERA, 1911"},"content":{"rendered":"<p><br data-mce-bogus=\"1\"><\/p>\n","protected":false},"excerpt":{"rendered":"<p>Augustin CARRERA<\/p>\n<p>Il commence ses \u00e9tudes aux Beaux-Arts de Marseille, puis \u00a0dans l\u2019atelier de L\u00e9on Bonnat\u00a0aux Beaux-Arts de Paris.<\/p>\n<p>Le grand-ma\u00eetre remarque vite le talent peu ordinaire du jeune homme,qui par sa touche moderne se d\u00e9tache vite des autres.<\/p>\n<p>Ses excursions dans les mus\u00e9es, o\u00f9 il admire C\u00e9zanne, Gauguin et Seurat, s\u2019entrechoquent avec ses premi\u00e8res influences<br \/>Monet et Pissarro,\u00a0permettant \u00e0 ce jeune artiste d\u2019exp\u00e9rimenter une voie nouvelle pour s\u00e9duire le public.<\/p>\n<p>Pr\u00e9sent d\u00e8s 1890 dans les grands Salons et galeries de renom, ses peintures retiennent l\u2019attention des critiques, des collectionneurs et de l\u2019Etat.<\/p>\n<p>\u00a0<\/p>\n","protected":false},"featured_media":32941,"template":"","meta":[],"product_brand":[],"product_cat":[],"product_tag":[],"class_list":{"0":"post-32959","1":"product","2":"type-product","3":"status-publish","4":"has-post-thumbnail","6":"description-off","8":"first","9":"instock","10":"shipping-taxable","11":"product-type-simple"},"aioseo_notices":[],"_links":{"self":[{"href":"https:\/\/www.carrerivegauche.com\/fr\/wp-json\/wp\/v2\/product\/32959","targetHints":{"allow":["GET"]}}],"collection":[{"href":"https:\/\/www.carrerivegauche.com\/fr\/wp-json\/wp\/v2\/product"}],"about":[{"href":"https:\/\/www.carrerivegauche.com\/fr\/wp-json\/wp\/v2\/types\/product"}],"wp:featuredmedia":[{"embeddable":true,"href":"https:\/\/www.carrerivegauche.com\/fr\/wp-json\/wp\/v2\/media\/32941"}],"wp:attachment":[{"href":"https:\/\/www.carrerivegauche.com\/fr\/wp-json\/wp\/v2\/media?parent=32959"}],"wp:term":[{"taxonomy":"product_brand","embeddable":true,"href":"https:\/\/www.carrerivegauche.com\/fr\/wp-json\/wp\/v2\/product_brand?post=32959"},{"taxonomy":"product_cat","embeddable":true,"href":"https:\/\/www.carrerivegauche.com\/fr\/wp-json\/wp\/v2\/product_cat?post=32959"},{"taxonomy":"product_tag","embeddable":true,"href":"https:\/\/www.carrerivegauche.com\/fr\/wp-json\/wp\/v2\/product_tag?post=32959"}],"curies":[{"name":"wp","href":"https:\/\/api.w.org\/{rel}","templated":true}]}}