 

{"id":32939,"date":"2025-12-10T18:21:16","date_gmt":"2025-12-10T17:21:16","guid":{"rendered":"https:\/\/www.carrerivegauche.com\/boutique-crg\/une-huile-sur-toile-le-muletier-et-son-ane-a-alger-par-alfred-schlomka\/"},"modified":"2025-12-10T18:21:16","modified_gmt":"2025-12-10T17:21:16","slug":"une-huile-sur-toile-le-muletier-et-son-ane-a-alger-par-alfred-schlomka","status":"publish","type":"product","link":"https:\/\/www.carrerivegauche.com\/fr\/boutique-crg\/une-huile-sur-toile-le-muletier-et-son-ane-a-alger-par-alfred-schlomka\/","title":{"rendered":"Une huile sur toile, Le muletier et son \u00e2ne \u00e0 Alger par Alfred SCHLOMKA"},"content":{"rendered":"<p data-start=\"787\" data-end=\"1248\">Son style associe un dessin ma\u00eetris\u00e9, une attention aux d\u00e9tails humains et une palette chaleureuse, souvent anim\u00e9e par la lumi\u00e8re du sud.<br \/>Plusieurs de ses tableaux t\u00e9moignent de son passage en Afrique du Nord, comme le notre situ\u00e9 \u00e0 Alger et dat\u00e9 1888<\/p>\n<p data-start=\"1250\" data-end=\"2119\">L\u2019\u0153uvre montre un homme drap\u00e9 dans une gandoura claire, accompagn\u00e9 de son \u00e2ne charg\u00e9 de paniers d\u00e9bordant de fleurs. La sc\u00e8ne se d\u00e9roule dans une rue en pente d\u2019Alger, bord\u00e9e de b\u00e2timents lumineux, avec la mer turquoise visible en arri\u00e8re-plan.<br \/>La composition est domin\u00e9e par le mouvement sinueux du chemin et par l\u2019opposition entre les tons chauds du sol et les couleurs vives des fleurs.<br \/>Schlomka y capture avec justesse l\u2019atmosph\u00e8re lumineuse de la ville, le calme du personnage et la simplicit\u00e9 po\u00e9tique de son quotidien.<br \/>La figure humaine n\u2019est pas id\u00e9alis\u00e9e : elle est rendue avec modestie, inscrite dans un paysage authentique qui t\u00e9moigne d\u2019un regard respectueux pos\u00e9 sur la vie locale.<\/p>\n<p>\u00a0<\/p>\n","protected":false},"excerpt":{"rendered":"<p data-start=\"264\" data-end=\"785\">Alfred Schlomka<br \/>est un peintre d\u2019origine hongroise actif \u00e0 la fin du XIX\u1d49 et au d\u00e9but du XX\u1d49 si\u00e8cle.<\/p>\n<p data-start=\"264\" data-end=\"785\">Il fait ses \u00e9tudes aux Beaux-Arts de Paris sous l&rsquo;\u00e9gide de Duez Son nom appara\u00eet dans plusieurs catalogues d\u2019expositions europ\u00e9ennes, et il obtient d\u00e8s 1886 une mention honorable, suivie d\u2019une m\u00e9daille d\u2019argent en 1889,<\/p>\n<p data-start=\"787\" data-end=\"1248\">Schlomka s\u2019attache \u00e0 repr\u00e9senter avec sensibilit\u00e9 les personnages modestes, les artisans, les travailleurs et les sc\u00e8nes quotidiennes, qu\u2019il traite avec un r\u00e9alisme d\u00e9licat.<\/p>\n","protected":false},"featured_media":32886,"template":"","meta":[],"product_brand":[],"product_cat":[],"product_tag":[],"class_list":{"0":"post-32939","1":"product","2":"type-product","3":"status-publish","4":"has-post-thumbnail","6":"description-off","8":"first","9":"instock","10":"shipping-taxable","11":"purchasable","12":"product-type-simple"},"aioseo_notices":[],"_links":{"self":[{"href":"https:\/\/www.carrerivegauche.com\/fr\/wp-json\/wp\/v2\/product\/32939","targetHints":{"allow":["GET"]}}],"collection":[{"href":"https:\/\/www.carrerivegauche.com\/fr\/wp-json\/wp\/v2\/product"}],"about":[{"href":"https:\/\/www.carrerivegauche.com\/fr\/wp-json\/wp\/v2\/types\/product"}],"wp:featuredmedia":[{"embeddable":true,"href":"https:\/\/www.carrerivegauche.com\/fr\/wp-json\/wp\/v2\/media\/32886"}],"wp:attachment":[{"href":"https:\/\/www.carrerivegauche.com\/fr\/wp-json\/wp\/v2\/media?parent=32939"}],"wp:term":[{"taxonomy":"product_brand","embeddable":true,"href":"https:\/\/www.carrerivegauche.com\/fr\/wp-json\/wp\/v2\/product_brand?post=32939"},{"taxonomy":"product_cat","embeddable":true,"href":"https:\/\/www.carrerivegauche.com\/fr\/wp-json\/wp\/v2\/product_cat?post=32939"},{"taxonomy":"product_tag","embeddable":true,"href":"https:\/\/www.carrerivegauche.com\/fr\/wp-json\/wp\/v2\/product_tag?post=32939"}],"curies":[{"name":"wp","href":"https:\/\/api.w.org\/{rel}","templated":true}]}}