 

{"id":32938,"date":"2025-12-10T18:18:45","date_gmt":"2025-12-10T17:18:45","guid":{"rendered":"https:\/\/www.carrerivegauche.com\/boutique-crg\/une-huile-sur-toile-roxanne-par-paul-albert-laurens\/"},"modified":"2025-12-10T18:18:45","modified_gmt":"2025-12-10T17:18:45","slug":"une-huile-sur-toile-roxanne-par-paul-albert-laurens","status":"publish","type":"product","link":"https:\/\/www.carrerivegauche.com\/fr\/boutique-crg\/une-huile-sur-toile-roxanne-par-paul-albert-laurens\/","title":{"rendered":"Une huile sur toile, Roxanne par Paul Albert Laurens"},"content":{"rendered":"<p data-start=\"708\" data-end=\"1123\">Artiste polyvalent, Paul-Albert Laurens se distingue par des peintures empreintes de sensibilit\u00e9, souvent inspir\u00e9es par la litt\u00e9rature, la mythologie ou le r\u00e9pertoire historique.<br \/>Son trait pr\u00e9cis, associ\u00e9 \u00e0 une palette subtile, en fait un illustrateur recherch\u00e9.<\/p>\n<p>C\u2019est dans ce domaine qu\u2019il acquiert une renomm\u00e9e particuli\u00e8re gr\u00e2ce \u00e0 son attachement \u00e0 l\u2019\u0153uvre d\u2019Edmond Rostand, notamment Cyrano de Bergerac.<\/p>\n<p data-start=\"1125\" data-end=\"1648\">S\u00e9duit par la force po\u00e9tique du texte et par la modernit\u00e9 h\u00e9ro\u00efque du personnage, Laurens r\u00e9alise plusieurs illustrations pour des \u00e9ditions de <em data-start=\"1270\" data-end=\"1290\">Cyrano de Bergerac et <\/em>aussi des toiles comme la n\u00f4tre .<\/p>\n<p data-start=\"1650\" data-end=\"2035\">Tout au long de sa carri\u00e8re, Paul-Albert Laurens expose r\u00e9guli\u00e8rement au Salon et poursuit une \u0153uvre nourrie de culture humaniste, o\u00f9 dominent le go\u00fbt du r\u00e9cit, la noblesse du geste et un sens aigu de la narration picturale.<\/p>\n","protected":false},"excerpt":{"rendered":"<p>Paul-Albert Laurens (1870-1934<\/p>\n<p>) est un peintre, dessinateur et illustrateur fran\u00e7ais, n\u00e9 \u00e0 Paris au sein d\u2019une famille d\u2019artistes.<\/p>\n<p>Fils du peintre acad\u00e9mique Jean-Paul Laurens et fr\u00e8re du sculpteur Jean-Pierre Laurens, il grandit dans un environnement profond\u00e9ment marqu\u00e9 par la rigueur du dessin et le go\u00fbt de l\u2019histoire.<\/p>\n<p>Tr\u00e8s t\u00f4t, il manifeste un talent solide pour l\u2019observation et la composition, qu\u2019il perfectionne \u00e0 l\u2019\u00c9cole des Beaux-Arts de Paris, o\u00f9 il re\u00e7oit un enseignement exigeant que l\u2019on retrouve dans toute son \u0153uvre.<\/p>\n<p>En 1891, son talent est consacr\u00e9 par l\u2019obtention du Second Grand Prix de Rome, l\u2019une des distinctions les plus prestigieuses pour un jeune artiste.<\/p>\n<p>Il poursuit ensuite une carri\u00e8re brillante, ponctu\u00e9e de nombreuses r\u00e9compenses.<br \/>En 1900, il re\u00e7oit une m\u00e9daille d\u2019or\u00e0 l\u2019Exposition universelle,en 1910 du Prix Henner,<br \/>suivi de sa nomination comme chevalier de la L\u00e9gion d\u2019honneur, preuve de sa place \u00e9tablie dans la sc\u00e8ne artistique fran\u00e7aise.<\/p>\n","protected":false},"featured_media":32868,"template":"","meta":[],"product_brand":[],"product_cat":[],"product_tag":[],"class_list":{"0":"post-32938","1":"product","2":"type-product","3":"status-publish","4":"has-post-thumbnail","6":"description-off","8":"first","9":"instock","10":"shipping-taxable","11":"product-type-simple"},"aioseo_notices":[],"_links":{"self":[{"href":"https:\/\/www.carrerivegauche.com\/fr\/wp-json\/wp\/v2\/product\/32938","targetHints":{"allow":["GET"]}}],"collection":[{"href":"https:\/\/www.carrerivegauche.com\/fr\/wp-json\/wp\/v2\/product"}],"about":[{"href":"https:\/\/www.carrerivegauche.com\/fr\/wp-json\/wp\/v2\/types\/product"}],"wp:featuredmedia":[{"embeddable":true,"href":"https:\/\/www.carrerivegauche.com\/fr\/wp-json\/wp\/v2\/media\/32868"}],"wp:attachment":[{"href":"https:\/\/www.carrerivegauche.com\/fr\/wp-json\/wp\/v2\/media?parent=32938"}],"wp:term":[{"taxonomy":"product_brand","embeddable":true,"href":"https:\/\/www.carrerivegauche.com\/fr\/wp-json\/wp\/v2\/product_brand?post=32938"},{"taxonomy":"product_cat","embeddable":true,"href":"https:\/\/www.carrerivegauche.com\/fr\/wp-json\/wp\/v2\/product_cat?post=32938"},{"taxonomy":"product_tag","embeddable":true,"href":"https:\/\/www.carrerivegauche.com\/fr\/wp-json\/wp\/v2\/product_tag?post=32938"}],"curies":[{"name":"wp","href":"https:\/\/api.w.org\/{rel}","templated":true}]}}