 

{"id":32937,"date":"2025-12-10T18:16:21","date_gmt":"2025-12-10T17:16:21","guid":{"rendered":"https:\/\/www.carrerivegauche.com\/boutique-crg\/une-huile-sur-toile-le-salon-des-arts-menagers-1957-par-jac-martin-ferrieres\/"},"modified":"2025-12-10T18:16:21","modified_gmt":"2025-12-10T17:16:21","slug":"une-huile-sur-toile-le-salon-des-arts-menagers-1957-par-jac-martin-ferrieres","status":"publish","type":"product","link":"https:\/\/www.carrerivegauche.com\/fr\/boutique-crg\/une-huile-sur-toile-le-salon-des-arts-menagers-1957-par-jac-martin-ferrieres\/","title":{"rendered":"Une huile sur toile, Le Salon des arts m\u00e9nagers, 1957 par Jac MARTIN-FERRIERES"},"content":{"rendered":"<p>Form\u00e9 par son p\u00e8re mais aussi par Fernand Cormon et Ernest Laurent, il commence dans un style pointilliste.<br \/>Au fil des ann\u00e9es, il s\u2019\u00e9loigne progressivement de l\u2019influence de son p\u00e8re pour adopter une peinture plus libre, fortement color\u00e9e<\/p>\n<p>Dans les ann\u00e9es 1920, il conna\u00eet ses premiers succ\u00e8s : il remporte des prix au Salon, notamment le Prix national en 1925<br \/>Il se sp\u00e9cialise alors dans plusieurs genres : paysages, natures mortes, portraits, mais aussi des fresques religieuses pour des \u00e9glises, participant au renouveau de l\u2019art sacr\u00e9 entre les deux guerres.<\/p>\n<p>Son travail des ann\u00e9es 50 et 60 t\u00e9moigne d\u2019une grande libert\u00e9 picturale, d\u2019un sens aigu du mouvement et d\u2019une palette vibrante.<\/p>\n<p>Entre 1955 et 1960, Jac Martin-Ferri\u00e8res d\u00e9cide de poser son chevalet au Salon des Arts M\u00e9nagers, et r\u00e9alise quelques tableaux de cet \u00e9v\u00e9nement-t\u00e9moin de la modernit\u00e9 industrielle et de la consommation de masse.<br \/>Ce choix est audacieux : il entre dans ce \u00ab temple \u00e9ph\u00e9m\u00e8re de la consommation \u00bb pour en peindre l\u2019animation, la lumi\u00e8re artificielle et les flux de visiteur<\/p>\n<p>Il capture l\u2019ambiance fr\u00e9n\u00e9tique du salon : des all\u00e9es obliques, des stands color\u00e9s lits de n\u00e9ons, des enseignes g\u00e9om\u00e9triques, au sein d\u2019un d\u00e9cor volontairement effac\u00e9.<\/p>\n<p>Son cadrage est serr\u00e9, presque photographique, renfor\u00e7ant l\u2019impression d\u2019instantan\u00e9it\u00e9 : on ressent le mouvement des foules, les flux de visiteurs, l\u2019agitation des couleurs.<\/p>\n<p>Avec notre tableau Martin-Ferri\u00e8res ne se limite pas \u00e0 la simple repr\u00e9sentation ; il transforme le Salon des Arts M\u00e9nagers en un v\u00e9ritable motif artistique.<\/p>\n","protected":false},"excerpt":{"rendered":"<p>Jac Martin-Ferri\u00e8res (1893-1972)<\/p>\n<p>Jacques Auguste Martin, plus connu sous le nom d\u2019artiste Jac Martin-Ferri\u00e8res, est le fils du peintre Henri Martin, figure majeure du post-impressionnisme, et grandit dans un environnement artistique o\u00f9 la couleur et la lumi\u00e8re sont omnipr\u00e9sentes<\/p>\n","protected":false},"featured_media":32847,"template":"","meta":[],"product_brand":[],"product_cat":[],"product_tag":[],"class_list":{"0":"post-32937","1":"product","2":"type-product","3":"status-publish","4":"has-post-thumbnail","6":"description-off","8":"first","9":"instock","10":"shipping-taxable","11":"product-type-simple"},"aioseo_notices":[],"_links":{"self":[{"href":"https:\/\/www.carrerivegauche.com\/fr\/wp-json\/wp\/v2\/product\/32937","targetHints":{"allow":["GET"]}}],"collection":[{"href":"https:\/\/www.carrerivegauche.com\/fr\/wp-json\/wp\/v2\/product"}],"about":[{"href":"https:\/\/www.carrerivegauche.com\/fr\/wp-json\/wp\/v2\/types\/product"}],"wp:featuredmedia":[{"embeddable":true,"href":"https:\/\/www.carrerivegauche.com\/fr\/wp-json\/wp\/v2\/media\/32847"}],"wp:attachment":[{"href":"https:\/\/www.carrerivegauche.com\/fr\/wp-json\/wp\/v2\/media?parent=32937"}],"wp:term":[{"taxonomy":"product_brand","embeddable":true,"href":"https:\/\/www.carrerivegauche.com\/fr\/wp-json\/wp\/v2\/product_brand?post=32937"},{"taxonomy":"product_cat","embeddable":true,"href":"https:\/\/www.carrerivegauche.com\/fr\/wp-json\/wp\/v2\/product_cat?post=32937"},{"taxonomy":"product_tag","embeddable":true,"href":"https:\/\/www.carrerivegauche.com\/fr\/wp-json\/wp\/v2\/product_tag?post=32937"}],"curies":[{"name":"wp","href":"https:\/\/api.w.org\/{rel}","templated":true}]}}