 

{"id":32846,"date":"2025-12-10T17:48:30","date_gmt":"2025-12-10T16:48:30","guid":{"rendered":"https:\/\/www.carrerivegauche.com\/boutique-crg\/une-paire-dhuiles-sur-toiles-marines-par-henriette-gudin\/"},"modified":"2025-12-10T18:05:58","modified_gmt":"2025-12-10T17:05:58","slug":"une-paire-dhuiles-sur-toiles-marines-par-henriette-gudin","status":"publish","type":"product","link":"https:\/\/www.carrerivegauche.com\/fr\/boutique-crg\/une-paire-dhuiles-sur-toiles-marines-par-henriette-gudin\/","title":{"rendered":"Une paire d&rsquo;huiles sur toiles, Marines par Henriette GUDIN"},"content":{"rendered":"<p>Elle expose pour la premi\u00e8re fois au Salon de Paris en 1848, puis revient en 1849, 1850 et 1853.<br \/>Son talent est rapidement reconnu : ses toiles se distinguent par une atmosph\u00e8re d\u00e9licate, des lumi\u00e8res diffuses et des horizons brumeux o\u00f9 se dessinent voiliers, barques et sc\u00e8nes de p\u00eache<\/p>\n<p>Ses marines, appr\u00e9ci\u00e9es pour leur douceur et leur po\u00e9sie, entrent peu \u00e0 peu dans les collections publiques : Avignon, Blois, Brest, Nantes, Orl\u00e9ans, Rennes ou encore l\u2019\u00eele Tatihou conservent aujourd\u2019hui ses tableaux.<\/p>\n","protected":false},"excerpt":{"rendered":"<p>Henriette Gudin (1825-1892)<\/p>\n<p>Henriette Herminie Louise Gudin est la fiille du peintre de marine renomm\u00e9 Th\u00e9odore Gudin, elle grandit au c\u0153ur d\u2019un environnement artistique o\u00f9 la mer occupe une place centrale.<\/p>\n<p>Naturellement, elle s\u2019oriente vers la peinture et adopte tr\u00e8s t\u00f4t le th\u00e8me marin comme sujet principal de son \u0153uvre.<\/p>\n","protected":false},"featured_media":32834,"template":"","meta":[],"product_brand":[],"product_cat":[],"product_tag":[],"class_list":{"0":"post-32846","1":"product","2":"type-product","3":"status-publish","4":"has-post-thumbnail","6":"description-off","8":"first","9":"instock","10":"shipping-taxable","11":"product-type-simple"},"aioseo_notices":[],"_links":{"self":[{"href":"https:\/\/www.carrerivegauche.com\/fr\/wp-json\/wp\/v2\/product\/32846","targetHints":{"allow":["GET"]}}],"collection":[{"href":"https:\/\/www.carrerivegauche.com\/fr\/wp-json\/wp\/v2\/product"}],"about":[{"href":"https:\/\/www.carrerivegauche.com\/fr\/wp-json\/wp\/v2\/types\/product"}],"wp:featuredmedia":[{"embeddable":true,"href":"https:\/\/www.carrerivegauche.com\/fr\/wp-json\/wp\/v2\/media\/32834"}],"wp:attachment":[{"href":"https:\/\/www.carrerivegauche.com\/fr\/wp-json\/wp\/v2\/media?parent=32846"}],"wp:term":[{"taxonomy":"product_brand","embeddable":true,"href":"https:\/\/www.carrerivegauche.com\/fr\/wp-json\/wp\/v2\/product_brand?post=32846"},{"taxonomy":"product_cat","embeddable":true,"href":"https:\/\/www.carrerivegauche.com\/fr\/wp-json\/wp\/v2\/product_cat?post=32846"},{"taxonomy":"product_tag","embeddable":true,"href":"https:\/\/www.carrerivegauche.com\/fr\/wp-json\/wp\/v2\/product_tag?post=32846"}],"curies":[{"name":"wp","href":"https:\/\/api.w.org\/{rel}","templated":true}]}}