 

{"id":32824,"date":"2025-12-10T17:28:20","date_gmt":"2025-12-10T16:28:20","guid":{"rendered":"https:\/\/www.carrerivegauche.com\/boutique-crg\/une-huile-sur-toile-portrait-de-sainte-fin-17eme\/"},"modified":"2025-12-10T17:40:53","modified_gmt":"2025-12-10T16:40:53","slug":"une-huile-sur-toile-portrait-de-sainte-fin-17eme","status":"publish","type":"product","link":"https:\/\/www.carrerivegauche.com\/fr\/boutique-crg\/une-huile-sur-toile-portrait-de-sainte-fin-17eme\/","title":{"rendered":"Une huile sur toile, Portrait de sainte fin 17\u00e8me"},"content":{"rendered":"<p><\/p>\n","protected":false},"excerpt":{"rendered":"<p data-start=\"119\" data-end=\"438\">Notre peinture montre d\u00e9tail rapproch\u00e9 d\u2019un visage f\u00e9minin \u00a0probablement extrait d\u2019une composition plus large d\u2019inspiration religieuse ou classique.<br \/>La figure, tourn\u00e9e l\u00e9g\u00e8rement vers le haut, exprime une \u00e9motion douce et intense \u00e0 la fois.<\/p>\n<p data-start=\"440\" data-end=\"739\">La peau est rendue avec une grande finesse : les transitions de tons sont d\u00e9licates, les lumi\u00e8res glissent sur les pommettes, le nez et les l\u00e8vres avec un r\u00e9alisme subtil.<br \/>Les yeux, humides et brillants, sont dirig\u00e9s vers un point sup\u00e9rieur, renfor\u00e7ant l\u2019id\u00e9e d\u2019extase, de pri\u00e8re ou d\u2019appel divin.<\/p>\n","protected":false},"featured_media":32815,"template":"","meta":[],"product_brand":[],"product_cat":[],"product_tag":[],"class_list":{"0":"post-32824","1":"product","2":"type-product","3":"status-publish","4":"has-post-thumbnail","6":"description-off","8":"first","9":"instock","10":"shipping-taxable","11":"purchasable","12":"product-type-simple"},"aioseo_notices":[],"_links":{"self":[{"href":"https:\/\/www.carrerivegauche.com\/fr\/wp-json\/wp\/v2\/product\/32824","targetHints":{"allow":["GET"]}}],"collection":[{"href":"https:\/\/www.carrerivegauche.com\/fr\/wp-json\/wp\/v2\/product"}],"about":[{"href":"https:\/\/www.carrerivegauche.com\/fr\/wp-json\/wp\/v2\/types\/product"}],"wp:featuredmedia":[{"embeddable":true,"href":"https:\/\/www.carrerivegauche.com\/fr\/wp-json\/wp\/v2\/media\/32815"}],"wp:attachment":[{"href":"https:\/\/www.carrerivegauche.com\/fr\/wp-json\/wp\/v2\/media?parent=32824"}],"wp:term":[{"taxonomy":"product_brand","embeddable":true,"href":"https:\/\/www.carrerivegauche.com\/fr\/wp-json\/wp\/v2\/product_brand?post=32824"},{"taxonomy":"product_cat","embeddable":true,"href":"https:\/\/www.carrerivegauche.com\/fr\/wp-json\/wp\/v2\/product_cat?post=32824"},{"taxonomy":"product_tag","embeddable":true,"href":"https:\/\/www.carrerivegauche.com\/fr\/wp-json\/wp\/v2\/product_tag?post=32824"}],"curies":[{"name":"wp","href":"https:\/\/api.w.org\/{rel}","templated":true}]}}