 

{"id":32814,"date":"2025-12-10T17:26:09","date_gmt":"2025-12-10T16:26:09","guid":{"rendered":"https:\/\/www.carrerivegauche.com\/boutique-crg\/une-huile-sur-toile-couple-au-bar-a-villefranche-sur-mer-par-edmond-picard\/"},"modified":"2025-12-10T17:26:09","modified_gmt":"2025-12-10T16:26:09","slug":"une-huile-sur-toile-couple-au-bar-a-villefranche-sur-mer-par-edmond-picard","status":"publish","type":"product","link":"https:\/\/www.carrerivegauche.com\/fr\/boutique-crg\/une-huile-sur-toile-couple-au-bar-a-villefranche-sur-mer-par-edmond-picard\/","title":{"rendered":"Une huile sur toile, Couple au bar a Villefranche sur Mer par Edmond PICARD"},"content":{"rendered":"<p>Il participe pour la premi\u00e8re fois au Salon en 1881. Quatre ans plus tard, il y remporte le prestigieux prix de peinture animali\u00e8re \u201cTroyon\u201d, devenant l\u2019un des plus jeunes artistes \u00e0 obtenir cette distinction.<\/p>\n<p>Au cours des ann\u00e9es 1880 et 1890, Edmond Picard s\u2019impose comme un peintre profond\u00e9ment attach\u00e9 \u00e0 la repr\u00e9sentation du quotidien. Il s\u2019int\u00e9resse aussi bien aux sc\u00e8nes paysannes qu\u2019aux sujets urbains ou de genre, t\u00e9moignant d\u2019une observation attentive et sensible de la soci\u00e9t\u00e9 de son \u00e9poque.<\/p>\n<p>\u00c0 partir de 1890, son style \u00e9volue vers un naturalisme plus affirm\u00e9, marqu\u00e9 par une recherche accrue de v\u00e9rit\u00e9 \u00e9motionnelle et par un souci particulier du rendu des atmosph\u00e8res.<\/p>\n<p>Parmi ses \u0153uvres les plus c\u00e9l\u00e8bres, Les Adieux du marin (1893) illustre parfaitement cette maturit\u00e9 artistique et son go\u00fbt pour des compositions empreintes d\u2019une grande humanit\u00e9.<\/p>\n<p>En parall\u00e8le de sa carri\u00e8re de peintre, Picard joue un r\u00f4le actif dans la vie artistique de sa r\u00e9gion. En 1893, il fonde l\u2019Union comtoise des arts d\u00e9coratifs et enseigne \u00e0 l\u2019\u00c9cole municipale des Beaux-Arts de Besan\u00e7on, contribuant ainsi \u00e0 la formation d\u2019une nouvelle g\u00e9n\u00e9ration d\u2019artistes francs-comtois.<\/p>\n","protected":false},"excerpt":{"rendered":"<p>Edmond Picard, peintre (1861-1899)<\/p>\n<p>Issu d\u2019une famille bisontine, il manifeste tr\u00e8s t\u00f4t un talent pour le dessin et entre d\u00e8s l\u2019\u00e2ge de treize ans, en 1873, \u00e0 l\u2019\u00c9cole municipale de dessin de Besan\u00e7on.<\/p>\n<p>Il y re\u00e7oit l\u2019enseignement du peintre Honor\u00e9 Chapuis, avant d\u2019\u00eatre remarqu\u00e9 par le paysagiste Alexandre Rapin, qui convainc sa famille formation \u00e0 Paris.<\/p>\n<p>Picard rejoint d\u2019abord l\u2019\u00c9cole nationale sup\u00e9rieure des arts d\u00e9coratifs, puis L\u00e9on G\u00e9r\u00f4me et Jean Paul Laurens.<\/p>\n","protected":false},"featured_media":32793,"template":"","meta":[],"product_brand":[],"product_cat":[],"product_tag":[],"class_list":{"0":"post-32814","1":"product","2":"type-product","3":"status-publish","4":"has-post-thumbnail","6":"description-off","8":"first","9":"instock","10":"shipping-taxable","11":"product-type-simple"},"aioseo_notices":[],"_links":{"self":[{"href":"https:\/\/www.carrerivegauche.com\/fr\/wp-json\/wp\/v2\/product\/32814","targetHints":{"allow":["GET"]}}],"collection":[{"href":"https:\/\/www.carrerivegauche.com\/fr\/wp-json\/wp\/v2\/product"}],"about":[{"href":"https:\/\/www.carrerivegauche.com\/fr\/wp-json\/wp\/v2\/types\/product"}],"wp:featuredmedia":[{"embeddable":true,"href":"https:\/\/www.carrerivegauche.com\/fr\/wp-json\/wp\/v2\/media\/32793"}],"wp:attachment":[{"href":"https:\/\/www.carrerivegauche.com\/fr\/wp-json\/wp\/v2\/media?parent=32814"}],"wp:term":[{"taxonomy":"product_brand","embeddable":true,"href":"https:\/\/www.carrerivegauche.com\/fr\/wp-json\/wp\/v2\/product_brand?post=32814"},{"taxonomy":"product_cat","embeddable":true,"href":"https:\/\/www.carrerivegauche.com\/fr\/wp-json\/wp\/v2\/product_cat?post=32814"},{"taxonomy":"product_tag","embeddable":true,"href":"https:\/\/www.carrerivegauche.com\/fr\/wp-json\/wp\/v2\/product_tag?post=32814"}],"curies":[{"name":"wp","href":"https:\/\/api.w.org\/{rel}","templated":true}]}}