 

{"id":32769,"date":"2025-11-27T11:46:55","date_gmt":"2025-11-27T10:46:55","guid":{"rendered":"https:\/\/www.carrerivegauche.com\/boutique-crg\/grand-pied-de-lampe-en-bois-tourne-attribue-a-charles-dudouyt-paris-france-vers-1940\/"},"modified":"2025-11-27T13:44:22","modified_gmt":"2025-11-27T12:44:22","slug":"grand-pied-de-lampe-en-bois-tourne-attribue-a-charles-dudouyt-paris-france-vers-1940","status":"publish","type":"product","link":"https:\/\/www.carrerivegauche.com\/fr\/boutique-crg\/grand-pied-de-lampe-en-bois-tourne-attribue-a-charles-dudouyt-paris-france-vers-1940\/","title":{"rendered":"Grand pied de lampe en bois tourn\u00e9, attribu\u00e9 \u00e0 Charles Dudouyt, Paris, France, vers 1940"},"content":{"rendered":"<p>Grand pied de lampe en bois tourn\u00e9 en forme de boules empil\u00e9es, attribu\u00e9 \u00e0 Charles Dudouyt.<br \/>\u00c9lectrification\u00a0 refaite r\u00e9cemment.<\/p>\n<p>Large wooden lamp base turned into stacked balls, attributed to Charles Dudouyt.<br \/>Electrical wiring recently redone.<\/p>\n","protected":false},"excerpt":{"rendered":"<h3 class=\"product-title\">Large lamp base in turned wood, attributed to  <a href=\"https:\/\/galerie-canavese.com\/en\/category\/luminaires\/lampes\/?taxo=designer&amp;id=800\">Charles Dudouyt<\/a><br \/><em class=\"title_town\"><a href=\"https:\/\/galerie-canavese.com\/en\/category\/luminaires\/lampes\/?taxo=town&amp;id=401\">Paris<\/a><\/em>, <em class=\"title_country\"><a href=\"https:\/\/galerie-canavese.com\/en\/category\/luminaires\/lampes\/?taxo=country&amp;id=30\">France<\/a><\/em>, <em class=\"date_country\"> circa <a href=\"https:\/\/galerie-canavese.com\/en\/category\/luminaires\/lampes\/?taxo=year&amp;id=200&amp;mod=1940\">1940<\/a><\/em><\/h3><\/p>\n","protected":false},"featured_media":32751,"template":"","meta":[],"product_brand":[],"product_cat":[],"product_tag":[],"class_list":{"0":"post-32769","1":"product","2":"type-product","3":"status-publish","4":"has-post-thumbnail","6":"description-off","8":"first","9":"instock","10":"shipping-taxable","11":"product-type-simple"},"aioseo_notices":[],"_links":{"self":[{"href":"https:\/\/www.carrerivegauche.com\/fr\/wp-json\/wp\/v2\/product\/32769","targetHints":{"allow":["GET"]}}],"collection":[{"href":"https:\/\/www.carrerivegauche.com\/fr\/wp-json\/wp\/v2\/product"}],"about":[{"href":"https:\/\/www.carrerivegauche.com\/fr\/wp-json\/wp\/v2\/types\/product"}],"wp:featuredmedia":[{"embeddable":true,"href":"https:\/\/www.carrerivegauche.com\/fr\/wp-json\/wp\/v2\/media\/32751"}],"wp:attachment":[{"href":"https:\/\/www.carrerivegauche.com\/fr\/wp-json\/wp\/v2\/media?parent=32769"}],"wp:term":[{"taxonomy":"product_brand","embeddable":true,"href":"https:\/\/www.carrerivegauche.com\/fr\/wp-json\/wp\/v2\/product_brand?post=32769"},{"taxonomy":"product_cat","embeddable":true,"href":"https:\/\/www.carrerivegauche.com\/fr\/wp-json\/wp\/v2\/product_cat?post=32769"},{"taxonomy":"product_tag","embeddable":true,"href":"https:\/\/www.carrerivegauche.com\/fr\/wp-json\/wp\/v2\/product_tag?post=32769"}],"curies":[{"name":"wp","href":"https:\/\/api.w.org\/{rel}","templated":true}]}}