 

{"id":32725,"date":"2025-11-27T11:32:26","date_gmt":"2025-11-27T10:32:26","guid":{"rendered":"https:\/\/www.carrerivegauche.com\/boutique-crg\/rare-ensemble-darticles-decurie-en-fonte-pour-quatre-chevaux-editions-fonderie-ducel-paris-france-vers-1870\/"},"modified":"2025-11-27T13:39:39","modified_gmt":"2025-11-27T12:39:39","slug":"rare-ensemble-darticles-decurie-en-fonte-pour-quatre-chevaux-editions-fonderie-ducel-paris-france-vers-1870","status":"publish","type":"product","link":"https:\/\/www.carrerivegauche.com\/fr\/boutique-crg\/rare-ensemble-darticles-decurie-en-fonte-pour-quatre-chevaux-editions-fonderie-ducel-paris-france-vers-1870\/","title":{"rendered":"Rare ensemble d\u2019articles d\u2019\u00e9curie en fonte pour quatre chevaux, \u00c9ditions Fonderie Ducel, Paris, France, vers 1870"},"content":{"rendered":"<div class=\"content-description\">\n<div class=\"content-description\">\n<p>Bel ensemble d\u2019\u00e9curie de ch\u00e2teau en fonte pour quatre chevaux \u00e0 d\u00e9cor de chasse.<br \/>Quatre porte-selles<br \/>Quatre porte-harnais<br \/>Six porte-brides<br \/>Un porte-cravaches<br \/>Quatre crochets<\/p>\n<p>Probablement r\u00e9alis\u00e9s d\u2019apr\u00e8s des mod\u00e8les de la fonderie Ducel, rachet\u00e9e en 1878 par la fonderie du Val d\u2019Osne.<\/p>\n<p>Dimensions de chaque porte-selle:<br \/>Hauteur : 21 cm<br \/>Profondeur: 52 cm<br \/>Largeur: 40 cm<\/p>\n<p>Dimension chaque porte-brides:<br \/>Hauteur : 14 cm<br \/>Profondeur: 26 cm<br \/>Largeur: 16 cm<\/p>\n<\/div>\n<p><br data-mce-bogus=\"1\"><\/p>\n<p><span class=\"Y2IQFc\" lang=\"en\">Beautiful cast iron castle stable set for four horses with hunting decor.<\/span><\/p>\n<p>Four saddle racks<br \/>Four harness racks<br \/>Six bridle racks<br \/>One whip rack<br \/>Four hooks<\/p>\n<p>Probably made based on designs from the Ducel foundry, which was bought in 1878 by the Val d\u2019Osne foundry.<\/p>\n<p><span class=\"Y2IQFc\" lang=\"en\">Dimensions of each saddle rack:<br \/><\/span><span class=\"Y2IQFc\" lang=\"en\">Height: 8.27 inches<br \/>Depth: 20.47 inches<br \/>Width: 15.75 inches<\/span><\/p>\n<p><span class=\"Y2IQFc\" lang=\"en\">Dimensions of each bridle rack:<br \/>Height: 5.51 inches<br \/>Depth: 10.24 inches<br \/>Width: 6.30 inches<\/span><\/p>\n<\/div>\n<p><\/p>\n","protected":false},"excerpt":{"rendered":"<div class=\"content-description\">\n<h3 class=\"product-title\">Rare set of cast iron stable accessories for four horses, <a href=\"https:\/\/galerie-canavese.com\/en\/category\/decoration\/objets\/?taxo=edition&amp;id=801\">Ducel Foundry<\/a><br \/><em class=\"title_town\"><a href=\"https:\/\/galerie-canavese.com\/en\/category\/decoration\/objets\/?taxo=town&amp;id=401\">Paris<\/a><\/em>, <em class=\"title_country\"><a href=\"https:\/\/galerie-canavese.com\/en\/category\/decoration\/objets\/?taxo=country&amp;id=30\">France<\/a><\/em>, <em class=\"date_country\"> circa <a href=\"https:\/\/galerie-canavese.com\/en\/category\/decoration\/objets\/?taxo=year&amp;id=260&amp;mod=1870\">1870<\/a><\/em><\/h3>\n<\/div>\n<p><\/p>\n","protected":false},"featured_media":32704,"template":"","meta":[],"product_brand":[],"product_cat":[],"product_tag":[],"class_list":{"0":"post-32725","1":"product","2":"type-product","3":"status-publish","4":"has-post-thumbnail","6":"description-off","8":"first","9":"instock","10":"shipping-taxable","11":"product-type-simple"},"aioseo_notices":[],"_links":{"self":[{"href":"https:\/\/www.carrerivegauche.com\/fr\/wp-json\/wp\/v2\/product\/32725","targetHints":{"allow":["GET"]}}],"collection":[{"href":"https:\/\/www.carrerivegauche.com\/fr\/wp-json\/wp\/v2\/product"}],"about":[{"href":"https:\/\/www.carrerivegauche.com\/fr\/wp-json\/wp\/v2\/types\/product"}],"wp:featuredmedia":[{"embeddable":true,"href":"https:\/\/www.carrerivegauche.com\/fr\/wp-json\/wp\/v2\/media\/32704"}],"wp:attachment":[{"href":"https:\/\/www.carrerivegauche.com\/fr\/wp-json\/wp\/v2\/media?parent=32725"}],"wp:term":[{"taxonomy":"product_brand","embeddable":true,"href":"https:\/\/www.carrerivegauche.com\/fr\/wp-json\/wp\/v2\/product_brand?post=32725"},{"taxonomy":"product_cat","embeddable":true,"href":"https:\/\/www.carrerivegauche.com\/fr\/wp-json\/wp\/v2\/product_cat?post=32725"},{"taxonomy":"product_tag","embeddable":true,"href":"https:\/\/www.carrerivegauche.com\/fr\/wp-json\/wp\/v2\/product_tag?post=32725"}],"curies":[{"name":"wp","href":"https:\/\/api.w.org\/{rel}","templated":true}]}}