 

{"id":32703,"date":"2025-11-27T11:16:31","date_gmt":"2025-11-27T10:16:31","guid":{"rendered":"https:\/\/www.carrerivegauche.com\/boutique-crg\/grande-applique-murale-a-contrepoids-editions-maison-arlus-paris-france-vers-1950\/"},"modified":"2025-11-27T13:38:05","modified_gmt":"2025-11-27T12:38:05","slug":"grande-applique-murale-a-contrepoids-editions-maison-arlus-paris-france-vers-1950","status":"publish","type":"product","link":"https:\/\/www.carrerivegauche.com\/fr\/boutique-crg\/grande-applique-murale-a-contrepoids-editions-maison-arlus-paris-france-vers-1950\/","title":{"rendered":"Grande applique murale \u00e0 contrepoids, \u00c9ditions Maison Arlus, Paris, France, vers 1950"},"content":{"rendered":"<p>Rare applique murale \u00e0 contrepoids mod\u00e8le 1340, en m\u00e9tal laqu\u00e9 noir et laiton poli.<br \/>Le r\u00e9flecteur en forme de diabolo est muni de deux interrupteurs, un<br \/>contrepoids et deux articulations \u00e0 rotule permettent de positionner les<br \/>deux bras selon une infinie vari\u00e9t\u00e9 de positions.<\/p>\n<p>Rare counterweight wall lamp model 1340, in black lacquered metal and polished brass.<br \/>The diabolo-shaped reflector is equipped with two switches, a<br \/>counterweight, and two ball joints that allow the two arms to be<br \/>positioned in an infinite variety of ways.<\/p>\n","protected":false},"excerpt":{"rendered":"<h3 class=\"product-title\">Large wall light with counterweight, <a href=\"https:\/\/galerie-canavese.com\/en\/category\/luminaires\/appliques\/?taxo=edition&amp;id=374\">Maison Arlus<\/a><br \/><em class=\"title_town\"><a href=\"https:\/\/galerie-canavese.com\/en\/category\/luminaires\/appliques\/?taxo=town&amp;id=401\">Paris<\/a><\/em>, <em class=\"title_country\"><a href=\"https:\/\/galerie-canavese.com\/en\/category\/luminaires\/appliques\/?taxo=country&amp;id=30\">France<\/a><\/em>, <em class=\"date_country\"> circa <a href=\"https:\/\/galerie-canavese.com\/en\/category\/luminaires\/appliques\/?taxo=year&amp;id=178&amp;mod=1950\">1950<\/a><\/em><\/h3><\/p>\n","protected":false},"featured_media":32670,"template":"","meta":[],"product_brand":[],"product_cat":[],"product_tag":[],"class_list":{"0":"post-32703","1":"product","2":"type-product","3":"status-publish","4":"has-post-thumbnail","6":"description-off","8":"first","9":"instock","10":"shipping-taxable","11":"product-type-simple"},"aioseo_notices":[],"_links":{"self":[{"href":"https:\/\/www.carrerivegauche.com\/fr\/wp-json\/wp\/v2\/product\/32703","targetHints":{"allow":["GET"]}}],"collection":[{"href":"https:\/\/www.carrerivegauche.com\/fr\/wp-json\/wp\/v2\/product"}],"about":[{"href":"https:\/\/www.carrerivegauche.com\/fr\/wp-json\/wp\/v2\/types\/product"}],"wp:featuredmedia":[{"embeddable":true,"href":"https:\/\/www.carrerivegauche.com\/fr\/wp-json\/wp\/v2\/media\/32670"}],"wp:attachment":[{"href":"https:\/\/www.carrerivegauche.com\/fr\/wp-json\/wp\/v2\/media?parent=32703"}],"wp:term":[{"taxonomy":"product_brand","embeddable":true,"href":"https:\/\/www.carrerivegauche.com\/fr\/wp-json\/wp\/v2\/product_brand?post=32703"},{"taxonomy":"product_cat","embeddable":true,"href":"https:\/\/www.carrerivegauche.com\/fr\/wp-json\/wp\/v2\/product_cat?post=32703"},{"taxonomy":"product_tag","embeddable":true,"href":"https:\/\/www.carrerivegauche.com\/fr\/wp-json\/wp\/v2\/product_tag?post=32703"}],"curies":[{"name":"wp","href":"https:\/\/api.w.org\/{rel}","templated":true}]}}