 

{"id":32586,"date":"2025-07-26T15:37:20","date_gmt":"2025-07-26T13:37:20","guid":{"rendered":"https:\/\/www.carrerivegauche.com\/boutique-crg\/paire-de-vases-brule-parfum-formant-bougeoir-epoque-empire\/"},"modified":"2025-07-26T15:37:20","modified_gmt":"2025-07-26T13:37:20","slug":"paire-de-vases-brule-parfum-formant-bougeoir-epoque-empire","status":"publish","type":"product","link":"https:\/\/www.carrerivegauche.com\/fr\/boutique-crg\/paire-de-vases-brule-parfum-formant-bougeoir-epoque-empire\/","title":{"rendered":"Paire de vases Brule parfum formant bougeoir Epoque Empire"},"content":{"rendered":"<p><br data-mce-bogus=\"1\"><\/p>\n","protected":false},"excerpt":{"rendered":"<p><p align=\"center\" style=\"text-align:center\"><span>Paire de vases br\u00fble parfum en bronze finement<br \/>\ncisel\u00e9 et dor\u00e9 , le f\u00fbt en forme de vase sur pi\u00e9douche , la panse orn\u00e9e d\u2019une<br \/>\nlarge frise en bas-relief de sc\u00e8nes \u00e0 l\u2019antique ,le couvercle ajour\u00e9 \u00e0 volutes<br \/>\net motifs rayonnants avec une prise en bourgeon de lotus est reversible<br \/>\nd\u00e9couvrant une bob\u00e8che formant ainsi bougeoir .<\/span><\/p>\n<p align=\"center\" style=\"text-align:center\"><span>Ils reposent sur une base rectangulaire orn\u00e9e<br \/>\nsur trois faces de mascarons et un contre socle \u00e0 frise de rais-de-c\u0153ur <\/span><\/p>\n<p align=\"center\" style=\"text-align:center\"><span>Epoque Empire Paris vers 1805 .<\/span><\/p>\n<p align=\"center\" style=\"text-align:center\"><span>\u00a0<\/span><\/p>\n<p align=\"center\" style=\"text-align:center\"><\/p>\n<p><br data-mce-bogus=\"1\"><\/p>\n","protected":false},"featured_media":32577,"template":"","meta":[],"product_brand":[],"product_cat":[],"product_tag":[],"class_list":{"0":"post-32586","1":"product","2":"type-product","3":"status-publish","4":"has-post-thumbnail","6":"description-off","8":"first","9":"instock","10":"shipping-taxable","11":"purchasable","12":"product-type-simple"},"aioseo_notices":[],"_links":{"self":[{"href":"https:\/\/www.carrerivegauche.com\/fr\/wp-json\/wp\/v2\/product\/32586","targetHints":{"allow":["GET"]}}],"collection":[{"href":"https:\/\/www.carrerivegauche.com\/fr\/wp-json\/wp\/v2\/product"}],"about":[{"href":"https:\/\/www.carrerivegauche.com\/fr\/wp-json\/wp\/v2\/types\/product"}],"wp:featuredmedia":[{"embeddable":true,"href":"https:\/\/www.carrerivegauche.com\/fr\/wp-json\/wp\/v2\/media\/32577"}],"wp:attachment":[{"href":"https:\/\/www.carrerivegauche.com\/fr\/wp-json\/wp\/v2\/media?parent=32586"}],"wp:term":[{"taxonomy":"product_brand","embeddable":true,"href":"https:\/\/www.carrerivegauche.com\/fr\/wp-json\/wp\/v2\/product_brand?post=32586"},{"taxonomy":"product_cat","embeddable":true,"href":"https:\/\/www.carrerivegauche.com\/fr\/wp-json\/wp\/v2\/product_cat?post=32586"},{"taxonomy":"product_tag","embeddable":true,"href":"https:\/\/www.carrerivegauche.com\/fr\/wp-json\/wp\/v2\/product_tag?post=32586"}],"curies":[{"name":"wp","href":"https:\/\/api.w.org\/{rel}","templated":true}]}}