 

{"id":32573,"date":"2025-07-26T11:44:03","date_gmt":"2025-07-26T09:44:03","guid":{"rendered":"https:\/\/www.carrerivegauche.com\/boutique-crg\/paire-de-larges-cabriolets-epoque-louis-xvi-estampilles-delaisement\/"},"modified":"2025-07-26T11:44:03","modified_gmt":"2025-07-26T09:44:03","slug":"paire-de-larges-cabriolets-epoque-louis-xvi-estampilles-delaisement","status":"publish","type":"product","link":"https:\/\/www.carrerivegauche.com\/fr\/boutique-crg\/paire-de-larges-cabriolets-epoque-louis-xvi-estampilles-delaisement\/","title":{"rendered":"Paire de larges cabriolets Epoque Louis XVI Estampill\u00e9s Delaisement"},"content":{"rendered":"<p><br data-mce-bogus=\"1\"><\/p>\n","protected":false},"excerpt":{"rendered":"<p><p><span>Paire de si\u00e8ges<br \/>\nlarges cabriolets en h\u00eatre rechampi , \u00e0 dossier incurv\u00e9 \u00e0 chapeau, orn\u00e9 en son<br \/>\ncentre d\u2019une riche feuille d\u2019acanthe autour de plumets feuillag\u00e9s .Ils sont<br \/>\nenti\u00e8rement moulur\u00e9s et sculpt\u00e9s d\u2019une frise d\u2019entrelacs qui se prolonge sur<br \/>\nles accotoirs \u00e0 enroulements. Les ceintures sont \u00e9galement orn\u00e9es de frise<br \/>\nd\u2019entrelacs , les quatre pieds cannel\u00e9s rudent\u00e9s de feuillages .<\/span><\/p>\n<p><span>Epoque Louis<br \/>\nXVI Paris\u00a0;ils portent l\u2019estampille du ma\u00eetre \u00e9b\u00e9niste Delaisement .<\/span><\/p>\n<p><span>Nicolas Denis<br \/>\nDelaisement 1749-1804 , ma\u00eetre en 1776 . Parfait \u00e9tat de conservation .<\/span><\/p>\n<p><\/p>\n<p><br data-mce-bogus=\"1\"><\/p>\n","protected":false},"featured_media":32564,"template":"","meta":[],"product_brand":[],"product_cat":[],"product_tag":[],"class_list":{"0":"post-32573","1":"product","2":"type-product","3":"status-publish","4":"has-post-thumbnail","6":"description-off","8":"first","9":"instock","10":"shipping-taxable","11":"purchasable","12":"product-type-simple"},"aioseo_notices":[],"_links":{"self":[{"href":"https:\/\/www.carrerivegauche.com\/fr\/wp-json\/wp\/v2\/product\/32573","targetHints":{"allow":["GET"]}}],"collection":[{"href":"https:\/\/www.carrerivegauche.com\/fr\/wp-json\/wp\/v2\/product"}],"about":[{"href":"https:\/\/www.carrerivegauche.com\/fr\/wp-json\/wp\/v2\/types\/product"}],"wp:featuredmedia":[{"embeddable":true,"href":"https:\/\/www.carrerivegauche.com\/fr\/wp-json\/wp\/v2\/media\/32564"}],"wp:attachment":[{"href":"https:\/\/www.carrerivegauche.com\/fr\/wp-json\/wp\/v2\/media?parent=32573"}],"wp:term":[{"taxonomy":"product_brand","embeddable":true,"href":"https:\/\/www.carrerivegauche.com\/fr\/wp-json\/wp\/v2\/product_brand?post=32573"},{"taxonomy":"product_cat","embeddable":true,"href":"https:\/\/www.carrerivegauche.com\/fr\/wp-json\/wp\/v2\/product_cat?post=32573"},{"taxonomy":"product_tag","embeddable":true,"href":"https:\/\/www.carrerivegauche.com\/fr\/wp-json\/wp\/v2\/product_tag?post=32573"}],"curies":[{"name":"wp","href":"https:\/\/api.w.org\/{rel}","templated":true}]}}