 

{"id":32562,"date":"2025-07-25T18:37:31","date_gmt":"2025-07-25T16:37:31","guid":{"rendered":"https:\/\/www.carrerivegauche.com\/boutique-crg\/paire-de-grands-candelabres-aux-vestales-fin-xviiieme\/"},"modified":"2025-07-25T18:37:31","modified_gmt":"2025-07-25T16:37:31","slug":"paire-de-grands-candelabres-aux-vestales-fin-xviiieme","status":"publish","type":"product","link":"https:\/\/www.carrerivegauche.com\/fr\/boutique-crg\/paire-de-grands-candelabres-aux-vestales-fin-xviiieme\/","title":{"rendered":"Paire de grands cand\u00e9labres aux Vestales fin XVIII\u00e8me"},"content":{"rendered":"<p><br data-mce-bogus=\"1\"><\/p>\n","protected":false},"excerpt":{"rendered":"<p><p align=\"center\" style=\"text-align:center\"><span>Paire de cand\u00e9labres en bronze patin\u00e9 et dor\u00e9 ,<br \/>\n\u00e0 trois bras de lumi\u00e8re pr\u00e9sentant deux figures f\u00e9minimes v\u00eatues de drap\u00e9s \u00e0<br \/>\nl&rsquo;Antique en bronze patin\u00e9, portant toutes deux une longue corne d&rsquo;abondance<br \/>\nfinement cisel\u00e9e , de laquelle \u00e9mergent les trois branches de lumi\u00e8re en<br \/>\narabesque \u00e0 t\u00eate d&rsquo;aigle en bronze<span>\u00a0<br \/>\n<\/span>cisel\u00e9 et dor\u00e9 richement orn\u00e9es de feuillages grain\u00e9s , le f\u00fbt du centre<br \/>\nsomm\u00e9 d&rsquo;une urne formant bougeoir .<\/span><\/p>\n<p align=\"center\" style=\"text-align:center\"><span>Socle rond en marbre rouge griotte ceint en son<br \/>\ncentre , entre un bronze perl\u00e9<span>\u00a0 <\/span>et une<br \/>\nfrise de feuilles d&rsquo;eau , d&rsquo;un cercle de bronze dor\u00e9 orn\u00e9 finement de sc\u00e8nes<br \/>\nmythologiques; contre socle carr\u00e9 \u00e0 angles coup\u00e9s .<\/span><\/p>\n<p align=\"center\" style=\"text-align:center\"><span>Epoque fin XVIII\u00e8me si\u00e8cle , Paris .<\/span><\/p>\n<p align=\"center\" style=\"text-align:center\"><span>Base 15 x 15 cm<span>\u00a0\u00a0\u00a0\u00a0\u00a0 <\/span>Hauteur<span>\u00a0<br \/>\n<\/span>87 cm <\/span><\/p>\n<p align=\"center\" style=\"text-align:center\"><span>\u00a0<\/span><\/p>\n<p><br data-mce-bogus=\"1\"><\/p>\n","protected":false},"featured_media":32553,"template":"","meta":[],"product_brand":[],"product_cat":[],"product_tag":[],"class_list":{"0":"post-32562","1":"product","2":"type-product","3":"status-publish","4":"has-post-thumbnail","6":"description-off","8":"first","9":"instock","10":"shipping-taxable","11":"purchasable","12":"product-type-simple"},"aioseo_notices":[],"_links":{"self":[{"href":"https:\/\/www.carrerivegauche.com\/fr\/wp-json\/wp\/v2\/product\/32562","targetHints":{"allow":["GET"]}}],"collection":[{"href":"https:\/\/www.carrerivegauche.com\/fr\/wp-json\/wp\/v2\/product"}],"about":[{"href":"https:\/\/www.carrerivegauche.com\/fr\/wp-json\/wp\/v2\/types\/product"}],"wp:featuredmedia":[{"embeddable":true,"href":"https:\/\/www.carrerivegauche.com\/fr\/wp-json\/wp\/v2\/media\/32553"}],"wp:attachment":[{"href":"https:\/\/www.carrerivegauche.com\/fr\/wp-json\/wp\/v2\/media?parent=32562"}],"wp:term":[{"taxonomy":"product_brand","embeddable":true,"href":"https:\/\/www.carrerivegauche.com\/fr\/wp-json\/wp\/v2\/product_brand?post=32562"},{"taxonomy":"product_cat","embeddable":true,"href":"https:\/\/www.carrerivegauche.com\/fr\/wp-json\/wp\/v2\/product_cat?post=32562"},{"taxonomy":"product_tag","embeddable":true,"href":"https:\/\/www.carrerivegauche.com\/fr\/wp-json\/wp\/v2\/product_tag?post=32562"}],"curies":[{"name":"wp","href":"https:\/\/api.w.org\/{rel}","templated":true}]}}