 

{"id":32552,"date":"2025-07-25T18:28:00","date_gmt":"2025-07-25T16:28:00","guid":{"rendered":"https:\/\/www.carrerivegauche.com\/boutique-crg\/ployant-xviiieme-siecle\/"},"modified":"2025-07-25T18:28:00","modified_gmt":"2025-07-25T16:28:00","slug":"ployant-xviiieme-siecle","status":"publish","type":"product","link":"https:\/\/www.carrerivegauche.com\/fr\/boutique-crg\/ployant-xviiieme-siecle\/","title":{"rendered":"Ployant XVIII\u00e8me Si\u00e8cle"},"content":{"rendered":"<p><br data-mce-bogus=\"1\"><\/p>\n","protected":false},"excerpt":{"rendered":"<p><p align=\"center\" style=\"text-align:center\"><span>Ployant en noyer moulur\u00e9 et sculpt\u00e9 , le<br \/>\npi\u00e8tement mouvement\u00e9 en X centr\u00e9 de fleurettes , sur quatre pieds termin\u00e9s en<br \/>\nenroulement .<\/span><\/p>\n<p align=\"center\" style=\"text-align:center\"><span>Travail Italien du milieu du XVIII\u00e9me<span>\u00a0 <\/span>si\u00e8cle en parfait \u00e9tat .<\/span><\/p>\n<p align=\"center\" style=\"text-align:center\"><\/p>\n<p align=\"center\" style=\"text-align:center\"><span>\u00a0<\/span><\/p>\n<p><br data-mce-bogus=\"1\"><\/p>\n","protected":false},"featured_media":32543,"template":"","meta":[],"product_brand":[],"product_cat":[],"product_tag":[],"class_list":{"0":"post-32552","1":"product","2":"type-product","3":"status-publish","4":"has-post-thumbnail","6":"description-off","8":"first","9":"instock","10":"shipping-taxable","11":"purchasable","12":"product-type-simple"},"aioseo_notices":[],"_links":{"self":[{"href":"https:\/\/www.carrerivegauche.com\/fr\/wp-json\/wp\/v2\/product\/32552","targetHints":{"allow":["GET"]}}],"collection":[{"href":"https:\/\/www.carrerivegauche.com\/fr\/wp-json\/wp\/v2\/product"}],"about":[{"href":"https:\/\/www.carrerivegauche.com\/fr\/wp-json\/wp\/v2\/types\/product"}],"wp:featuredmedia":[{"embeddable":true,"href":"https:\/\/www.carrerivegauche.com\/fr\/wp-json\/wp\/v2\/media\/32543"}],"wp:attachment":[{"href":"https:\/\/www.carrerivegauche.com\/fr\/wp-json\/wp\/v2\/media?parent=32552"}],"wp:term":[{"taxonomy":"product_brand","embeddable":true,"href":"https:\/\/www.carrerivegauche.com\/fr\/wp-json\/wp\/v2\/product_brand?post=32552"},{"taxonomy":"product_cat","embeddable":true,"href":"https:\/\/www.carrerivegauche.com\/fr\/wp-json\/wp\/v2\/product_cat?post=32552"},{"taxonomy":"product_tag","embeddable":true,"href":"https:\/\/www.carrerivegauche.com\/fr\/wp-json\/wp\/v2\/product_tag?post=32552"}],"curies":[{"name":"wp","href":"https:\/\/api.w.org\/{rel}","templated":true}]}}