 

{"id":32532,"date":"2025-07-25T18:16:00","date_gmt":"2025-07-25T16:16:00","guid":{"rendered":"https:\/\/www.carrerivegauche.com\/boutique-crg\/paire-de-consoles-epoque-louis-xvi-bois-dore\/"},"modified":"2025-07-25T18:16:00","modified_gmt":"2025-07-25T16:16:00","slug":"paire-de-consoles-epoque-louis-xvi-bois-dore","status":"publish","type":"product","link":"https:\/\/www.carrerivegauche.com\/fr\/boutique-crg\/paire-de-consoles-epoque-louis-xvi-bois-dore\/","title":{"rendered":"Paire de Consoles Epoque Louis XVI Bois dor\u00e9"},"content":{"rendered":"<p><br data-mce-bogus=\"1\"><\/p>\n","protected":false},"excerpt":{"rendered":"<p align=\"center\" style=\"text-align:center\"><span>Paire de consoles de forme<br \/>\nrectangulaire \u00e0 coins arrondis, en h\u00eatre sculpt\u00e9 et dor\u00e9 , ceintures orn\u00e9es<br \/>\nentre deux perl\u00e9s dune frise de rosaces l\u00e9g\u00e8rement ajour\u00e9e , les d\u00e9s de raccordement<br \/>\nsculpt\u00e9 de fleurs d\u2019h\u00e9lianthes.\u00a0 Elles<br \/>\nreposent sous un\u00a0 chapiteau d\u2019acanthes<br \/>\npar quatre pieds fusel\u00e9s cannel\u00e9s sculpt\u00e9s r\u00e9unis par une entretoise en X ,\u00e0<br \/>\ncannelures et piastres sur le replat, dont le centre est enrichi\u00a0 d\u2019un grand bouquet champ\u00eatre , roses<br \/>\nfleurettes et feuillages port\u00e9 par un vase ans\u00e9 torsad\u00e9\u00a0 .<\/span><\/p>\n<p align=\"center\" style=\"text-align:center\"><span>Dessus en marbre \u00e0 cavet et<br \/>\nressauts accompagnant la disposition des montants Marbre des Pyr\u00e9n\u00e9es .<\/span><\/p>\n<p align=\"center\" style=\"text-align:center\"><span>Epoque Louis XVI .<\/span><\/p>\n<p><\/p>\n","protected":false},"featured_media":32523,"template":"","meta":[],"product_brand":[],"product_cat":[],"product_tag":[],"class_list":{"0":"post-32532","1":"product","2":"type-product","3":"status-publish","4":"has-post-thumbnail","6":"description-off","8":"first","9":"instock","10":"shipping-taxable","11":"purchasable","12":"product-type-simple"},"aioseo_notices":[],"_links":{"self":[{"href":"https:\/\/www.carrerivegauche.com\/fr\/wp-json\/wp\/v2\/product\/32532","targetHints":{"allow":["GET"]}}],"collection":[{"href":"https:\/\/www.carrerivegauche.com\/fr\/wp-json\/wp\/v2\/product"}],"about":[{"href":"https:\/\/www.carrerivegauche.com\/fr\/wp-json\/wp\/v2\/types\/product"}],"wp:featuredmedia":[{"embeddable":true,"href":"https:\/\/www.carrerivegauche.com\/fr\/wp-json\/wp\/v2\/media\/32523"}],"wp:attachment":[{"href":"https:\/\/www.carrerivegauche.com\/fr\/wp-json\/wp\/v2\/media?parent=32532"}],"wp:term":[{"taxonomy":"product_brand","embeddable":true,"href":"https:\/\/www.carrerivegauche.com\/fr\/wp-json\/wp\/v2\/product_brand?post=32532"},{"taxonomy":"product_cat","embeddable":true,"href":"https:\/\/www.carrerivegauche.com\/fr\/wp-json\/wp\/v2\/product_cat?post=32532"},{"taxonomy":"product_tag","embeddable":true,"href":"https:\/\/www.carrerivegauche.com\/fr\/wp-json\/wp\/v2\/product_tag?post=32532"}],"curies":[{"name":"wp","href":"https:\/\/api.w.org\/{rel}","templated":true}]}}