 

{"id":32522,"date":"2025-07-25T18:09:25","date_gmt":"2025-07-25T16:09:25","guid":{"rendered":"https:\/\/www.carrerivegauche.com\/boutique-crg\/commode-marquetee-epoque-transition-estampilee-j-b-detroulleau-1737-1780\/"},"modified":"2025-07-25T18:09:25","modified_gmt":"2025-07-25T16:09:25","slug":"commode-marquetee-epoque-transition-estampilee-j-b-detroulleau-1737-1780","status":"publish","type":"product","link":"https:\/\/www.carrerivegauche.com\/fr\/boutique-crg\/commode-marquetee-epoque-transition-estampilee-j-b-detroulleau-1737-1780\/","title":{"rendered":"Commode Marquet\u00e9e Epoque Transition Estampil\u00e9e J.B. Detroulleau 1737 -1780"},"content":{"rendered":"<p><br data-mce-bogus=\"1\"><\/p>\n","protected":false},"excerpt":{"rendered":"<p><p align=\"center\" style=\"text-align:center\"><span>Commode ouvrant \u00e0 trois tiroirs sans traverse<br \/>\n,en marqueterie \u00e0 c\u0153urs et losanges entrelac\u00e9s sur fond de bois de rose avec<br \/>\ndes \u0153illets finement regrav\u00e9s, les entrelacs sont de buis et d\u2019amarante , les<br \/>\nliens en sycomore teint\u00e9 rouge . Les cot\u00e9s ,\u00e0 ressaut ,<span>\u00a0 <\/span>sont marquet\u00e9s de branchages fleuris , les<br \/>\nmontants avant \u00e0 pan coup\u00e9 sont d\u00e9cor\u00e9s de fausses cannelures\u00a0et se<br \/>\nterminent par des petits pieds galb\u00e9s.<\/span><\/p>\n<p align=\"center\" style=\"text-align:center\"><span>Superbe garniture de bronzes cisel\u00e9s et<br \/>\ndor\u00e9s\u00a0; dessus de marbre \u00ab\u00a0br\u00e8che d\u2019 Alep\u00a0\u00bb .<\/span><\/p>\n<p align=\"center\" style=\"text-align:center\"><span>Epoque Transition Louis XV \u2013Louis XVI .<\/span><\/p>\n<p align=\"center\" style=\"text-align:center\"><span>Estampille du ma\u00eetre \u00e9b\u00e9niste Parisien Jean<br \/>\nBaptiste Detroulleau 1737 -1780 <\/span><\/p>\n<p align=\"center\" style=\"text-align:center\"><\/p>\n<p align=\"center\" style=\"text-align:center\"><span>Tr\u00e8s bon \u00e9tat de conservation ,serrures<br \/>\nd\u2019origine .<\/span><\/p>\n<p><br data-mce-bogus=\"1\"><\/p>\n","protected":false},"featured_media":32510,"template":"","meta":[],"product_brand":[],"product_cat":[],"product_tag":[],"class_list":{"0":"post-32522","1":"product","2":"type-product","3":"status-publish","4":"has-post-thumbnail","6":"description-off","8":"first","9":"instock","10":"shipping-taxable","11":"purchasable","12":"product-type-simple"},"aioseo_notices":[],"_links":{"self":[{"href":"https:\/\/www.carrerivegauche.com\/fr\/wp-json\/wp\/v2\/product\/32522","targetHints":{"allow":["GET"]}}],"collection":[{"href":"https:\/\/www.carrerivegauche.com\/fr\/wp-json\/wp\/v2\/product"}],"about":[{"href":"https:\/\/www.carrerivegauche.com\/fr\/wp-json\/wp\/v2\/types\/product"}],"wp:featuredmedia":[{"embeddable":true,"href":"https:\/\/www.carrerivegauche.com\/fr\/wp-json\/wp\/v2\/media\/32510"}],"wp:attachment":[{"href":"https:\/\/www.carrerivegauche.com\/fr\/wp-json\/wp\/v2\/media?parent=32522"}],"wp:term":[{"taxonomy":"product_brand","embeddable":true,"href":"https:\/\/www.carrerivegauche.com\/fr\/wp-json\/wp\/v2\/product_brand?post=32522"},{"taxonomy":"product_cat","embeddable":true,"href":"https:\/\/www.carrerivegauche.com\/fr\/wp-json\/wp\/v2\/product_cat?post=32522"},{"taxonomy":"product_tag","embeddable":true,"href":"https:\/\/www.carrerivegauche.com\/fr\/wp-json\/wp\/v2\/product_tag?post=32522"}],"curies":[{"name":"wp","href":"https:\/\/api.w.org\/{rel}","templated":true}]}}