 

{"id":32509,"date":"2025-07-25T17:55:45","date_gmt":"2025-07-25T15:55:45","guid":{"rendered":"https:\/\/www.carrerivegauche.com\/boutique-crg\/rare-commode-epoque-louis-xv\/"},"modified":"2025-07-25T17:55:46","modified_gmt":"2025-07-25T15:55:46","slug":"rare-commode-epoque-louis-xv","status":"publish","type":"product","link":"https:\/\/www.carrerivegauche.com\/fr\/boutique-crg\/rare-commode-epoque-louis-xv\/","title":{"rendered":"Rare Commode Epoque louis XV"},"content":{"rendered":"<p><br data-mce-bogus=\"1\"><\/p>\n","protected":false},"excerpt":{"rendered":"<p>Rare commode \u00e9troite en placage de bois de rose dispos\u00e9 en filets et croisillons ,de forme mouvement\u00e9e , cot\u00e9s tr\u00e8s incurv\u00e9s , ouvrant par quatre tiroirs sur deux rangs . Elle repose sur quatre pieds cambr\u00e9s , montants ant\u00e9rieurs fortement cambr\u00e9s .<\/p>\n<p>Tr\u00e8s belle ornementation de bronzes cisel\u00e9s et dor\u00e9s . Plateau en marbre des Flandres .<\/p>\n<p>\u00a0<\/p>\n","protected":false},"featured_media":32503,"template":"","meta":[],"product_brand":[],"product_cat":[],"product_tag":[],"class_list":{"0":"post-32509","1":"product","2":"type-product","3":"status-publish","4":"has-post-thumbnail","6":"description-off","8":"first","9":"instock","10":"shipping-taxable","11":"purchasable","12":"product-type-simple"},"aioseo_notices":[],"_links":{"self":[{"href":"https:\/\/www.carrerivegauche.com\/fr\/wp-json\/wp\/v2\/product\/32509","targetHints":{"allow":["GET"]}}],"collection":[{"href":"https:\/\/www.carrerivegauche.com\/fr\/wp-json\/wp\/v2\/product"}],"about":[{"href":"https:\/\/www.carrerivegauche.com\/fr\/wp-json\/wp\/v2\/types\/product"}],"wp:featuredmedia":[{"embeddable":true,"href":"https:\/\/www.carrerivegauche.com\/fr\/wp-json\/wp\/v2\/media\/32503"}],"wp:attachment":[{"href":"https:\/\/www.carrerivegauche.com\/fr\/wp-json\/wp\/v2\/media?parent=32509"}],"wp:term":[{"taxonomy":"product_brand","embeddable":true,"href":"https:\/\/www.carrerivegauche.com\/fr\/wp-json\/wp\/v2\/product_brand?post=32509"},{"taxonomy":"product_cat","embeddable":true,"href":"https:\/\/www.carrerivegauche.com\/fr\/wp-json\/wp\/v2\/product_cat?post=32509"},{"taxonomy":"product_tag","embeddable":true,"href":"https:\/\/www.carrerivegauche.com\/fr\/wp-json\/wp\/v2\/product_tag?post=32509"}],"curies":[{"name":"wp","href":"https:\/\/api.w.org\/{rel}","templated":true}]}}