 

{"id":32483,"date":"2025-07-23T17:58:50","date_gmt":"2025-07-23T15:58:50","guid":{"rendered":"https:\/\/www.carrerivegauche.com\/boutique-crg\/panneau-de-cuir-a-decor-de-putti-fin-16e\/"},"modified":"2025-07-23T17:58:50","modified_gmt":"2025-07-23T15:58:50","slug":"panneau-de-cuir-a-decor-de-putti-fin-16e","status":"publish","type":"product","link":"https:\/\/www.carrerivegauche.com\/fr\/boutique-crg\/panneau-de-cuir-a-decor-de-putti-fin-16e\/","title":{"rendered":"Panneau de cuir \u00e0 d\u00e9cor de putti, fin 16e"},"content":{"rendered":"<p><br data-mce-bogus=\"1\"><\/p>\n","protected":false},"excerpt":{"rendered":"<p>Ce panneau en cuir estamp\u00e9 a \u00e9t\u00e9 r\u00e9alis\u00e9 \u00e0 la fin du XVIe si\u00e8cle.\u00a0<\/p>\n<p>Il pr\u00e9sente un d\u00e9cor raffin\u00e9 typique de la Renaissance. On y voit des putti, petits personnages enfantins symbolisant l&rsquo;innocence.<\/p>\n<p>\u00a0Le panneau est aussi orn\u00e9 de rinceaux, de feuillages stylis\u00e9s et d&rsquo;une couronne de laurier, symbole de victoire.\u00a0<\/p>\n<p>Des t\u00eates de dauphins compl\u00e8tent la composition, un motif souvent utilis\u00e9 pour \u00e9voquer la mer et la protection<\/p>\n<p>20 x 33 cm<\/p>\n<p>socle 36 cm ht<\/p>\n","protected":false},"featured_media":32462,"template":"","meta":[],"product_brand":[],"product_cat":[],"product_tag":[],"class_list":{"0":"post-32483","1":"product","2":"type-product","3":"status-publish","4":"has-post-thumbnail","6":"description-off","8":"first","9":"instock","10":"shipping-taxable","11":"purchasable","12":"product-type-simple"},"aioseo_notices":[],"_links":{"self":[{"href":"https:\/\/www.carrerivegauche.com\/fr\/wp-json\/wp\/v2\/product\/32483","targetHints":{"allow":["GET"]}}],"collection":[{"href":"https:\/\/www.carrerivegauche.com\/fr\/wp-json\/wp\/v2\/product"}],"about":[{"href":"https:\/\/www.carrerivegauche.com\/fr\/wp-json\/wp\/v2\/types\/product"}],"wp:featuredmedia":[{"embeddable":true,"href":"https:\/\/www.carrerivegauche.com\/fr\/wp-json\/wp\/v2\/media\/32462"}],"wp:attachment":[{"href":"https:\/\/www.carrerivegauche.com\/fr\/wp-json\/wp\/v2\/media?parent=32483"}],"wp:term":[{"taxonomy":"product_brand","embeddable":true,"href":"https:\/\/www.carrerivegauche.com\/fr\/wp-json\/wp\/v2\/product_brand?post=32483"},{"taxonomy":"product_cat","embeddable":true,"href":"https:\/\/www.carrerivegauche.com\/fr\/wp-json\/wp\/v2\/product_cat?post=32483"},{"taxonomy":"product_tag","embeddable":true,"href":"https:\/\/www.carrerivegauche.com\/fr\/wp-json\/wp\/v2\/product_tag?post=32483"}],"curies":[{"name":"wp","href":"https:\/\/api.w.org\/{rel}","templated":true}]}}