 

{"id":32448,"date":"2025-07-23T17:48:28","date_gmt":"2025-07-23T15:48:28","guid":{"rendered":"https:\/\/www.carrerivegauche.com\/boutique-crg\/grand-panneau-avec-partition-et-instruments-du-18e-siecle\/"},"modified":"2025-07-23T17:48:28","modified_gmt":"2025-07-23T15:48:28","slug":"grand-panneau-avec-partition-et-instruments-du-18e-siecle","status":"publish","type":"product","link":"https:\/\/www.carrerivegauche.com\/fr\/boutique-crg\/grand-panneau-avec-partition-et-instruments-du-18e-siecle\/","title":{"rendered":"Grand panneau avec partition et instruments du 18e si\u00e8cle"},"content":{"rendered":"<p><br data-mce-bogus=\"1\"><\/p>\n","protected":false},"excerpt":{"rendered":"<p>\u00c9l\u00e9gant panneau en ch\u00eane sculpt\u00e9, peint et dor\u00e9, probablement destin\u00e9 \u00e0 orner un haut de porte.<\/p>\n<p>La composition met en sc\u00e8ne une partition ouverte, entour\u00e9e d&rsquo;instruments embl\u00e9matiques des arts musicaux :\u00a0 fl\u00fbte, fl\u00fbte traversi\u00e8re&#8230;<\/p>\n<p>La sc\u00e8ne est encadr\u00e9e d&rsquo;une \u00e9l\u00e9gante bordure v\u00e9g\u00e9tale sculpt\u00e9e en l\u00e9ger relief, rythm\u00e9e par des enroulements d&rsquo;acanthe et de grappes de fruits, typiques du go\u00fbt rocaille qui pr\u00e9dominait sous Louis XV.<\/p>\n","protected":false},"featured_media":32433,"template":"","meta":[],"product_brand":[],"product_cat":[],"product_tag":[],"class_list":{"0":"post-32448","1":"product","2":"type-product","3":"status-publish","4":"has-post-thumbnail","6":"description-off","8":"first","9":"instock","10":"shipping-taxable","11":"purchasable","12":"product-type-simple"},"aioseo_notices":[],"_links":{"self":[{"href":"https:\/\/www.carrerivegauche.com\/fr\/wp-json\/wp\/v2\/product\/32448","targetHints":{"allow":["GET"]}}],"collection":[{"href":"https:\/\/www.carrerivegauche.com\/fr\/wp-json\/wp\/v2\/product"}],"about":[{"href":"https:\/\/www.carrerivegauche.com\/fr\/wp-json\/wp\/v2\/types\/product"}],"wp:featuredmedia":[{"embeddable":true,"href":"https:\/\/www.carrerivegauche.com\/fr\/wp-json\/wp\/v2\/media\/32433"}],"wp:attachment":[{"href":"https:\/\/www.carrerivegauche.com\/fr\/wp-json\/wp\/v2\/media?parent=32448"}],"wp:term":[{"taxonomy":"product_brand","embeddable":true,"href":"https:\/\/www.carrerivegauche.com\/fr\/wp-json\/wp\/v2\/product_brand?post=32448"},{"taxonomy":"product_cat","embeddable":true,"href":"https:\/\/www.carrerivegauche.com\/fr\/wp-json\/wp\/v2\/product_cat?post=32448"},{"taxonomy":"product_tag","embeddable":true,"href":"https:\/\/www.carrerivegauche.com\/fr\/wp-json\/wp\/v2\/product_tag?post=32448"}],"curies":[{"name":"wp","href":"https:\/\/api.w.org\/{rel}","templated":true}]}}