 

{"id":32432,"date":"2025-07-23T17:43:40","date_gmt":"2025-07-23T15:43:40","guid":{"rendered":"https:\/\/www.carrerivegauche.com\/boutique-crg\/huile-fragment-du-portement-de-la-croix-19eme\/"},"modified":"2025-07-23T17:43:40","modified_gmt":"2025-07-23T15:43:40","slug":"huile-fragment-du-portement-de-la-croix-19eme","status":"publish","type":"product","link":"https:\/\/www.carrerivegauche.com\/fr\/boutique-crg\/huile-fragment-du-portement-de-la-croix-19eme\/","title":{"rendered":"Huile , Fragment du Portement de la croix, 19\u00e8me"},"content":{"rendered":"<p><br data-mce-bogus=\"1\"><\/p>\n","protected":false},"excerpt":{"rendered":"<p data-start=\"64\" data-end=\"807\">Ce fragment est une huile sur toile cotnrecoll\u00e9 sur m\u00e9tal, datant du 19\u00e8me, vraisemblablement issue d\u2019un ensemble plus vaste, comme un retable ou un polyptyque.<\/p>\n<p data-start=\"64\" data-end=\"807\">Notre oeuvre repr\u00e9sente une sc\u00e8ne du \u00ab\u202fPortement de la Croix\u202f\u00bb, un th\u00e8me central de la Passion du Christ.<br \/>Cette iconographie est tr\u00e8s courante dans la peinture de la Renaissance, en particulier chez les artistes du Nord de l\u2019Europe<\/p>\n<p>La pi\u00e8ce, de forme irr\u00e9guli\u00e8re, montre un jeune homme v\u00eatu d\u2019une tunique gris clair et d\u2019un pagne vert, ceint d\u2019une corde violette.<br \/>Il semble porter une poutre ou un morceau de croix sur l\u2019\u00e9paule, ce qui \u00e9voque une sc\u00e8ne religieuse, peut\u2011\u00eatre la mont\u00e9e au Calvaire.<\/p>\n<p>\u00c0 l\u2019arri\u00e8re-plan, on distingue partiellement le visage d\u2019une figure voil\u00e9e, homme ou femme &#8230;<\/p>\n<p>Le fragment est aujourd\u2019hui pr\u00e9sent\u00e9 sur un support moderne noir qui permet son exposition.<\/p>\n","protected":false},"featured_media":32414,"template":"","meta":[],"product_brand":[],"product_cat":[],"product_tag":[],"class_list":{"0":"post-32432","1":"product","2":"type-product","3":"status-publish","4":"has-post-thumbnail","6":"description-off","8":"first","9":"instock","10":"shipping-taxable","11":"purchasable","12":"product-type-simple"},"aioseo_notices":[],"_links":{"self":[{"href":"https:\/\/www.carrerivegauche.com\/fr\/wp-json\/wp\/v2\/product\/32432","targetHints":{"allow":["GET"]}}],"collection":[{"href":"https:\/\/www.carrerivegauche.com\/fr\/wp-json\/wp\/v2\/product"}],"about":[{"href":"https:\/\/www.carrerivegauche.com\/fr\/wp-json\/wp\/v2\/types\/product"}],"wp:featuredmedia":[{"embeddable":true,"href":"https:\/\/www.carrerivegauche.com\/fr\/wp-json\/wp\/v2\/media\/32414"}],"wp:attachment":[{"href":"https:\/\/www.carrerivegauche.com\/fr\/wp-json\/wp\/v2\/media?parent=32432"}],"wp:term":[{"taxonomy":"product_brand","embeddable":true,"href":"https:\/\/www.carrerivegauche.com\/fr\/wp-json\/wp\/v2\/product_brand?post=32432"},{"taxonomy":"product_cat","embeddable":true,"href":"https:\/\/www.carrerivegauche.com\/fr\/wp-json\/wp\/v2\/product_cat?post=32432"},{"taxonomy":"product_tag","embeddable":true,"href":"https:\/\/www.carrerivegauche.com\/fr\/wp-json\/wp\/v2\/product_tag?post=32432"}],"curies":[{"name":"wp","href":"https:\/\/api.w.org\/{rel}","templated":true}]}}