 

{"id":32413,"date":"2025-07-22T18:59:40","date_gmt":"2025-07-22T16:59:40","guid":{"rendered":"https:\/\/www.carrerivegauche.com\/boutique-crg\/une-huile-sur-toile-coq-nourissier-18eme\/"},"modified":"2025-07-22T18:59:41","modified_gmt":"2025-07-22T16:59:41","slug":"une-huile-sur-toile-coq-nourissier-18eme","status":"publish","type":"product","link":"https:\/\/www.carrerivegauche.com\/fr\/boutique-crg\/une-huile-sur-toile-coq-nourissier-18eme\/","title":{"rendered":"Une huile sur toile, Coq nourissier 18\u00e8me"},"content":{"rendered":"<p><br data-mce-bogus=\"1\"><\/p>\n","protected":false},"excerpt":{"rendered":"<p>L&rsquo;oeuvre repr\u00e9sente un grand coq, debout en position anthropomorphe, versant de la nourriture depuis une grande coupe vers un groupe de poules et de poussins qui s\u2019agitent autour de lui.<\/p>\n<p>Tr\u00f4nant sur un pi\u00e9destal orn\u00e9 de motifs baroques, le coq prend une posture presque divine ou royale.<\/p>\n<p>Autour de lui, une v\u00e9g\u00e9tation suspendue, des insectes (libellules, papillons) et un d\u00e9cor soign\u00e9 ajoutent une touche bucolique et th\u00e9\u00e2trale.<\/p>\n","protected":false},"featured_media":32389,"template":"","meta":[],"product_brand":[],"product_cat":[],"product_tag":[],"class_list":{"0":"post-32413","1":"product","2":"type-product","3":"status-publish","4":"has-post-thumbnail","6":"description-off","8":"first","9":"instock","10":"shipping-taxable","11":"purchasable","12":"product-type-simple"},"aioseo_notices":[],"_links":{"self":[{"href":"https:\/\/www.carrerivegauche.com\/fr\/wp-json\/wp\/v2\/product\/32413","targetHints":{"allow":["GET"]}}],"collection":[{"href":"https:\/\/www.carrerivegauche.com\/fr\/wp-json\/wp\/v2\/product"}],"about":[{"href":"https:\/\/www.carrerivegauche.com\/fr\/wp-json\/wp\/v2\/types\/product"}],"wp:featuredmedia":[{"embeddable":true,"href":"https:\/\/www.carrerivegauche.com\/fr\/wp-json\/wp\/v2\/media\/32389"}],"wp:attachment":[{"href":"https:\/\/www.carrerivegauche.com\/fr\/wp-json\/wp\/v2\/media?parent=32413"}],"wp:term":[{"taxonomy":"product_brand","embeddable":true,"href":"https:\/\/www.carrerivegauche.com\/fr\/wp-json\/wp\/v2\/product_brand?post=32413"},{"taxonomy":"product_cat","embeddable":true,"href":"https:\/\/www.carrerivegauche.com\/fr\/wp-json\/wp\/v2\/product_cat?post=32413"},{"taxonomy":"product_tag","embeddable":true,"href":"https:\/\/www.carrerivegauche.com\/fr\/wp-json\/wp\/v2\/product_tag?post=32413"}],"curies":[{"name":"wp","href":"https:\/\/api.w.org\/{rel}","templated":true}]}}