 

{"id":32388,"date":"2025-07-19T18:26:07","date_gmt":"2025-07-19T16:26:07","guid":{"rendered":"https:\/\/www.carrerivegauche.com\/boutique-crg\/une-huile-sur-toile-paris-les-boulevards-sous-la-neige-par-eugene-montezin\/"},"modified":"2025-07-19T18:26:07","modified_gmt":"2025-07-19T16:26:07","slug":"une-huile-sur-toile-paris-les-boulevards-sous-la-neige-par-eugene-montezin","status":"publish","type":"product","link":"https:\/\/www.carrerivegauche.com\/fr\/boutique-crg\/une-huile-sur-toile-paris-les-boulevards-sous-la-neige-par-eugene-montezin\/","title":{"rendered":"Une huile sur toile, Paris les boulevards sous la neige par Eug\u00e8ne MONTEZIN"},"content":{"rendered":"<p style=\"margin: 0px;padding: 0px 0px 1em;border: 0px;font-size: 14px;vertical-align: baseline;background-image: initial;background-position: initial;background-size: initial;background-repeat: initial;background-attachment: initial;font-family: Poppins, Helvetica, Arial, Lucida, sans-serif\"><span id=\"gmail-p686\" style=\"margin: 0px;padding: 0px;border: 0px;vertical-align: baseline;background: transparent\">Son p\u00e8re, dessinateur de dentelles, le fait entrer dans un atelier de d\u00e9coration, o\u00f9 il devient rapidement d\u00e9corateur mural.<\/span><span id=\"gmail-p687\" style=\"margin: 0px;padding: 0px;border: 0px;vertical-align: baseline;background: transparent\">\u00a0Puis, tr\u00e8s influenc\u00e9 par les th\u00e9ories impressionnistes, il fait ses d\u00e9buts dans la carri\u00e8re artistique.<\/span><span id=\"gmail-p688\" style=\"margin: 0px;padding: 0px;border: 0px;vertical-align: baseline;background: transparent\"><br \/><\/span><span id=\"gmail-p690\" style=\"margin: 0px;padding: 0px;border: 0px;vertical-align: baseline;background: transparent\">Il est fait Chevalier de la L\u00e9gion d&rsquo;honneur en 1923, il est \u00e9lu membre de l&rsquo;Acad\u00e9mie des Beaux-Arts au fauteuil de Vuillard en 1940.<\/span><\/p>\n<p style=\"margin: 0px;padding: 0px 0px 1em;border: 0px;font-size: 14px;vertical-align: baseline;background-image: initial;background-position: initial;background-size: initial;background-repeat: initial;background-attachment: initial;font-family: Poppins, Helvetica, Arial, Lucida, sans-serif\"><span id=\"gmail-p718\" style=\"margin: 0px;padding: 0px;border: 0px;vertical-align: baseline;background: transparent\">Ilexpose au Salon des Artistes Fran\u00e7ais. et\u00a0<\/span><span id=\"gmail-p719\" style=\"margin: 0px;padding: 0px;border: 0px;vertical-align: baseline;background: transparent\">\u00a0obtient des m\u00e9dailles de troisi\u00e8mes et deuxi\u00e8mes classes en 1907 et 1910 ;<\/span><span id=\"gmail-p694\" style=\"margin: 0px;padding: 0px;border: 0px;vertical-align: baseline;background: transparent\">\u00a0il obtient le prix Rosa Bonheur en 1920<br \/><\/span><br \/><span id=\"gmail-p696\" style=\"margin: 0px;padding: 0px;border: 0px;vertical-align: baseline;background: transparent\">La peinture de\u00a0<span id=\"gmail-709\" class=\"gmail-s-rg-t\" style=\"margin: 0px;padding: 0px;border: 0px;vertical-align: baseline;background: transparent\">Mont\u00e9zin<\/span>\u00a0conna\u00eet un grand succ\u00e8s.<\/span><span id=\"gmail-p697\" style=\"margin: 0px;padding: 0px;border: 0px;vertical-align: baseline;background: transparent\">\u00a0Sa technique, lointain h\u00e9ritage de l&rsquo;impressionnisme, s\u00e9duit par sa virtuosit\u00e9.<\/span><\/p>\n<p style=\"margin: 0px;padding: 0px 0px 1em;border: 0px;font-size: 14px;vertical-align: baseline;background-image: initial;background-position: initial;background-size: initial;background-repeat: initial;background-attachment: initial;font-family: Poppins, Helvetica, Arial, Lucida, sans-serif\"><span id=\"gmail-p701\" style=\"margin: 0px;padding: 0px;border: 0px;vertical-align: baseline;background: transparent\">MUS\u00c9ES :<\/span><span id=\"gmail-p702\" style=\"margin: 0px;padding: 0px;border: 0px;vertical-align: baseline;background: transparent\">\u00a0<span id=\"gmail-714\" class=\"gmail-s-rg-t\" style=\"margin: 0px;padding: 0px;border: 0px;vertical-align: baseline;background: transparent\">Mannheim<\/span>\u00a0<span id=\"gmail-p700\" style=\"margin: 0px;padding: 0px;border: 0px;vertical-align: baseline;background: transparent\">(<span id=\"gmail-713\" class=\"gmail-s-rg-t\" style=\"margin: 0px;padding: 0px;border: 0px;vertical-align: baseline;background: transparent\">Kunsthalle<\/span>)<\/span>\u00a0:<\/span><span id=\"gmail-p703\" style=\"margin: 0px;padding: 0px;border: 0px;vertical-align: baseline;background: transparent\">\u00a0<span id=\"gmail-715\" class=\"gmail-s-rg-t\" style=\"margin: 0px;padding: 0px;border: 0px;vertical-align: baseline;background: transparent\">Fleurs<\/span>\u00a0&#8211; Paris\u00a0<span id=\"gmail-p699\" style=\"margin: 0px;padding: 0px;border: 0px;vertical-align: baseline;background: transparent\">(<span id=\"gmail-711\" class=\"gmail-s-rg-t\" style=\"margin: 0px;padding: 0px;border: 0px;vertical-align: baseline;background: transparent\">Mus\u00e9e<\/span>\u00a0d&rsquo;<span id=\"gmail-712\" class=\"gmail-s-rg-t\" style=\"margin: 0px;padding: 0px;border: 0px;vertical-align: baseline;background: transparent\">art<\/span>\u00a0moderne)<\/span>\u00a0:<\/span><span id=\"gmail-p704\" style=\"margin: 0px;padding: 0px;border: 0px;vertical-align: baseline;background: transparent\">\u00a0<span id=\"gmail-716\" class=\"gmail-s-rg-t\" style=\"margin: 0px;padding: 0px;border: 0px;vertical-align: baseline;background: transparent\">La<\/span>\u00a0Fenaison en Normandie 1940 &#8211; Paris\u00a0<span id=\"gmail-p698\" style=\"margin: 0px;padding: 0px;border: 0px;vertical-align: baseline;background: transparent\">(<span id=\"gmail-710\" class=\"gmail-s-rg-t\" style=\"margin: 0px;padding: 0px;border: 0px;vertical-align: baseline;background: transparent\">Mus\u00e9e<\/span>\u00a0du Petit Palais)<\/span>\u00a0:<\/span><span id=\"gmail-p705\" style=\"margin: 0px;padding: 0px;border: 0px;vertical-align: baseline;background: transparent\">\u00a0<span id=\"gmail-717\" style=\"margin: 0px;padding: 0px;border: 0px;vertical-align: baseline;background: transparent\">Les<\/span> Peupliers.<\/span><\/p>\n<p><br data-mce-bogus=\"1\"><\/p>\n<p><\/p>\n","protected":false},"excerpt":{"rendered":"<p style=\"margin: 0px;padding: 0px 0px 1em;border: 0px;font-size: 14px;vertical-align: baseline;background-image: initial;background-position: initial;background-size: initial;background-repeat: initial;background-attachment: initial;font-family: Poppins, Helvetica, Arial, Lucida, sans-serif\">MONTEZIN Pierre Eug\u00e8ne<\/p>\n<p style=\"margin: 0px;padding: 0px;border: 0px;font-size: 14px;vertical-align: baseline;background-image: initial;background-position: initial;background-size: initial;background-repeat: initial;background-attachment: initial;font-family: Poppins, Helvetica, Arial, Lucida, sans-serif\">N\u00e9 le 16 octobre 1874 \u00e0 Paris. D\u00e9c\u00e9d\u00e9 en juillet 1946 \u00e0 Mo\u00eblan (Finist\u00e8re)<br \/>XIX\u00e8me-XX\u00e8me si\u00e8cles. Fran\u00e7ais.<br \/>Peintre de paysages anim\u00e9s, paysages, paysages urbains, peintre \u00e0 la gouache, pastelliste. Postimpressionniste.<\/p>\n","protected":false},"featured_media":32373,"template":"","meta":[],"product_brand":[],"product_cat":[],"product_tag":[],"class_list":{"0":"post-32388","1":"product","2":"type-product","3":"status-publish","4":"has-post-thumbnail","6":"description-off","8":"first","9":"instock","10":"shipping-taxable","11":"purchasable","12":"product-type-simple"},"aioseo_notices":[],"_links":{"self":[{"href":"https:\/\/www.carrerivegauche.com\/fr\/wp-json\/wp\/v2\/product\/32388","targetHints":{"allow":["GET"]}}],"collection":[{"href":"https:\/\/www.carrerivegauche.com\/fr\/wp-json\/wp\/v2\/product"}],"about":[{"href":"https:\/\/www.carrerivegauche.com\/fr\/wp-json\/wp\/v2\/types\/product"}],"wp:featuredmedia":[{"embeddable":true,"href":"https:\/\/www.carrerivegauche.com\/fr\/wp-json\/wp\/v2\/media\/32373"}],"wp:attachment":[{"href":"https:\/\/www.carrerivegauche.com\/fr\/wp-json\/wp\/v2\/media?parent=32388"}],"wp:term":[{"taxonomy":"product_brand","embeddable":true,"href":"https:\/\/www.carrerivegauche.com\/fr\/wp-json\/wp\/v2\/product_brand?post=32388"},{"taxonomy":"product_cat","embeddable":true,"href":"https:\/\/www.carrerivegauche.com\/fr\/wp-json\/wp\/v2\/product_cat?post=32388"},{"taxonomy":"product_tag","embeddable":true,"href":"https:\/\/www.carrerivegauche.com\/fr\/wp-json\/wp\/v2\/product_tag?post=32388"}],"curies":[{"name":"wp","href":"https:\/\/api.w.org\/{rel}","templated":true}]}}