 

{"id":32372,"date":"2025-07-19T17:28:21","date_gmt":"2025-07-19T15:28:21","guid":{"rendered":"https:\/\/www.carrerivegauche.com\/boutique-crg\/une-huile-sur-toile-marine-les-cotes-portugaises-par-tony-de-bergue\/"},"modified":"2025-07-19T17:28:21","modified_gmt":"2025-07-19T15:28:21","slug":"une-huile-sur-toile-marine-les-cotes-portugaises-par-tony-de-bergue","status":"publish","type":"product","link":"https:\/\/www.carrerivegauche.com\/fr\/boutique-crg\/une-huile-sur-toile-marine-les-cotes-portugaises-par-tony-de-bergue\/","title":{"rendered":"Une huile sur toile, Marine, Les c\u00f4tes portugaises par Tony de BERGUE"},"content":{"rendered":"<p>Il d\u00e9bute au Salon de Paris en 1847, puis y revient en 1861 avec des \u0153uvres marqu\u00e9es par une grande pr\u00e9cision et un sens narratif, comme Rembrandt peignant la Le\u00e7on d\u2019anatomie.<\/p>\n<p>Rapidement, il s\u2019oriente vers la peinture de marine, o\u00f9 il excelle.<\/p>\n<p>Passionn\u00e9 par les ports et la vie maritime, il voyage dans le sud de la France, en Espagne, au Portugal et en Sicile (notamment en 1874), peignant sur le vif voiliers, quais anim\u00e9s et rivages m\u00e9diterran\u00e9ens.<\/p>\n<p>Son pinceau \u00e9volue avec le temps\u202f: d\u2019abord rigoureux et d\u00e9taill\u00e9, il adopte peu \u00e0 peu une touche plus libre et plus vibrante, sensible aux variations de lumi\u00e8re et aux ambiances marines. Ses toiles allient exactitude documentaire ,notamment dans le rendu des gr\u00e9ements,et po\u00e9sie atmosph\u00e9rique, ce qui lui vaut l\u2019estime des amateurs d\u2019art maritime.<\/p>\n<p>Les \u0153uvres de Tony de\u202fBergue sont aujourd\u2019hui conserv\u00e9es dans plusieurs mus\u00e9es prestigieux, dont le Mus\u00e9e Carnavalet \u00e0 Paris, le Mus\u00e9e des Beaux\u2011Arts de Reims et la Cooper Gallery de Barnsley, au Royaume\u2011Uni<\/p>\n","protected":false},"excerpt":{"rendered":"<p>Tony Fran\u00e7ois de\u202fBergue (1820\u202f\u2013\u202f1893)<br \/>peintre, lithographe et graveur fran\u00e7ais reconnu pour ses marines lumineuses et ses sc\u00e8nes de genre historiques.<\/p>\n<p>N\u00e9 en 1820, il se forme \u00e0 l\u2019\u00c9cole royale des Beaux\u2011Arts de Paris, dans les ateliers de L\u00e9on Cogniet pour la peinture d\u2019histoire et de Nicolas Gosse pour la peinture de genre.<\/p>\n","protected":false},"featured_media":32354,"template":"","meta":[],"product_brand":[],"product_cat":[],"product_tag":[],"class_list":{"0":"post-32372","1":"product","2":"type-product","3":"status-publish","4":"has-post-thumbnail","6":"description-off","8":"first","9":"instock","10":"shipping-taxable","11":"purchasable","12":"product-type-simple"},"aioseo_notices":[],"_links":{"self":[{"href":"https:\/\/www.carrerivegauche.com\/fr\/wp-json\/wp\/v2\/product\/32372","targetHints":{"allow":["GET"]}}],"collection":[{"href":"https:\/\/www.carrerivegauche.com\/fr\/wp-json\/wp\/v2\/product"}],"about":[{"href":"https:\/\/www.carrerivegauche.com\/fr\/wp-json\/wp\/v2\/types\/product"}],"wp:featuredmedia":[{"embeddable":true,"href":"https:\/\/www.carrerivegauche.com\/fr\/wp-json\/wp\/v2\/media\/32354"}],"wp:attachment":[{"href":"https:\/\/www.carrerivegauche.com\/fr\/wp-json\/wp\/v2\/media?parent=32372"}],"wp:term":[{"taxonomy":"product_brand","embeddable":true,"href":"https:\/\/www.carrerivegauche.com\/fr\/wp-json\/wp\/v2\/product_brand?post=32372"},{"taxonomy":"product_cat","embeddable":true,"href":"https:\/\/www.carrerivegauche.com\/fr\/wp-json\/wp\/v2\/product_cat?post=32372"},{"taxonomy":"product_tag","embeddable":true,"href":"https:\/\/www.carrerivegauche.com\/fr\/wp-json\/wp\/v2\/product_tag?post=32372"}],"curies":[{"name":"wp","href":"https:\/\/api.w.org\/{rel}","templated":true}]}}