 

{"id":32353,"date":"2025-07-19T17:23:48","date_gmt":"2025-07-19T15:23:48","guid":{"rendered":"https:\/\/www.carrerivegauche.com\/boutique-crg\/dessins-par-dirk-langendijk\/"},"modified":"2025-07-19T17:23:48","modified_gmt":"2025-07-19T15:23:48","slug":"dessins-par-dirk-langendijk","status":"publish","type":"product","link":"https:\/\/www.carrerivegauche.com\/fr\/boutique-crg\/dessins-par-dirk-langendijk\/","title":{"rendered":"Dessins par Dirk LANGENDIJK"},"content":{"rendered":"<p data-start=\"442\" data-end=\"869\">Son \u0153uvre se distingue par un sens aigu du d\u00e9tail, en particulier dans la restitution des uniformes, des mouvements de troupes et des chevaux.<\/p>\n<p>Ses dessins, souvent r\u00e9alis\u00e9s \u00e0 la plume et au lavis, \u00e9taient pris\u00e9s pour leur r\u00e9alisme et leur rigueur documentaire.<br \/>Il a \u00e9galement r\u00e9alis\u00e9 plusieurs gravures, notamment des repr\u00e9sentations de batailles navales et terrestres durant la R\u00e9volution batave et les guerres napol\u00e9oniennes.<\/p>\n<p data-start=\"871\" data-end=\"1194\">Langendijk travaillait \u00e0 la fronti\u00e8re entre l\u2019art et l\u2019histoire, documentant les \u00e9v\u00e9nements contemporains avec un regard d\u2019observateur attentif.<\/p>\n<p data-start=\"871\" data-end=\"1194\">Il \u00e9tait tr\u00e8s admir\u00e9 \u00e0 son \u00e9poque pour ses repr\u00e9sentations de chevaux au combat, et de nombreux artistes contemporains copi\u00e8rent ses \u0153uvre Ses \u0153uvres ont ainsi une valeur \u00e0 la fois artistique et historique, et sont aujourd\u2019hui conserv\u00e9es dans de nombreuses collections publiques, notamment au Rijksmuseum d\u2019Amsterdam.<\/p>\n<p>\u00a0<\/p>\n","protected":false},"excerpt":{"rendered":"<p data-start=\"69\" data-end=\"440\">Plume et lavis d&rsquo;encre de chine,<\/p>\n<p>Troupe attaqu\u00e9e par els soldats : sign\u00e9e et dat\u00e9e 1788<br \/>La R\u00e9union du conseil sign\u00e9 et dat\u00e9 1795<\/p>\n<p>3000 euros la paire<br \/>1650 pi\u00e8ce<\/p>\n<p data-start=\"69\" data-end=\"440\">Dirk Langendijk (1748\u20131805)<\/p>\n<p>est un graveur et peintre n\u00e9erlandais r\u00e9put\u00e9 pour ses repr\u00e9sentations pr\u00e9cises et dynamiques de sc\u00e8nes militaires<\/p>\n<p data-start=\"69\" data-end=\"440\">Originaire de Rotterdam, Langendijk s\u2019est sp\u00e9cialis\u00e9 dans la peinture de batailles, de man\u0153uvres militaires et de soldats, \u00e0 une \u00e9poque marqu\u00e9e par de profonds bouleversements politiques et sociaux aux Pays-Bas et en Europe.<\/p>\n<p data-start=\"69\" data-end=\"440\">Langendijk a appris son m\u00e9tier aupr\u00e8s de Dirck Anthonie Bisschop (1708\u20131758), peintre d&rsquo;int\u00e9rieurs, d&rsquo;armoiries et de carrosses.<\/p>\n<p data-start=\"442\" data-end=\"869\">\u00a0<\/p>\n","protected":false},"featured_media":32338,"template":"","meta":[],"product_brand":[],"product_cat":[],"product_tag":[],"class_list":{"0":"post-32353","1":"product","2":"type-product","3":"status-publish","4":"has-post-thumbnail","6":"description-off","8":"first","9":"instock","10":"shipping-taxable","11":"purchasable","12":"product-type-simple"},"aioseo_notices":[],"_links":{"self":[{"href":"https:\/\/www.carrerivegauche.com\/fr\/wp-json\/wp\/v2\/product\/32353","targetHints":{"allow":["GET"]}}],"collection":[{"href":"https:\/\/www.carrerivegauche.com\/fr\/wp-json\/wp\/v2\/product"}],"about":[{"href":"https:\/\/www.carrerivegauche.com\/fr\/wp-json\/wp\/v2\/types\/product"}],"wp:featuredmedia":[{"embeddable":true,"href":"https:\/\/www.carrerivegauche.com\/fr\/wp-json\/wp\/v2\/media\/32338"}],"wp:attachment":[{"href":"https:\/\/www.carrerivegauche.com\/fr\/wp-json\/wp\/v2\/media?parent=32353"}],"wp:term":[{"taxonomy":"product_brand","embeddable":true,"href":"https:\/\/www.carrerivegauche.com\/fr\/wp-json\/wp\/v2\/product_brand?post=32353"},{"taxonomy":"product_cat","embeddable":true,"href":"https:\/\/www.carrerivegauche.com\/fr\/wp-json\/wp\/v2\/product_cat?post=32353"},{"taxonomy":"product_tag","embeddable":true,"href":"https:\/\/www.carrerivegauche.com\/fr\/wp-json\/wp\/v2\/product_tag?post=32353"}],"curies":[{"name":"wp","href":"https:\/\/api.w.org\/{rel}","templated":true}]}}