 

{"id":32325,"date":"2025-07-19T17:17:44","date_gmt":"2025-07-19T15:17:44","guid":{"rendered":"https:\/\/www.carrerivegauche.com\/boutique-crg\/ensemble-de-fixes-sous-verres-allegories-et-dieux-mythologiques-18eme\/"},"modified":"2025-07-19T17:17:44","modified_gmt":"2025-07-19T15:17:44","slug":"ensemble-de-fixes-sous-verres-allegories-et-dieux-mythologiques-18eme","status":"publish","type":"product","link":"https:\/\/www.carrerivegauche.com\/fr\/boutique-crg\/ensemble-de-fixes-sous-verres-allegories-et-dieux-mythologiques-18eme\/","title":{"rendered":"Ensemble de fix\u00e9s sous verres, All\u00e9gories et dieux mythologiques 18\u00e8me"},"content":{"rendered":"<p><br data-mce-bogus=\"1\"><\/p>\n","protected":false},"excerpt":{"rendered":"<p>Ensemble de sept fix\u00e9s sous verre illustrant des sc\u00e8nes issues de la mythologie, mettant en sc\u00e8ne diverses divinit\u00e9s et all\u00e9gories.<br \/><br data-start=\"217\" data-end=\"220\">Ces compositions mettent en valeur des figures f\u00e9minines, nues ou l\u00e9g\u00e8rement drap\u00e9es, accompagn\u00e9es de <em data-start=\"322\" data-end=\"329\">putti<\/em> et de symboles \u00e9vocateurs tels que des fleurs, des nuages, des lions ou encore des gerbes de bl\u00e9.<br \/><br data-start=\"427\" data-end=\"430\">Ce type d\u2019\u0153uvres ornait tr\u00e8s probablement un cabinet de collection ou de curiosit\u00e9s, typique des int\u00e9rieurs aristocratiques italiens.<\/p>\n","protected":false},"featured_media":32322,"template":"","meta":[],"product_brand":[],"product_cat":[],"product_tag":[],"class_list":{"0":"post-32325","1":"product","2":"type-product","3":"status-publish","4":"has-post-thumbnail","6":"description-off","8":"first","9":"instock","10":"shipping-taxable","11":"purchasable","12":"product-type-simple"},"aioseo_notices":[],"_links":{"self":[{"href":"https:\/\/www.carrerivegauche.com\/fr\/wp-json\/wp\/v2\/product\/32325","targetHints":{"allow":["GET"]}}],"collection":[{"href":"https:\/\/www.carrerivegauche.com\/fr\/wp-json\/wp\/v2\/product"}],"about":[{"href":"https:\/\/www.carrerivegauche.com\/fr\/wp-json\/wp\/v2\/types\/product"}],"wp:featuredmedia":[{"embeddable":true,"href":"https:\/\/www.carrerivegauche.com\/fr\/wp-json\/wp\/v2\/media\/32322"}],"wp:attachment":[{"href":"https:\/\/www.carrerivegauche.com\/fr\/wp-json\/wp\/v2\/media?parent=32325"}],"wp:term":[{"taxonomy":"product_brand","embeddable":true,"href":"https:\/\/www.carrerivegauche.com\/fr\/wp-json\/wp\/v2\/product_brand?post=32325"},{"taxonomy":"product_cat","embeddable":true,"href":"https:\/\/www.carrerivegauche.com\/fr\/wp-json\/wp\/v2\/product_cat?post=32325"},{"taxonomy":"product_tag","embeddable":true,"href":"https:\/\/www.carrerivegauche.com\/fr\/wp-json\/wp\/v2\/product_tag?post=32325"}],"curies":[{"name":"wp","href":"https:\/\/api.w.org\/{rel}","templated":true}]}}