 

{"id":32281,"date":"2025-07-19T15:51:13","date_gmt":"2025-07-19T13:51:13","guid":{"rendered":"https:\/\/www.carrerivegauche.com\/boutique-crg\/le-moulin-normand-antoine-guillemet-1841-1918\/"},"modified":"2025-07-19T15:51:13","modified_gmt":"2025-07-19T13:51:13","slug":"le-moulin-normand-antoine-guillemet-1841-1918","status":"publish","type":"product","link":"https:\/\/www.carrerivegauche.com\/fr\/boutique-crg\/le-moulin-normand-antoine-guillemet-1841-1918\/","title":{"rendered":"Le moulin normand &#8211; Antoine GUILLEMET (1841-1918)"},"content":{"rendered":"<p>Manet fera m\u00eame poser Guillemet pour l&rsquo;un de ses plus c\u00e9l\u00e8bres tableaux, Le Balcon et Zola s&rsquo;en inspirera pour un de ses personnages.<\/p>\n<p><\/p>\n<p>L&rsquo;artiste se tourne d&rsquo;abord, de part son parcours et son amiti\u00e9 avec Zola, vers le naturalisme et et ses paysages se rapprochent de l\u2019\u00e9cole de Barbizon, avec une touche plus moderne<\/p>\n<p><\/p>\n<p>Pr\u00e9sents dans tous les grands Salon, il sera fait Chevalier de la L\u00e9gion d&rsquo;honneur.<\/p>\n<p><\/p>\n<p>Guillemet, comme de nombreux artistes, se laisse envo\u00fbter par la po\u00e9sie des paysages normands<\/p>\n<p>et plus pr\u00e9cis\u00e9ment du Cotentin<\/p>\n<p>La Normandie disposait d\u2019atouts qui ne pouvaient qu\u2019attirer des peintres \u00e0 la recherche de la lumi\u00e8re,<\/p>\n<p>du reflet et d\u00e9sireux d\u2019exprimer sur leurs toiles les \u00e9motions devant la nature.<\/p>\n<p>La r\u00e9gion normande est en effet une terre de contrastes.<\/p>\n<p>La diversit\u00e9 et la beaut\u00e9 des paysages s\u2019inscrivent aussi bien sur le littoral que dans les campagnes de l\u2019int\u00e9rieur<\/p>\n<p>Guillemet n&rsquo;aura de cesse de peindre les rivages, les ports cach\u00e9s, la mer\u2026<\/p>\n","protected":false},"excerpt":{"rendered":"<p>Antoine GUILLEMET 1841-1918<\/p>\n<p><\/p>\n<p>Peintre fran\u00e7ais, paysagiste proche des impressionnistes.<\/p>\n<p>Il fait ses \u00e9tudes aux Beaux-Arts de Paris sous l&rsquo;\u00e9gide de deux grands ma\u00eetres classiques qui influenc\u00e8rent consid\u00e9rablement sa carri\u00e8re : Daubigny et Corot.<\/p>\n<p>Sa rencontre avec C\u00e9zanne en 1861 qui le pr\u00e9sente ensuite \u00e0 Manet l&rsquo;am\u00e8ne \u00e0 fr\u00e9quenter les impressionnistes.<\/p>\n","protected":false},"featured_media":32272,"template":"","meta":[],"product_brand":[],"product_cat":[],"product_tag":[],"class_list":{"0":"post-32281","1":"product","2":"type-product","3":"status-publish","4":"has-post-thumbnail","6":"description-off","8":"first","9":"instock","10":"shipping-taxable","11":"purchasable","12":"product-type-simple"},"aioseo_notices":[],"_links":{"self":[{"href":"https:\/\/www.carrerivegauche.com\/fr\/wp-json\/wp\/v2\/product\/32281","targetHints":{"allow":["GET"]}}],"collection":[{"href":"https:\/\/www.carrerivegauche.com\/fr\/wp-json\/wp\/v2\/product"}],"about":[{"href":"https:\/\/www.carrerivegauche.com\/fr\/wp-json\/wp\/v2\/types\/product"}],"wp:featuredmedia":[{"embeddable":true,"href":"https:\/\/www.carrerivegauche.com\/fr\/wp-json\/wp\/v2\/media\/32272"}],"wp:attachment":[{"href":"https:\/\/www.carrerivegauche.com\/fr\/wp-json\/wp\/v2\/media?parent=32281"}],"wp:term":[{"taxonomy":"product_brand","embeddable":true,"href":"https:\/\/www.carrerivegauche.com\/fr\/wp-json\/wp\/v2\/product_brand?post=32281"},{"taxonomy":"product_cat","embeddable":true,"href":"https:\/\/www.carrerivegauche.com\/fr\/wp-json\/wp\/v2\/product_cat?post=32281"},{"taxonomy":"product_tag","embeddable":true,"href":"https:\/\/www.carrerivegauche.com\/fr\/wp-json\/wp\/v2\/product_tag?post=32281"}],"curies":[{"name":"wp","href":"https:\/\/api.w.org\/{rel}","templated":true}]}}