 

{"id":32271,"date":"2025-07-19T15:45:40","date_gmt":"2025-07-19T13:45:40","guid":{"rendered":"https:\/\/www.carrerivegauche.com\/boutique-crg\/oiseaux-insectes-et-papillons-signees-p-neumann\/"},"modified":"2025-07-19T15:45:40","modified_gmt":"2025-07-19T13:45:40","slug":"oiseaux-insectes-et-papillons-signees-p-neumann","status":"publish","type":"product","link":"https:\/\/www.carrerivegauche.com\/fr\/boutique-crg\/oiseaux-insectes-et-papillons-signees-p-neumann\/","title":{"rendered":"Oiseaux, insectes et papillons sign\u00e9es P NEUMANN"},"content":{"rendered":"<p>L\u2019oiseau dans l\u2019art est un th\u00e8me f\u00e9cond.<\/p>\n<p>\u00c0 partir du milieu du 18\u00e8me si\u00e8cle, avec l\u2019essor de l\u2019esprit scientifique et encyclop\u00e9dique, le go\u00fbt pour les livres ornithologiques se d\u00e9veloppe.<\/p>\n<p>Les planches dessin\u00e9es, peintes ou aquarell\u00e9es de ces ouvrages pr\u00e9sentent ainsi des oiseaux dans un souci de v\u00e9racit\u00e9.<\/p>\n<p><\/p>\n<p>L\u2019engouement scientifique pour l\u2019\u00e9tude ornithologique se poursuit au 19e si\u00e8cle (on recense au d\u00e9but du si\u00e8cle 3000 esp\u00e8ces d\u2019oiseaux, contre 564 en 1758)<\/p>\n<p><\/p>\n<p>6500 les 3\u00a0<\/p>\n<p>2700 pi\u00e8ce<\/p>\n","protected":false},"excerpt":{"rendered":"<p>Trois tr\u00e8s belle huiles rep\u00e9sentants divers oiseaux et insectes avec avec en arri\u00e8re plan des paysages.<\/p>\n<p>Nos oeuvres capturent la finesse et la pr\u00e9cision des illustrations scientifiques de l\u2019\u00e9poque tout en int\u00e9grant des \u00e9l\u00e9ments esth\u00e9tiques des peintures de paysage traditionnelles.<\/p>\n<p><\/p>\n","protected":false},"featured_media":32259,"template":"","meta":[],"product_brand":[],"product_cat":[],"product_tag":[],"class_list":{"0":"post-32271","1":"product","2":"type-product","3":"status-publish","4":"has-post-thumbnail","6":"description-off","8":"first","9":"instock","10":"shipping-taxable","11":"purchasable","12":"product-type-simple"},"aioseo_notices":[],"_links":{"self":[{"href":"https:\/\/www.carrerivegauche.com\/fr\/wp-json\/wp\/v2\/product\/32271","targetHints":{"allow":["GET"]}}],"collection":[{"href":"https:\/\/www.carrerivegauche.com\/fr\/wp-json\/wp\/v2\/product"}],"about":[{"href":"https:\/\/www.carrerivegauche.com\/fr\/wp-json\/wp\/v2\/types\/product"}],"wp:featuredmedia":[{"embeddable":true,"href":"https:\/\/www.carrerivegauche.com\/fr\/wp-json\/wp\/v2\/media\/32259"}],"wp:attachment":[{"href":"https:\/\/www.carrerivegauche.com\/fr\/wp-json\/wp\/v2\/media?parent=32271"}],"wp:term":[{"taxonomy":"product_brand","embeddable":true,"href":"https:\/\/www.carrerivegauche.com\/fr\/wp-json\/wp\/v2\/product_brand?post=32271"},{"taxonomy":"product_cat","embeddable":true,"href":"https:\/\/www.carrerivegauche.com\/fr\/wp-json\/wp\/v2\/product_cat?post=32271"},{"taxonomy":"product_tag","embeddable":true,"href":"https:\/\/www.carrerivegauche.com\/fr\/wp-json\/wp\/v2\/product_tag?post=32271"}],"curies":[{"name":"wp","href":"https:\/\/api.w.org\/{rel}","templated":true}]}}