 

{"id":32147,"date":"2025-07-05T16:15:34","date_gmt":"2025-07-05T14:15:34","guid":{"rendered":"https:\/\/www.carrerivegauche.com\/boutique-crg\/inro-personnages-dans-un-decor-lacustre\/"},"modified":"2025-07-05T16:15:35","modified_gmt":"2025-07-05T14:15:35","slug":"inro-personnages-dans-un-decor-lacustre","status":"publish","type":"product","link":"https:\/\/www.carrerivegauche.com\/fr\/boutique-crg\/inro-personnages-dans-un-decor-lacustre\/","title":{"rendered":"Inro personnages dans un d\u00e9cor lacustre"},"content":{"rendered":"<p>Sur la premi\u00e8re face, figurent un homme \u00e0 cheval, ce dernier \u00e9tant en train de boire dans le cours d\u2019eau. Un samoura\u00ef l\u2019accompagne, son \u00e9p\u00e9e \u00e0 la main. Pr\u00e8s du pin, se trouvent les affaires qu\u2019ils auraient laiss\u00e9s. Dans le fond, une s\u00e9rie de filets au bord de la rive dont le maillage est rendu compte par l\u2019incrustation de nacre en aogai.\u00a0<\/p>\n<p>Sur l\u2019autre face, une femme est au travail. Il y a deux habitations aux toits de chaume, entour\u00e9e de pins. Au-dessus de la cascade dans le fond, se trouve un temple.\u00a0\u00a0<\/p>\n<p>Int\u00e9rieur en laque hirameji. Sur le haut de l\u2019inr\u00f4 figurent trois oiseaux en vol en takamaki-e.\u00a0<\/p>\n<p>Petites bo\u00eetes form\u00e9es de compartiments s\u2019emboitant les uns sur les autres, les\u202finr\u014d\u202f(\u5370\u7c60) sont des objets vestimentaires traditionnels japonais. Le kimono n\u2019ayant pas de poches, les objets usuels de la vie quotidienne \u00e9taient transport\u00e9s dans des petites boites (sagemono) accroch\u00e9es \u00e0 la ceinture. Afin qu\u2019ils ne glissent pas, un\u202fnetsuke, petite figurine en bois ou en ivoire, servait \u00e0 maintenir le cordon des\u202finr\u014d\u202fou autres types de\u202fsagemono\u202fpass\u00e9s \u00e0 la ceinture (obi). Les Inr\u014d sont souvent orn\u00e9es de d\u00e9cors et de sc\u00e8nes harmonieuses s\u2019inspirant de la faune et la flore. Les artistes japonais jouent avec les mat\u00e9riaux et les formes avec une pr\u00e9cision et une minutie comparables \u00e0 l\u2019orf\u00e8vrerie.\u00a0<\/p>\n<p>Japon \u2013 P\u00e9riode\u202fEdo (1603-1868)\u00a0<\/p>\n<p>Hauteur 8,8 cm \u2013 largeur 5 cm \u2013 profondeur 3,2 cm\u00a0<\/p>\n<p>On the first side, there is a man on horseback, who is drinking from the stream. A samurai accompanies him, his sword in hand. Next to the pine tree are the things they would have left behind. On the other side, a woman is at work. There are two thatched houses, surrounded by pine trees. Above the waterfall in the background, there is a temple.\u00a0 Interior in hirameji lacquer. On the top of the inro are three birds in flight in takamaki-e.\u00a0\u00a0<\/p>\n<p>Small boxes formed of interlocking compartments, inr\u014d (\u5370\u7c60) are traditional Japanese clothing items. Since the kimono had no pockets, everyday objects were carried in small boxes (sagemono) hanging from the belt. To prevent them from slipping, a netsuke, a small wooden or ivory figurine, was used to hold the cord of inr\u014d or other types of sagemono passed around the belt (obi). Inr\u014d are often adorned with harmonious decorations and scenes inspired by flora and fauna. Japanese artists play with materials and shapes with a precision and meticulousness comparable to goldsmithing.\u00a0<\/p>\n<p>Japan &#8211; Edo Era (1603-1868)\u00a0<\/p>\n<p>Inr\u00f4 : height 3.5 in. (8.8 cm) &#8211; width 2 in. (5 cm) &#8211; depth 1.3 in. (3.2 cm)\u00a0<\/p>\n","protected":false},"excerpt":{"rendered":"<p>Inr\u00f4 en laque dor\u00e9e selon les techniques takamaki-e, hiramaki-e et kirigane,\u00a0 \u00e0 cinq cases d\u2019un paysage lacustre de montagne.\u00a0\u00a0<\/p>\n<p>Inr\u00f4 in gilded lacquer according to the takamaki-e, hiramaki-e and kirigane techniques, with five squares of a mountain lake landscape.\u00a0\u00a0<\/p>\n","protected":false},"featured_media":32126,"template":"","meta":[],"product_brand":[],"product_cat":[],"product_tag":[],"class_list":{"0":"post-32147","1":"product","2":"type-product","3":"status-publish","4":"has-post-thumbnail","6":"description-off","8":"first","9":"instock","10":"shipping-taxable","11":"product-type-simple"},"aioseo_notices":[],"_links":{"self":[{"href":"https:\/\/www.carrerivegauche.com\/fr\/wp-json\/wp\/v2\/product\/32147","targetHints":{"allow":["GET"]}}],"collection":[{"href":"https:\/\/www.carrerivegauche.com\/fr\/wp-json\/wp\/v2\/product"}],"about":[{"href":"https:\/\/www.carrerivegauche.com\/fr\/wp-json\/wp\/v2\/types\/product"}],"wp:featuredmedia":[{"embeddable":true,"href":"https:\/\/www.carrerivegauche.com\/fr\/wp-json\/wp\/v2\/media\/32126"}],"wp:attachment":[{"href":"https:\/\/www.carrerivegauche.com\/fr\/wp-json\/wp\/v2\/media?parent=32147"}],"wp:term":[{"taxonomy":"product_brand","embeddable":true,"href":"https:\/\/www.carrerivegauche.com\/fr\/wp-json\/wp\/v2\/product_brand?post=32147"},{"taxonomy":"product_cat","embeddable":true,"href":"https:\/\/www.carrerivegauche.com\/fr\/wp-json\/wp\/v2\/product_cat?post=32147"},{"taxonomy":"product_tag","embeddable":true,"href":"https:\/\/www.carrerivegauche.com\/fr\/wp-json\/wp\/v2\/product_tag?post=32147"}],"curies":[{"name":"wp","href":"https:\/\/api.w.org\/{rel}","templated":true}]}}