 

{"id":32075,"date":"2025-07-05T15:36:58","date_gmt":"2025-07-05T13:36:58","guid":{"rendered":"https:\/\/www.carrerivegauche.com\/boutique-crg\/netsuke-crapaud-en-bois\/"},"modified":"2025-07-05T15:36:58","modified_gmt":"2025-07-05T13:36:58","slug":"netsuke-crapaud-en-bois","status":"publish","type":"product","link":"https:\/\/www.carrerivegauche.com\/fr\/boutique-crg\/netsuke-crapaud-en-bois\/","title":{"rendered":"Netsuke crapaud en bois"},"content":{"rendered":"<p>Le crapaud ou la grenouille (kaeru) est associ\u00e9 \u00e0 la chance et \u00e0 la richesse. Kaeru signifie \u00e0 la fois \u00ab crapaud \u00bb\u00a0 ou \u00ab grenouille \u00bb et \u00ab revenir \u00e0 la maison \u00bb en japonais. Cette extension de sens est due \u00e0 la facult\u00e9 qu\u2019a le crapaud de revenir chaque ann\u00e9e \u00e0 l\u2019\u00e9tang de sa naissance. Un gong en forme de crapaud peut ainsi parfois servir de marteau de porte ou prot\u00e9ger une maison.\u00a0<\/p>\n<p>Sign\u00e9 en bas Rimu (\u68a8\u5922), provenant probablement de la province d\u2019Iwami.\u00a0<\/p>\n<p>Japon (probablement de la province d\u2019Iwami), Rimu \u2013 \u00c9poque Edo (1603-1868), d\u00e9but XIXe si\u00e8cle\u00a0<\/p>\n<p>Hauteur\u202f:\u202f2,8 cm \u2013 largeur\u202f: 4 cm \u2013 profondeur\u202f:\u202f4,5 cm\u00a0<\/p>\n<p>The toad or frog (kaeru) is associated with good luck and wealth. Kaeru means both \u00ab\u00a0toad\u00a0\u00bb or \u00ab\u00a0frog\u00a0\u00bb and \u00ab\u00a0to come home\u00a0\u00bb in Japanese. This extension of meaning is due to the toad&rsquo;s ability to return each year to the pond of its birth. A gong in the shape of a toad can thus sometimes be used as a door hammer or to protect a house.\u00a0<\/p>\n<p>Signed below Rimu (\u68a8\u5922), probably from Iwami province.\u00a0<\/p>\n<p>Japan (probably Iwami province), Rimu \u2013 Edo period (1603-1868), early 19th century\u00a0<\/p>\n<p>Height:\u202f1.1 in \/\u202f2.8 cm \u2013 width: 1.6 in \/ 4 cm \u2013 depth:\u202f1.8 in \/ 4.5 cm\u00a0<\/p>\n","protected":false},"excerpt":{"rendered":"<p>Netsuke d\u2019un crapaud en bois, la gorge gonfl\u00e9e. R\u00e9alis\u00e9e enti\u00e8rement en buis, la peau est trait\u00e9e avec minutie, la pause naturaliste sugg\u00e8re que le crapaud coasse, la texture lisse du goitre contraste avec la texture irr\u00e9guli\u00e8re du reste de la peau. L&rsquo;expression du visage est tr\u00e8s amusante et imite celle d&rsquo;un vrai crapaud.<\/p>\n<p>Netsuke of a wooden toad with its throat swollen. Made entirely in boxwood, the skin is treated with detail, the naturalistic pause suggests that the toad is croaking, the smooth texture of the goiter contrasts with the uneven sensation on the rest of the skin. The facial expression is very amusing and mimics the one of a real toad.\u00a0<\/p>\n","protected":false},"featured_media":32057,"template":"","meta":[],"product_brand":[],"product_cat":[],"product_tag":[],"class_list":{"0":"post-32075","1":"product","2":"type-product","3":"status-publish","4":"has-post-thumbnail","6":"description-off","8":"first","9":"instock","10":"shipping-taxable","11":"product-type-simple"},"aioseo_notices":[],"_links":{"self":[{"href":"https:\/\/www.carrerivegauche.com\/fr\/wp-json\/wp\/v2\/product\/32075","targetHints":{"allow":["GET"]}}],"collection":[{"href":"https:\/\/www.carrerivegauche.com\/fr\/wp-json\/wp\/v2\/product"}],"about":[{"href":"https:\/\/www.carrerivegauche.com\/fr\/wp-json\/wp\/v2\/types\/product"}],"wp:featuredmedia":[{"embeddable":true,"href":"https:\/\/www.carrerivegauche.com\/fr\/wp-json\/wp\/v2\/media\/32057"}],"wp:attachment":[{"href":"https:\/\/www.carrerivegauche.com\/fr\/wp-json\/wp\/v2\/media?parent=32075"}],"wp:term":[{"taxonomy":"product_brand","embeddable":true,"href":"https:\/\/www.carrerivegauche.com\/fr\/wp-json\/wp\/v2\/product_brand?post=32075"},{"taxonomy":"product_cat","embeddable":true,"href":"https:\/\/www.carrerivegauche.com\/fr\/wp-json\/wp\/v2\/product_cat?post=32075"},{"taxonomy":"product_tag","embeddable":true,"href":"https:\/\/www.carrerivegauche.com\/fr\/wp-json\/wp\/v2\/product_tag?post=32075"}],"curies":[{"name":"wp","href":"https:\/\/api.w.org\/{rel}","templated":true}]}}