 

{"id":32056,"date":"2025-07-05T15:29:52","date_gmt":"2025-07-05T13:29:52","guid":{"rendered":"https:\/\/www.carrerivegauche.com\/boutique-crg\/netsuke-grand-hollandais-tenant-un-coq\/"},"modified":"2025-07-05T15:29:52","modified_gmt":"2025-07-05T13:29:52","slug":"netsuke-grand-hollandais-tenant-un-coq","status":"publish","type":"product","link":"https:\/\/www.carrerivegauche.com\/fr\/boutique-crg\/netsuke-grand-hollandais-tenant-un-coq\/","title":{"rendered":"Netsuke grand Hollandais tenant un coq"},"content":{"rendered":"<p>Les Hollandais sont souvent repr\u00e9sent\u00e9s tenant une trompette, un coq, un enfant ou un chien. La pr\u00e9sence du coq fait probablement r\u00e9f\u00e9rence au passe-temps des combats de coqs dans la soci\u00e9t\u00e9 hollandaise.\u00a0\u00a0<\/p>\n<p>\u00c9tant les seuls Europ\u00e9ens autoris\u00e9s \u00e0 entrer au Japon apr\u00e8s l\u2019expulsion des Portugais en 1639, les Hollandais ne sont connus des artistes netsuke que par ou\u00ef-dire et par les gravures sur bois de Nagasaki.\u00a0<\/p>\n<p>Japon \u2013\u202f\u00c9poque Edo (1603-1868), milieu du XVIIIe si\u00e8cle\u00a0<\/p>\n<p>Hauteur\u202f: 11 cm \u2013 largeur\u202f: 3 cm \u2013 profondeur\u202f: 1,7 cm\u00a0<\/p>\n<p>The Dutch are often represented holding a trumpet, a cock, a child or a dog, it was meant to evoke trade goods, but the presence of the rooster probably refers to the Dutch popular hobby of cockfighting.\u00a0<\/p>\n<p>Being the only Europeans allowed to enter Japan after the expulsion of the Portuguese in 1639, the Dutch are only known to netsuke carvers by rumors and representation made of them in Nagasaki.\u00a0<\/p>\n<p>Japan \u2013\u202fEdo era (1603-1868), mid XVIIIth century\u00a0<\/p>\n<p>Height: 11 cm \u2013 width: 3 cm \u2013 depth: 1,7 cm\u00a0<\/p>\n","protected":false},"excerpt":{"rendered":"<p>Netsuke en ivoire d\u2019une grande figure d\u2019Hollandais, debout, portant un chapeau \u00e0 plume de style chinois, avec une longue perruque boucl\u00e9e. Il est v\u00eatu d\u2019une culotte sous un manteau mi-cuisse avec des vagues de style chinois \u00e0 l\u2019ourlet, de bas, et porte des sabots. L\u2019homme tient dans ses main un coq.\u00a0\u00a0<br \/>Himot\u00f4shi (trous pour laisser passer le cordon) dans son dos.\u00a0<\/p>\n<p>Ivory netsuke of great dimension representing a standing dutchmen, with a Chinese feathered hat, he also has a typical curled wig. He is wearing breeches and clogs under a mid-thigh coat adorned with a Chinese motive of wave on the hem, he also as a cock in his arms.\u00a0\u00a0<br \/>Himot\u00f4shi (set of holes to pass the cordon of the inro) in its back.\u00a0<\/p>\n","protected":false},"featured_media":32041,"template":"","meta":[],"product_brand":[],"product_cat":[],"product_tag":[],"class_list":{"0":"post-32056","1":"product","2":"type-product","3":"status-publish","4":"has-post-thumbnail","6":"description-off","8":"first","9":"instock","10":"shipping-taxable","11":"product-type-simple"},"aioseo_notices":[],"_links":{"self":[{"href":"https:\/\/www.carrerivegauche.com\/fr\/wp-json\/wp\/v2\/product\/32056","targetHints":{"allow":["GET"]}}],"collection":[{"href":"https:\/\/www.carrerivegauche.com\/fr\/wp-json\/wp\/v2\/product"}],"about":[{"href":"https:\/\/www.carrerivegauche.com\/fr\/wp-json\/wp\/v2\/types\/product"}],"wp:featuredmedia":[{"embeddable":true,"href":"https:\/\/www.carrerivegauche.com\/fr\/wp-json\/wp\/v2\/media\/32041"}],"wp:attachment":[{"href":"https:\/\/www.carrerivegauche.com\/fr\/wp-json\/wp\/v2\/media?parent=32056"}],"wp:term":[{"taxonomy":"product_brand","embeddable":true,"href":"https:\/\/www.carrerivegauche.com\/fr\/wp-json\/wp\/v2\/product_brand?post=32056"},{"taxonomy":"product_cat","embeddable":true,"href":"https:\/\/www.carrerivegauche.com\/fr\/wp-json\/wp\/v2\/product_cat?post=32056"},{"taxonomy":"product_tag","embeddable":true,"href":"https:\/\/www.carrerivegauche.com\/fr\/wp-json\/wp\/v2\/product_tag?post=32056"}],"curies":[{"name":"wp","href":"https:\/\/api.w.org\/{rel}","templated":true}]}}