 

{"id":32040,"date":"2025-07-05T15:24:19","date_gmt":"2025-07-05T13:24:19","guid":{"rendered":"https:\/\/www.carrerivegauche.com\/boutique-crg\/table-gueridon-bois-sculpte-liberty\/"},"modified":"2025-07-05T15:24:19","modified_gmt":"2025-07-05T13:24:19","slug":"table-gueridon-bois-sculpte-liberty","status":"publish","type":"product","link":"https:\/\/www.carrerivegauche.com\/fr\/boutique-crg\/table-gueridon-bois-sculpte-liberty\/","title":{"rendered":"Table gu\u00e9ridon bois sculpt\u00e9 Liberty"},"content":{"rendered":"<p>Ce type de table a \u00e9t\u00e9 command\u00e9 par Liberty &amp; Co. situ\u00e9 \u00e0 Londres et sculpt\u00e9 \u00e0 la main au Japon. L\u2019entreprise a import\u00e9 des produits du Moyen-Orient et de l\u2019Orient en accord avec les principes de l\u2019Art &amp; Craft et de l\u2019Art Nouveau de la fin du XIXe si\u00e8cle.\u00a0<\/p>\n<p>Japon \u2013\u202f\u00c8re Meiji (1868-1912), vers 1900\u00a0<\/p>\n<p>Hauteur\u202f: 67 cm \u2013 diam\u00e8tre\u202f: 52 cm\u00a0\u00a0<\/p>\n<p>This type of table was commissioned by the London store Liberty &amp; Co. and carved-handed in Japan. The company imported products from the Middle East and the Orient following Art &amp; Craft and Art Nouveau styles of the late 19th century.\u00a0<\/p>\n<p>Japan \u2013\u202fMeiji era (1868-1912), near 1900\u00a0<\/p>\n<p>Height: 67 cm \u2013 diameter: 52 cm\u00a0\u00a0<\/p>\n","protected":false},"excerpt":{"rendered":"<p>Table gu\u00e9ridon en bois sculpt\u00e9 \u00e0 plateau circulaire chantourn\u00e9 avec d\u00e9cor de pivoines stylis\u00e9es. Le pi\u00e8tement est compos\u00e9 de trois pieds cambr\u00e9s \u00e0 enroulement \u00e0 d\u00e9cor de feuillage et de l\u2019entretoise \u00e0 d\u00e9cor de pivoines.\u00a0<\/p>\n<p>Carved wood pedestable table with circular scolled top decorated with stylized peonies. The base is composed of three curved legs with foliate scrolls and a spacer decoration with peonies.\u00a0<\/p>\n","protected":false},"featured_media":32019,"template":"","meta":[],"product_brand":[],"product_cat":[],"product_tag":[],"class_list":{"0":"post-32040","1":"product","2":"type-product","3":"status-publish","4":"has-post-thumbnail","6":"description-off","8":"first","9":"instock","10":"shipping-taxable","11":"product-type-simple"},"aioseo_notices":[],"_links":{"self":[{"href":"https:\/\/www.carrerivegauche.com\/fr\/wp-json\/wp\/v2\/product\/32040","targetHints":{"allow":["GET"]}}],"collection":[{"href":"https:\/\/www.carrerivegauche.com\/fr\/wp-json\/wp\/v2\/product"}],"about":[{"href":"https:\/\/www.carrerivegauche.com\/fr\/wp-json\/wp\/v2\/types\/product"}],"wp:featuredmedia":[{"embeddable":true,"href":"https:\/\/www.carrerivegauche.com\/fr\/wp-json\/wp\/v2\/media\/32019"}],"wp:attachment":[{"href":"https:\/\/www.carrerivegauche.com\/fr\/wp-json\/wp\/v2\/media?parent=32040"}],"wp:term":[{"taxonomy":"product_brand","embeddable":true,"href":"https:\/\/www.carrerivegauche.com\/fr\/wp-json\/wp\/v2\/product_brand?post=32040"},{"taxonomy":"product_cat","embeddable":true,"href":"https:\/\/www.carrerivegauche.com\/fr\/wp-json\/wp\/v2\/product_cat?post=32040"},{"taxonomy":"product_tag","embeddable":true,"href":"https:\/\/www.carrerivegauche.com\/fr\/wp-json\/wp\/v2\/product_tag?post=32040"}],"curies":[{"name":"wp","href":"https:\/\/api.w.org\/{rel}","templated":true}]}}