 

{"id":32018,"date":"2025-07-05T15:19:01","date_gmt":"2025-07-05T13:19:01","guid":{"rendered":"https:\/\/www.carrerivegauche.com\/boutique-crg\/paire-de-paravents-japon\/"},"modified":"2025-07-05T15:19:01","modified_gmt":"2025-07-05T13:19:01","slug":"paire-de-paravents-japon","status":"publish","type":"product","link":"https:\/\/www.carrerivegauche.com\/fr\/boutique-crg\/paire-de-paravents-japon\/","title":{"rendered":"Paire de paravents Japon"},"content":{"rendered":"<p>Le Kamo Kurabe-uma est une course de chevaux rituelle. Organis\u00e9e pour prier pour de bonnes r\u00e9coltes, la paix et la prosp\u00e9rit\u00e9, elle se d\u00e9roule dans le cadre de festivit\u00e9s religieuses pour honorer les divinit\u00e9s du sanctuaire Kamo dans le temple Kamigamo-jinja \u00e0 Kyoto et se tient le 5 mai de chaque ann\u00e9e. La course prend ses origines \u00e0 l\u2019\u00e9poque Heian, la premi\u00e8re \u00e9dition \u00e9tant en 1093.\u00a0\u00a0<\/p>\n<p>Au dos de chaque paravent se trouve une \u00e9tiquette sur laquelle est inscrit l\u2019\u00e9poque de fabrication, le sujet repr\u00e9sent\u00e9 et la signature de l\u2019artiste Tosa Mitsuyoshi (1539-1613, nom familier Gy\u00f4bu, nom de pinceau Ky \u00fbyoku, \u571f\u4f50\u5149\u5409). Peintre de la fin de l\u2019\u00e9poque Azuchi-Momoyama (1568-1600), et du d\u00e9but de l\u2019\u00e9poque Edo (1603-1868), il fait carri\u00e8re \u00e0 Sakai dans la pr\u00e9fecture d\u2019\u00d4saka et fait partie de l\u2019\u00e9cole Tosa.\u00a0<\/p>\n<p>L\u2019\u00e9cole Tosa se consacre au yamato-e, c\u2019est-\u00e0-dire aux sujets et techniques de l\u2019art japonais traditionnel. Ce style se distingue par ses repr\u00e9sentations d\u00e9taill\u00e9es de sc\u00e8nes de la cour, de la nature et de la litt\u00e9rature japonaise.\u00a0<\/p>\n<p>Fond\u00e9e au XVe si\u00e8cle, les membres de la famille Tosa occupent le poste de chef de l\u2019e-dokoro, le bureau de peinture \u00e0 la cour imp\u00e9riale de Kyoto. Cette charge h\u00e9r\u00e9ditaire conf\u00e8re aux Tosa un monopole artistique absolu aupr\u00e8s de la classe aristocratique et de la classe guerri\u00e8re.\u00a0<\/p>\n<p>Cependant au si\u00e8cle suivant, les troubles sociaux rendent de plus en plus pr\u00e9caire l\u2019existence des Tosa \u00e0 Kyoto. \u00c0 la mort de Tosa Mitsumoto (1530-1569), Tosa Mitsuyoshi perd le contact avec l\u2019e-dokoro imp\u00e9rial et shogunal et doit s\u2019installer \u00e0 Sakai, port de commerce dans la pr\u00e9fecture d\u2019Osaka. Il se place alors sous le patronage de riches marchands.\u00a0<\/p>\n<p>Plusieurs \u0153uvres de l\u2019artiste sont conserv\u00e9s dans des mus\u00e9es. Des Sc\u00e8nes du Dit du Genji se trouvent au Kyoto National Museum, au Sakai City Museum et au Metropolitan Museum of Art de New York.\u00a0<\/p>\n<p>Japon, Tosa Mitsuyoshi (1539-1613, \u00e9cole Tosa) \u2013 Fin \u00e9poque Azuchi-Momoyama (1568-1600) \/ d\u00e9but \u00e9poque Edo (1603-1868), fin XVIe \u2013 d\u00e9but XVIIe si\u00e8cle\u00a0<\/p>\n<p>Hauteur\u202f: 107 cm \u2013 Longueur\u202f: 269 cm (chacun)\u00a0<\/p>\n<p>The Kamo Kurabe-uma is a ritual horse race. Organized to pray for good harvests, peace and prosperity, it takes place as part of religious festivities to honor the deities of the Kamo shrine in Kyoto&rsquo;s Kamigamo-jinja temple and is held every year on May 5. The race has its origins in the Heian period, the first edition being held in 1093.\u00a0<\/p>\n<p>On the back of each screen is a label on which is written the period of manufacture, the subject represented and the signature of the artist Tosa Mitsuyoshi (1539-1613, colloquial name Gy\u00f4bu, brush name Ky \u00fbyoku, \u571f\u4f50\u5149\u5409). A painter of the late Azuchi-Momoyama (1568-1600) and early Edo (1603-1868) periods, he made his career in Sakai, Osaka prefecture, and was a member of the Tosa school.\u00a0<\/p>\n<p>The Tosa school was dedicated to yamato-e, the subjects and techniques of traditional Japanese art. This style is distinguished by its detailed depictions of scenes from the court, nature and Japanese literature.\u00a0<\/p>\n<p>Founded in the 15th century, members of the Tosa family held the position of head of the e-dokoro, the painting office at the imperial court in Kyoto. This hereditary position gave the Tosa an absolute artistic monopoly among the aristocratic and warrior classes.\u00a0<\/p>\n<p>However, in the following century, social unrest made the Tosa&rsquo;s existence in Kyoto increasingly precarious. On the death of Tosa Mitsumoto (1530-1569), Tosa Mitsuyoshi lost contact with the imperial and shogunal e-dokoro and had to settle in Sakai, a trading port in Osaka prefecture. He placed himself under the patronage of wealthy merchants.\u00a0<\/p>\n<p>Several of the artist&rsquo;s works are preserved in museums. Scenes from The Tale of Genji are in the Kyoto National Museum, the Sakai City Museum and the Metropolitan Museum of Art in New York.\u00a0<\/p>\n<p>Japan, Tosa Mitsuyoshi (1539-1613, Tosa school) \u2013 Late Azuchi-Momoyama (1568-1600) \/ early Edo (1603-1868) period, late 16th \u2013 early 17th century\u00a0<\/p>\n<p>Height: 42 in \/ 107 cm &#8211; length: 105 in \/ 269 cm (each) \u2013 length for the pair 540 in \/ 1143 cm\u00a0<\/p>\n","protected":false},"excerpt":{"rendered":"<p>Exceptionnelle paire de paravents comportant chacun six feuilles sur papier gaufr\u00e9 \u00e0 fond or \u00e0 d\u00e9cor de courses de chevaux, appel\u00e9es Kamo Kurabe-uma (ou Kamo Kurabeuma, \u52a0\u8302\u7af6\u99ac).\u00a0<\/p>\n<p>An exceptional pair of screens, each comprising six panels on gold-backed embossed paper decorated with horses races, called Kamo Kurabe-uma (ou Kamo Kurabeuma, \u52a0\u8302\u7af6\u99ac).\u00a0<\/p>\n","protected":false},"featured_media":31964,"template":"","meta":[],"product_brand":[],"product_cat":[],"product_tag":[],"class_list":{"0":"post-32018","1":"product","2":"type-product","3":"status-publish","4":"has-post-thumbnail","6":"description-off","8":"first","9":"instock","10":"shipping-taxable","11":"product-type-simple"},"aioseo_notices":[],"_links":{"self":[{"href":"https:\/\/www.carrerivegauche.com\/fr\/wp-json\/wp\/v2\/product\/32018","targetHints":{"allow":["GET"]}}],"collection":[{"href":"https:\/\/www.carrerivegauche.com\/fr\/wp-json\/wp\/v2\/product"}],"about":[{"href":"https:\/\/www.carrerivegauche.com\/fr\/wp-json\/wp\/v2\/types\/product"}],"wp:featuredmedia":[{"embeddable":true,"href":"https:\/\/www.carrerivegauche.com\/fr\/wp-json\/wp\/v2\/media\/31964"}],"wp:attachment":[{"href":"https:\/\/www.carrerivegauche.com\/fr\/wp-json\/wp\/v2\/media?parent=32018"}],"wp:term":[{"taxonomy":"product_brand","embeddable":true,"href":"https:\/\/www.carrerivegauche.com\/fr\/wp-json\/wp\/v2\/product_brand?post=32018"},{"taxonomy":"product_cat","embeddable":true,"href":"https:\/\/www.carrerivegauche.com\/fr\/wp-json\/wp\/v2\/product_cat?post=32018"},{"taxonomy":"product_tag","embeddable":true,"href":"https:\/\/www.carrerivegauche.com\/fr\/wp-json\/wp\/v2\/product_tag?post=32018"}],"curies":[{"name":"wp","href":"https:\/\/api.w.org\/{rel}","templated":true}]}}