 

{"id":31963,"date":"2025-07-05T15:04:58","date_gmt":"2025-07-05T13:04:58","guid":{"rendered":"https:\/\/www.carrerivegauche.com\/boutique-crg\/coq-en-bronze\/"},"modified":"2025-07-05T15:04:58","modified_gmt":"2025-07-05T13:04:58","slug":"coq-en-bronze","status":"publish","type":"product","link":"https:\/\/www.carrerivegauche.com\/fr\/boutique-crg\/coq-en-bronze\/","title":{"rendered":"Coq en bronze"},"content":{"rendered":"<p>Animal embl\u00e9matique du calendrier zodiacal chinois et japonais il est symbole de prosp\u00e9rit\u00e9 et apporterai une grande descendance. Dans le Kojiki (lit. \u00ab\u202fChronique des faits anciens\u202f\u00bb), recueil de mythes sur l\u2019origine du Japon, le coq parvient \u00e0 faire sortir la divinit\u00e9 solaire Amaterasu de sa grotte en employant son chant et un miroir magique. C\u2019est une des raisons pour lesquelles les coqs sont consid\u00e9r\u00e9s comme\u202fsacr\u00e9s au Japon, ce qui leur permet d\u2019errer librement et m\u00eame d\u2019entrer dans les temples shinto\u00efstes.\u00a0\u00a0<\/p>\n<p>Japon \u2013 \u00c8re Meiji (1868-1912)\u00a0<\/p>\n<p>Largeur\u202f: 8 cm \u2013 profondeur\u202f: 20 cm \u2013 hauteur\u202f: 11,8 cm\u00a0\u00a0<\/p>\n<p>An emblematic animal in the Chinese and Japanese zodiacal calendars, it is a symbol of prosperity and will bring great progeny. In the Kojiki (\u2018Chronicle of Ancient Facts\u2019), a collection of myths about the origins of Japan, the rooster manages to lure the solar deity Amaterasu out of her cave using his song and a magic mirror. This is one of the reasons why roosters are considered sacred in Japan, allowing them to roam freely and even enter Shinto temples.\u00a0<\/p>\n<p>Japan \u2013 Meiji era (1868-1912)\u00a0<\/p>\n<p>Width: 3.1 in (8 cm) \u2013 depth: 7.9 in (20 cm) \u2013 height: 4.3 in (11.8 cm)\u00a0<\/p>\n","protected":false},"excerpt":{"rendered":"<p>Sculpture okimono en bronze d\u2019un coq couch\u00e9 recouvert de patine brune lisse sur la majeure partie du corps et de d\u00e9tails textur\u00e9s dor\u00e9s sur la cr\u00eate, les barbillons, le bec et l\u2019extr\u00e9mit\u00e9 de la queue. Les d\u00e9tails grav\u00e9s permettent un rendu r\u00e9aliste de l\u2019animal.\u00a0<\/p>\n<p>Okimono bronze sculpture of a recumbent rooster with a smooth brown patina over most of the body and textured gold details on the crest, barbs, beak and tip of the tail. The engraved details give a realistic rendering of the animal.\u00a0<\/p>\n","protected":false},"featured_media":31945,"template":"","meta":[],"product_brand":[],"product_cat":[],"product_tag":[],"class_list":{"0":"post-31963","1":"product","2":"type-product","3":"status-publish","4":"has-post-thumbnail","6":"description-off","8":"first","9":"instock","10":"shipping-taxable","11":"product-type-simple"},"aioseo_notices":[],"_links":{"self":[{"href":"https:\/\/www.carrerivegauche.com\/fr\/wp-json\/wp\/v2\/product\/31963","targetHints":{"allow":["GET"]}}],"collection":[{"href":"https:\/\/www.carrerivegauche.com\/fr\/wp-json\/wp\/v2\/product"}],"about":[{"href":"https:\/\/www.carrerivegauche.com\/fr\/wp-json\/wp\/v2\/types\/product"}],"wp:featuredmedia":[{"embeddable":true,"href":"https:\/\/www.carrerivegauche.com\/fr\/wp-json\/wp\/v2\/media\/31945"}],"wp:attachment":[{"href":"https:\/\/www.carrerivegauche.com\/fr\/wp-json\/wp\/v2\/media?parent=31963"}],"wp:term":[{"taxonomy":"product_brand","embeddable":true,"href":"https:\/\/www.carrerivegauche.com\/fr\/wp-json\/wp\/v2\/product_brand?post=31963"},{"taxonomy":"product_cat","embeddable":true,"href":"https:\/\/www.carrerivegauche.com\/fr\/wp-json\/wp\/v2\/product_cat?post=31963"},{"taxonomy":"product_tag","embeddable":true,"href":"https:\/\/www.carrerivegauche.com\/fr\/wp-json\/wp\/v2\/product_tag?post=31963"}],"curies":[{"name":"wp","href":"https:\/\/api.w.org\/{rel}","templated":true}]}}