 

{"id":31925,"date":"2025-07-05T14:53:16","date_gmt":"2025-07-05T12:53:16","guid":{"rendered":"https:\/\/www.carrerivegauche.com\/boutique-crg\/maison-a-the-miniature-rankaku\/"},"modified":"2025-07-05T14:53:16","modified_gmt":"2025-07-05T12:53:16","slug":"maison-a-the-miniature-rankaku","status":"publish","type":"product","link":"https:\/\/www.carrerivegauche.com\/fr\/boutique-crg\/maison-a-the-miniature-rankaku\/","title":{"rendered":"Maison \u00e0 th\u00e9 miniature rankaku"},"content":{"rendered":"<p>Elle est compos\u00e9e de plusieurs compartiments et plateaux au niveau du toit, des murs s\u2019ouvrant au centre avec un fermoir en \u00e9tain, et de la base.\u00a0<\/p>\n<p>Japon \u2013 \u00c8re Meiji (1868-1912)\u00a0<\/p>\n<p>Hauteur\u202f:\u202f19 cm \u2013 largeur\u202f: 14 cm \u2013 profondeur\u202f:\u202f10 cm\u00a0<\/p>\n<p>It has several compartments and trays on the roof, walls and base. Walls opening in the center with a pewter clasp.\u00a0<\/p>\n<p>Provenance\u202f: Maria Pergay\u00a0<\/p>\n<p>Japan \u2013 Meiji era (1868-1912)\u00a0<\/p>\n<p>Height:\u202f19 cm \u2013 width: 14 cm \u2013 depth:\u202f10 cm\u00a0<\/p>\n","protected":false},"excerpt":{"rendered":"<p>Maison \u00e0 th\u00e9 miniature \u00e0 motif de grues et de bambou en laque noir et or takamaki-e sur fond rankaku (incrustations de coquilles d\u2019\u0153ufs).\u00a0<\/p>\n<p>Miniature tea house with a crane and bamboo motif in black and gold takamaki-e lacquer on a rankaku (eggshell inlay) base.<\/p>\n","protected":false},"featured_media":31886,"template":"","meta":[],"product_brand":[],"product_cat":[],"product_tag":[],"class_list":{"0":"post-31925","1":"product","2":"type-product","3":"status-publish","4":"has-post-thumbnail","6":"description-off","8":"first","9":"instock","10":"shipping-taxable","11":"product-type-simple"},"aioseo_notices":[],"_links":{"self":[{"href":"https:\/\/www.carrerivegauche.com\/fr\/wp-json\/wp\/v2\/product\/31925","targetHints":{"allow":["GET"]}}],"collection":[{"href":"https:\/\/www.carrerivegauche.com\/fr\/wp-json\/wp\/v2\/product"}],"about":[{"href":"https:\/\/www.carrerivegauche.com\/fr\/wp-json\/wp\/v2\/types\/product"}],"wp:featuredmedia":[{"embeddable":true,"href":"https:\/\/www.carrerivegauche.com\/fr\/wp-json\/wp\/v2\/media\/31886"}],"wp:attachment":[{"href":"https:\/\/www.carrerivegauche.com\/fr\/wp-json\/wp\/v2\/media?parent=31925"}],"wp:term":[{"taxonomy":"product_brand","embeddable":true,"href":"https:\/\/www.carrerivegauche.com\/fr\/wp-json\/wp\/v2\/product_brand?post=31925"},{"taxonomy":"product_cat","embeddable":true,"href":"https:\/\/www.carrerivegauche.com\/fr\/wp-json\/wp\/v2\/product_cat?post=31925"},{"taxonomy":"product_tag","embeddable":true,"href":"https:\/\/www.carrerivegauche.com\/fr\/wp-json\/wp\/v2\/product_tag?post=31925"}],"curies":[{"name":"wp","href":"https:\/\/api.w.org\/{rel}","templated":true}]}}