 

{"id":31885,"date":"2025-07-04T11:42:33","date_gmt":"2025-07-04T09:42:33","guid":{"rendered":"https:\/\/www.carrerivegauche.com\/boutique-crg\/table-de-salle-a-manger-par-giusto-purini-et-maurizio-mariani-editions-vivai-del-sud-rome-italie-vers-1970\/"},"modified":"2025-11-27T13:35:31","modified_gmt":"2025-11-27T12:35:31","slug":"table-de-salle-a-manger-par-giusto-purini-et-maurizio-mariani-editions-vivai-del-sud-rome-italie-vers-1970","status":"publish","type":"product","link":"https:\/\/www.carrerivegauche.com\/fr\/boutique-crg\/table-de-salle-a-manger-par-giusto-purini-et-maurizio-mariani-editions-vivai-del-sud-rome-italie-vers-1970\/","title":{"rendered":"Table de salle \u00e0 manger, par Giusto Purini et Maurizio Mariani, \u00c9ditions Vivai Del Sud, Rome, Italie, vers 1970"},"content":{"rendered":"<p>Table haute constitu\u00e9 d\u2019un tr\u00e8s joli pi\u00e8tement octogonal recouvert de bambou fendu, et d\u2019un plateau rond en glace claire.<br \/>Le plateau est simplement pos\u00e9 sur le pied et il peut \u00eatre chang\u00e9 pour un plateau plus petit ou plus grand.<br \/>Le pi\u00e8tement porte une plaque de laiton avec la marque \u00ab Vivai Del Sud, Architettura dei Giardini, Roma modello depositato \u00bb.<\/p>\n<p>A high table with an attractive octagonal base covered in split bamboo, and a round top in clear glass.<br \/>The top is simply placed on the base and can be changed for a smaller or larger top.<br \/>The base bears a brass plate with the mark \u201cVivai Del Sud, Architettura dei Giardini, Roma modello depositato\u201d.<\/p>\n","protected":false},"excerpt":{"rendered":"<h3 class=\"product-title\">Dining room table by <a href=\"https:\/\/galerie-canavese.com\/en\/category\/tables\/?taxo=designer&amp;id=774\">Giusto Purini et Maurizio Mariani<\/a>,  Editions <a href=\"https:\/\/galerie-canavese.com\/en\/category\/tables\/?taxo=edition&amp;id=773\">Vivai Del Sud<\/a><br \/><em class=\"title_town\"><a href=\"https:\/\/galerie-canavese.com\/en\/category\/tables\/?taxo=town&amp;id=624\">Rome<\/a><\/em>, <em class=\"title_country\"><a href=\"https:\/\/galerie-canavese.com\/en\/category\/tables\/?taxo=country&amp;id=37\">Italy<\/a><\/em>, <em class=\"date_country\"> circa <a href=\"https:\/\/galerie-canavese.com\/en\/category\/tables\/?taxo=year&amp;id=181&amp;mod=1970\">1970<\/a><\/em><\/h3><\/p>\n","protected":false},"featured_media":31861,"template":"","meta":[],"product_brand":[],"product_cat":[],"product_tag":[],"class_list":{"0":"post-31885","1":"product","2":"type-product","3":"status-publish","4":"has-post-thumbnail","6":"description-off","8":"first","9":"instock","10":"shipping-taxable","11":"product-type-simple"},"aioseo_notices":[],"_links":{"self":[{"href":"https:\/\/www.carrerivegauche.com\/fr\/wp-json\/wp\/v2\/product\/31885","targetHints":{"allow":["GET"]}}],"collection":[{"href":"https:\/\/www.carrerivegauche.com\/fr\/wp-json\/wp\/v2\/product"}],"about":[{"href":"https:\/\/www.carrerivegauche.com\/fr\/wp-json\/wp\/v2\/types\/product"}],"wp:featuredmedia":[{"embeddable":true,"href":"https:\/\/www.carrerivegauche.com\/fr\/wp-json\/wp\/v2\/media\/31861"}],"wp:attachment":[{"href":"https:\/\/www.carrerivegauche.com\/fr\/wp-json\/wp\/v2\/media?parent=31885"}],"wp:term":[{"taxonomy":"product_brand","embeddable":true,"href":"https:\/\/www.carrerivegauche.com\/fr\/wp-json\/wp\/v2\/product_brand?post=31885"},{"taxonomy":"product_cat","embeddable":true,"href":"https:\/\/www.carrerivegauche.com\/fr\/wp-json\/wp\/v2\/product_cat?post=31885"},{"taxonomy":"product_tag","embeddable":true,"href":"https:\/\/www.carrerivegauche.com\/fr\/wp-json\/wp\/v2\/product_tag?post=31885"}],"curies":[{"name":"wp","href":"https:\/\/api.w.org\/{rel}","templated":true}]}}