 

{"id":31788,"date":"2025-07-04T11:05:34","date_gmt":"2025-07-04T09:05:34","guid":{"rendered":"https:\/\/www.carrerivegauche.com\/boutique-crg\/paire-de-fauteuils-allemagne-ou-france-vers-1960-1970\/"},"modified":"2025-11-27T13:29:29","modified_gmt":"2025-11-27T12:29:29","slug":"paire-de-fauteuils-allemagne-ou-france-vers-1960-1970","status":"publish","type":"product","link":"https:\/\/www.carrerivegauche.com\/fr\/boutique-crg\/paire-de-fauteuils-allemagne-ou-france-vers-1960-1970\/","title":{"rendered":"Paire de fauteuils, Allemagne ou France, vers 1960 \/ 1970"},"content":{"rendered":"<p>Paire de fauteuils des ann\u00e9es 1960, enti\u00e8rement recouverts de plaques<br \/>d\u2019aluminium polies miroir rivet\u00e9es \u00e0 une structure en bois.<br \/>L\u2019aluminium a \u00e9t\u00e9 repoli, la garniture enti\u00e8rement refaite et recouverte de cuir blanc cass\u00e9 avec passepoils et piq\u00fbres sellier.<br \/>Designer non identifi\u00e9.<\/p>\n<p>Trois paires sont disponibles.<\/p>\n<p>Pair of 1960s armchairs, entirely upholstered in mirror-polished aluminum plates, riveted to a wooden frame.<br \/>The aluminum has been repolished, the upholstery completely redone and<br \/>covered in off-white leather with piping and saddle-stitching.<br \/>Unidentified designer.<\/p>\n<p>Three pairs available.<\/p>\n","protected":false},"excerpt":{"rendered":"<p><span class=\"title\">Pair of aluminum armchairs, <em class=\"title_country\"><a href=\"https:\/\/galerie-canavese.com\/en\/category\/sieges\/fauteuils\/?taxo=country&amp;id=229\" data-mce-href=\"https:\/\/galerie-canavese.com\/en\/category\/sieges\/fauteuils\/?taxo=country&amp;id=229\">Germany<\/a> or <a href=\"https:\/\/galerie-canavese.com\/en\/category\/sieges\/fauteuils\/?taxo=country&amp;id=30\" data-mce-href=\"https:\/\/galerie-canavese.com\/en\/category\/sieges\/fauteuils\/?taxo=country&amp;id=30\">France<\/a><\/em>, <em class=\"date_country\"> circa <a href=\"https:\/\/galerie-canavese.com\/en\/category\/sieges\/fauteuils\/?taxo=year&amp;id=174&amp;mod=1960\" data-mce-href=\"https:\/\/galerie-canavese.com\/en\/category\/sieges\/fauteuils\/?taxo=year&amp;id=174&amp;mod=1960\">1960<\/a> \/ <a href=\"https:\/\/galerie-canavese.com\/en\/category\/sieges\/fauteuils\/?taxo=year&amp;id=181&amp;mod=1970\" data-mce-href=\"https:\/\/galerie-canavese.com\/en\/category\/sieges\/fauteuils\/?taxo=year&amp;id=181&amp;mod=1970\">1970<\/a><\/em><\/span><br data-mce-bogus=\"1\"><\/p>\n","protected":false},"featured_media":31761,"template":"","meta":[],"product_brand":[],"product_cat":[],"product_tag":[],"class_list":{"0":"post-31788","1":"product","2":"type-product","3":"status-publish","4":"has-post-thumbnail","6":"description-off","8":"first","9":"instock","10":"shipping-taxable","11":"product-type-simple"},"aioseo_notices":[],"_links":{"self":[{"href":"https:\/\/www.carrerivegauche.com\/fr\/wp-json\/wp\/v2\/product\/31788","targetHints":{"allow":["GET"]}}],"collection":[{"href":"https:\/\/www.carrerivegauche.com\/fr\/wp-json\/wp\/v2\/product"}],"about":[{"href":"https:\/\/www.carrerivegauche.com\/fr\/wp-json\/wp\/v2\/types\/product"}],"wp:featuredmedia":[{"embeddable":true,"href":"https:\/\/www.carrerivegauche.com\/fr\/wp-json\/wp\/v2\/media\/31761"}],"wp:attachment":[{"href":"https:\/\/www.carrerivegauche.com\/fr\/wp-json\/wp\/v2\/media?parent=31788"}],"wp:term":[{"taxonomy":"product_brand","embeddable":true,"href":"https:\/\/www.carrerivegauche.com\/fr\/wp-json\/wp\/v2\/product_brand?post=31788"},{"taxonomy":"product_cat","embeddable":true,"href":"https:\/\/www.carrerivegauche.com\/fr\/wp-json\/wp\/v2\/product_cat?post=31788"},{"taxonomy":"product_tag","embeddable":true,"href":"https:\/\/www.carrerivegauche.com\/fr\/wp-json\/wp\/v2\/product_tag?post=31788"}],"curies":[{"name":"wp","href":"https:\/\/api.w.org\/{rel}","templated":true}]}}