 

{"id":31719,"date":"2025-07-03T16:01:43","date_gmt":"2025-07-03T14:01:43","guid":{"rendered":"https:\/\/www.carrerivegauche.com\/boutique-crg\/coffret-en-bois-de-spa-et-nacre-epoque-louis-xiv\/"},"modified":"2026-02-18T14:38:46","modified_gmt":"2026-02-18T13:38:46","slug":"coffret-en-bois-de-spa-et-nacre-epoque-louis-xiv","status":"publish","type":"product","link":"https:\/\/www.carrerivegauche.com\/fr\/boutique-crg\/coffret-en-bois-de-spa-et-nacre-epoque-louis-xiv\/","title":{"rendered":"Coffret en bois de spa et nacre epoque Louis XIV"},"content":{"rendered":"<p>Tout autour de cette couronne \u00e9clatante, de gracieux oiseaux picorent le raisin, tandis que papillons et abeilles butinent tulipes et tournesols.<\/p>\n<p>Aux quatre coins, des m\u00e9daillons en nacre orn\u00e9s d&rsquo;une frise florale sont dispos\u00e9s. Entre chaque paire de m\u00e9daillons, en parfaite sym\u00e9trie, s&rsquo;\u00e9panouit un d\u00e9licat bouquet de fleurs.<\/p>\n<p>L\u2019artiste a mis en valeur cette composition exceptionnelle en l\u2019encadrant d\u2019une frise orn\u00e9e de bourgeons et de lignes entrelac\u00e9es.<\/p>\n<p>Enfin, les c\u00f4t\u00e9s sont d\u00e9licatement d\u00e9cor\u00e9s de vases d&rsquo;o\u00f9 s&rsquo;\u00e9panouissent de magnifiques frises, agr\u00e9ment\u00e9es de tulipes rouges et de pivoines. Sur chaque c\u00f4t\u00e9, le graveur reproduit une frise orn\u00e9e de petits boutons floraux et de motifs entrelac\u00e9s que l\u2019on trouve sur le dessus du coffre.<\/p>\n<p>Au milieu du XVII\u00e8me si\u00e8cle, la ville de Spa de la r\u00e9gion des Ardennes en Belgique, r\u00e9put\u00e9e pour ses eaux ferrugineuses -connue depuis l\u2019antiquit\u00e9- devient endroit incontournable.<\/p>\n<p>Les premiers curistes, appel\u00e9 \u00ab bobelins \u00bb se pressent dans la vingtaine de sources de la ville et de ses alentours, aux vertus gu\u00e9risseuses.<\/p>\n<p>Les premiers objets en bois de pas, (datant d\u2019environ 1640) sont des bordons \u2013 b\u00e2toen ou canne dans le patois de la r\u00e9gion- qui aident ses gentilshommes et dames a \u00e0 se remettre. Ils sont grav\u00e9s et d\u00e9cor\u00e9s de nacre.<\/p>\n<p>Ainsi se d\u00e9veloppe un artisanat d\u2019objets vari\u00e9s et de toilettes, puis de bo\u00eetes et de coffrets, de plus en plus techniques et \u00e9poustouflant.<\/p>\n<p>Ces objets sont appel\u00e9s \u00ab\u00a0Bois de Spa\u00a0\u00bb ou \u00ab\u00a0Jolit\u00e9s de Spa\u00a0\u00bb.<\/p>\n<p>Les motifs des objets marquet\u00e9s s&rsquo;inspiraient des travaux de Charles le Brun et de Jean B\u00e9rain et comprenaient souvent des \u00e9l\u00e9ments de blasons ou de cornes d&rsquo;abondance avec des guirlandes ornementales port\u00e9es par des putti et autres motifs floraux.<\/p>\n","protected":false},"excerpt":{"rendered":"<p>Bo\u00eete \u00e0 la d\u00e9coration tr\u00e8s riche et \u00e9labor\u00e9e, filet de laiton et nacre grav\u00e9e, d\u2019\u00e9poque Louis XIV.<\/p>\n<p>Au centre du couvercle, un \u00e9cu en nacre occupe une place centrale, orn\u00e9 en son milieu d\u2019un paysage repr\u00e9sentant une maison.<\/p>\n<p>Autour de cet \u00e9cu, une frise se d\u00e9ploie en six sc\u00e8nes illustrant une chasse. On y voit des chiens , probablement ceux du propri\u00e9taire de la maison, bien que celui-ci ne soit pas visible, pourchassant des lapins, un renard et des cerfs.<br \/>Une couronne de fleurs en nacre teint\u00e9e encadre d\u00e9licatement cet \u00e9cu central.<\/p>\n<p>Des tulipes et des pivoines aux nuances rouges, des tournesols en nacre verte, ainsi que des jonquilles et des feuilles d\u2019acanthe viennent enrichir cette composition avec finesse.<\/p>\n<p>Tout autour de cette couronne \u00e9clatante, de gracieux oiseaux picorent le raisin, tandis que papillons et abeilles butinent tulipes et tournesols.<\/p>\n<p>Aux quatre coins, des m\u00e9daillons en nacre orn\u00e9s d&rsquo;une frise florale sont dispos\u00e9s. Entre chaque paire de m\u00e9daillons, en parfaite sym\u00e9trie, s&rsquo;\u00e9panouit un d\u00e9licat bouquet de fleurs.<br \/>L\u2019artiste a mis en valeur cette composition exceptionnelle en l\u2019encadrant d\u2019une frise orn\u00e9e de bourgeons et de lignes entrelac\u00e9es.<\/p>\n<p>Enfin, les c\u00f4t\u00e9s sont d\u00e9licatement d\u00e9cor\u00e9s de vases d&rsquo;o\u00f9 s&rsquo;\u00e9panouissent de magnifiques frises, agr\u00e9ment\u00e9es de tulipes rouges et de pivoines. Sur chaque c\u00f4t\u00e9, le graveur reproduit une frise orn\u00e9e de petits boutons floraux et de motifs entrelac\u00e9s que l\u2019on trouve sur le dessus du coffre.<\/p>\n","protected":false},"featured_media":31671,"template":"","meta":[],"product_brand":[],"product_cat":[],"product_tag":[],"class_list":{"0":"post-31719","1":"product","2":"type-product","3":"status-publish","4":"has-post-thumbnail","6":"description-off","8":"first","9":"instock","10":"shipping-taxable","11":"purchasable","12":"product-type-simple"},"aioseo_notices":[],"_links":{"self":[{"href":"https:\/\/www.carrerivegauche.com\/fr\/wp-json\/wp\/v2\/product\/31719","targetHints":{"allow":["GET"]}}],"collection":[{"href":"https:\/\/www.carrerivegauche.com\/fr\/wp-json\/wp\/v2\/product"}],"about":[{"href":"https:\/\/www.carrerivegauche.com\/fr\/wp-json\/wp\/v2\/types\/product"}],"wp:featuredmedia":[{"embeddable":true,"href":"https:\/\/www.carrerivegauche.com\/fr\/wp-json\/wp\/v2\/media\/31671"}],"wp:attachment":[{"href":"https:\/\/www.carrerivegauche.com\/fr\/wp-json\/wp\/v2\/media?parent=31719"}],"wp:term":[{"taxonomy":"product_brand","embeddable":true,"href":"https:\/\/www.carrerivegauche.com\/fr\/wp-json\/wp\/v2\/product_brand?post=31719"},{"taxonomy":"product_cat","embeddable":true,"href":"https:\/\/www.carrerivegauche.com\/fr\/wp-json\/wp\/v2\/product_cat?post=31719"},{"taxonomy":"product_tag","embeddable":true,"href":"https:\/\/www.carrerivegauche.com\/fr\/wp-json\/wp\/v2\/product_tag?post=31719"}],"curies":[{"name":"wp","href":"https:\/\/api.w.org\/{rel}","templated":true}]}}