 

{"id":31670,"date":"2025-07-03T15:56:32","date_gmt":"2025-07-03T13:56:32","guid":{"rendered":"https:\/\/www.carrerivegauche.com\/boutique-crg\/gouache-le-14-juillet-a-marseille-par-marius-barret\/"},"modified":"2026-02-18T14:40:37","modified_gmt":"2026-02-18T13:40:37","slug":"gouache-le-14-juillet-a-marseille-par-marius-barret","status":"publish","type":"product","link":"https:\/\/www.carrerivegauche.com\/fr\/boutique-crg\/gouache-le-14-juillet-a-marseille-par-marius-barret\/","title":{"rendered":"Gouache, Le 14 Juillet \u00e0 Marseille par Marius BARRET"},"content":{"rendered":"<p data-start=\"770\" data-end=\"1099\">Sa carri\u00e8re est marqu\u00e9e par une reconnaissance officielle\u202f: il obtient en 1923 une mention honorable, puis en 1928 une m\u00e9daille d\u2019argent au Salon des Artistes Fran\u00e7ais.<br \/>Il expose notamment \u00e0 l\u2019Exposition du Livre d\u2019Art \u00e0 Paris et \u00e0 l\u2019Exposition de la Soci\u00e9t\u00e9 artistique de la gravure sur bois<\/p>\n<p data-start=\"1101\" data-end=\"1258\">Son \u0153uvre t\u00e9moigne d\u2019un subtil \u00e9quilibre entre l\u2019h\u00e9ritage acad\u00e9mique et une ouverture aux courants modernes, \u00e0 mi-chemin entre r\u00e9alisme et impressionnisme.<\/p>\n<p data-start=\"1260\" data-end=\"1337\">Dans cette gouache lumineuse, Marius Barret capte toute la magie d\u2019un feu d\u2019artifice sur le Vieux-Port de Marseille.<br \/>Sa touche vive et fragment\u00e9e fait scintiller la surface de l\u2019eau et le ciel, avec\u00a0 myriade de points lumineux en mouvement.<br \/>Les couleurs pures et \u00e9clatantes, juxtapos\u00e9es sans m\u00e9lange, \u00e9voquent l\u2019\u00e9merveillement populaire et nous renvoie au d\u00e9but du divisionisme et du pointillisme.<br \/>La foule, rendue par des silhouettes sombres, contraste avec la clart\u00e9 vibrante des guirlandes et des fus\u00e9es.<\/p>\n<p data-start=\"1260\" data-end=\"1337\">L&rsquo;artiste se fait \u00e0 la fois pr\u00e9cis dans la construction de l\u2019espace, et audacieux dans l\u2019usage de la couleur et de la touche pour traduire la vie populaire et l\u2019\u00e9merveillement.<\/p>\n","protected":false},"excerpt":{"rendered":"<p data-start=\"148\" data-end=\"520\">Marius BARRET (1865-1929)<\/p>\n<p data-start=\"148\" data-end=\"520\">Marius Barret na\u00eet en 1865 \u00e0 Marseille, dans une famille d\u2019artisans.<br \/>Tr\u00e8s t\u00f4t attir\u00e9 par le dessin, il se forme \u00e0 l\u2019\u00c9cole des Beaux-Arts de Marseille, o\u00f9 il est l\u2019\u00e9l\u00e8ve de Dominique-Antoine Magaud, de Rapha\u00ebl Collin et Jean-Baptiste Olive.<br \/>La diversit\u00e9 de ses enseignements am\u00e8ne le jeune Marius a d\u00e9velopper un style personnel m\u00ealant pr\u00e9cision du trait et sensibilit\u00e9 picturale.<\/p>\n<p data-start=\"522\" data-end=\"768\">Peintre de portraits,\u00a0 de paysages provencaux &#8230;Marius Barret s\u2019illustre \u00e9galement comme graveur sur bois et \u00e0 l\u2019eau-forte.<\/p>\n<p data-start=\"1260\" data-end=\"1337\"><\/p>\n","protected":false},"featured_media":31655,"template":"","meta":[],"product_brand":[],"product_cat":[],"product_tag":[],"class_list":{"0":"post-31670","1":"product","2":"type-product","3":"status-publish","4":"has-post-thumbnail","6":"description-off","8":"first","9":"instock","10":"shipping-taxable","11":"purchasable","12":"product-type-simple"},"aioseo_notices":[],"_links":{"self":[{"href":"https:\/\/www.carrerivegauche.com\/fr\/wp-json\/wp\/v2\/product\/31670","targetHints":{"allow":["GET"]}}],"collection":[{"href":"https:\/\/www.carrerivegauche.com\/fr\/wp-json\/wp\/v2\/product"}],"about":[{"href":"https:\/\/www.carrerivegauche.com\/fr\/wp-json\/wp\/v2\/types\/product"}],"wp:featuredmedia":[{"embeddable":true,"href":"https:\/\/www.carrerivegauche.com\/fr\/wp-json\/wp\/v2\/media\/31655"}],"wp:attachment":[{"href":"https:\/\/www.carrerivegauche.com\/fr\/wp-json\/wp\/v2\/media?parent=31670"}],"wp:term":[{"taxonomy":"product_brand","embeddable":true,"href":"https:\/\/www.carrerivegauche.com\/fr\/wp-json\/wp\/v2\/product_brand?post=31670"},{"taxonomy":"product_cat","embeddable":true,"href":"https:\/\/www.carrerivegauche.com\/fr\/wp-json\/wp\/v2\/product_cat?post=31670"},{"taxonomy":"product_tag","embeddable":true,"href":"https:\/\/www.carrerivegauche.com\/fr\/wp-json\/wp\/v2\/product_tag?post=31670"}],"curies":[{"name":"wp","href":"https:\/\/api.w.org\/{rel}","templated":true}]}}