 

{"id":31632,"date":"2025-07-03T15:49:04","date_gmt":"2025-07-03T13:49:04","guid":{"rendered":"https:\/\/www.carrerivegauche.com\/boutique-crg\/huile-sur-toile-lenfant-prodigue-par-henry-mosler-1879\/"},"modified":"2025-07-03T15:49:04","modified_gmt":"2025-07-03T13:49:04","slug":"huile-sur-toile-lenfant-prodigue-par-henry-mosler-1879","status":"publish","type":"product","link":"https:\/\/www.carrerivegauche.com\/fr\/boutique-crg\/huile-sur-toile-lenfant-prodigue-par-henry-mosler-1879\/","title":{"rendered":"Huile sur toile, L&rsquo;enfant prodigue par Henry MOSLER 1879"},"content":{"rendered":"<p>Henry Mosler est un peintre, graveur et illustrateur am\u00e9ricain,<br \/>n\u00e9 dans l\u2019ancienne Sil\u00e9sie allemande, aujourd\u2019hui situ\u00e9e en Pologne.<\/p>\n<p>D\u00e8s son adolescence, Henry se passionne pour l\u2019art.<br \/>Ses parents acceptent qu\u2019il devienne apprenti chez un graveur sur bois. Aupr\u00e8s de ce dernier, il acquiert les bases de la gravure ainsi que les rudiments de la peinture.<\/p>\n<p>De 1859 \u00e0 1861, il suit l&rsquo;enseignement de Henry Beard, peintre portraitiste et paysagiste d&rsquo;orientation naturaliste et classique. Cette influence marquera durablement ses \u0153uvres.<\/p>\n<p>Apr\u00e8s le conflit, Henry part \u00e0 D\u00fcsseldorf pour trois ann\u00e9es d\u2019\u00e9tudes \u00e0 l\u2019Acad\u00e9mie Royale, avant de poursuivre sa formation aux Beaux-Arts de Paris.<\/p>\n<p>En 1866, il retourne \u00e0 Cincinnati \u00a0et entame une carri\u00e8re de portraitiste.<br \/>Cependant, l\u2019Europe lui manque.<br \/>En 1874, install\u00e9 \u00e0 Munich, il obtient une m\u00e9daille.<\/p>\n<p>C\u2019est toutefois en France que son talent sera pleinement consacr\u00e9, avec plusieurs r\u00e9compenses.<\/p>\n<p>Il re\u00e7oit ensuite une m\u00e9daille d\u2019argent au Salon de Paris en 1889,<br \/>ainsi qu\u2019une m\u00e9daille d\u2019or en 1888\u2026.<\/p>\n<p>Les collectionneurs et les institutions publiques appr\u00e9cient particuli\u00e8rement les travaux que Mosler\u00a0 r\u00e9alisent sur la Bretagne.<\/p>\n<p>Durant cinq ans, \u00a0il parcourt la r\u00e9gion de Pont-Aven, peignant des sc\u00e8nes rurales d&rsquo;un r\u00e9alisme saisissant.<\/p>\n<p>Le peintre\u00a0 s&rsquo;inscrit dans la mouvance artistique de la fin du XIXe si\u00e8cle faisant l&rsquo;\u00e9loge la vie rurale et de ses valeurs profondes \u00a0face \u00e0 la mont\u00e9e de l&rsquo;urbanisme et de l&rsquo;industrialisation.<\/p>\n","protected":false},"excerpt":{"rendered":"<p>Henry Mosler 1841-1920<\/p>\n<p>Notre oeuvre est une \u00e9tude pour \u00ab\u00a0L&rsquo;enfant prodigue\u00a0\u00bb ex\u00e9cut\u00e9e par Henry Mosler en 1879.<br \/>Elle est dat\u00e9e de ka m\u00eame ann\u00e9e, situ\u00e9e \u00e0 Paris et d\u00e9dicac\u00e9e.<\/p>\n<p><span class=\"relative -mx-px my-[-0.2rem] rounded px-px py-[0.2rem] transition-colors duration-100 ease-in-out\">L\u0153uvre originale r\u00e9alis\u00e9e en 1879, a \u00e9t\u00e9 achet\u00e9e par l&rsquo;\u00c9tat pour le mus\u00e9e du Luxembourg,<br \/>marquant ainsi la premi\u00e8re acquisition officielle d&rsquo;un tableau d&rsquo;un artiste am\u00e9ricain par une institution fran\u00e7aise.<\/span><br \/><span class=\"relative -mx-px my-[-0.2rem] rounded px-px py-[0.2rem] transition-colors duration-100 ease-in-out\">Par la suite, elle a \u00e9t\u00e9 d\u00e9pos\u00e9e au Mus\u00e9e d\u00e9partemental breton de Quimper.<br \/><\/span><br \/><span class=\"relative -mx-px my-[-0.2rem] rounded px-px py-[0.2rem] transition-colors duration-100 ease-in-out\">Des \u00e9tudes pr\u00e9paratoires de cette peinture, telles que <em data-start=\"55\" data-end=\"79\">Jeune homme agenouill\u00e9<\/em> et <em data-start=\"83\" data-end=\"136\">Pr\u00eatre debout, \u00e9cartant un rideau de la main droite<\/em>, sont conserv\u00e9es au d\u00e9partement des Arts graphiques du mus\u00e9e du Louvre.\u00a0<\/span><\/p>\n<p>\u00a0<\/p>\n","protected":false},"featured_media":31614,"template":"","meta":[],"product_brand":[],"product_cat":[],"product_tag":[],"class_list":{"0":"post-31632","1":"product","2":"type-product","3":"status-publish","4":"has-post-thumbnail","6":"description-off","8":"first","9":"instock","10":"shipping-taxable","11":"product-type-simple"},"aioseo_notices":[],"_links":{"self":[{"href":"https:\/\/www.carrerivegauche.com\/fr\/wp-json\/wp\/v2\/product\/31632","targetHints":{"allow":["GET"]}}],"collection":[{"href":"https:\/\/www.carrerivegauche.com\/fr\/wp-json\/wp\/v2\/product"}],"about":[{"href":"https:\/\/www.carrerivegauche.com\/fr\/wp-json\/wp\/v2\/types\/product"}],"wp:featuredmedia":[{"embeddable":true,"href":"https:\/\/www.carrerivegauche.com\/fr\/wp-json\/wp\/v2\/media\/31614"}],"wp:attachment":[{"href":"https:\/\/www.carrerivegauche.com\/fr\/wp-json\/wp\/v2\/media?parent=31632"}],"wp:term":[{"taxonomy":"product_brand","embeddable":true,"href":"https:\/\/www.carrerivegauche.com\/fr\/wp-json\/wp\/v2\/product_brand?post=31632"},{"taxonomy":"product_cat","embeddable":true,"href":"https:\/\/www.carrerivegauche.com\/fr\/wp-json\/wp\/v2\/product_cat?post=31632"},{"taxonomy":"product_tag","embeddable":true,"href":"https:\/\/www.carrerivegauche.com\/fr\/wp-json\/wp\/v2\/product_tag?post=31632"}],"curies":[{"name":"wp","href":"https:\/\/api.w.org\/{rel}","templated":true}]}}